{"id":249144,"date":"2023-09-30T11:34:02","date_gmt":"2023-09-30T09:34:02","guid":{"rendered":"https:\/\/gyemantekszer.com\/termek\/royal-baby-grace-02-gyemant-fulbevalo\/"},"modified":"2025-11-04T15:43:32","modified_gmt":"2025-11-04T14:43:32","slug":"royal-baby-grace-02-gyemant-fulbevalo","status":"publish","type":"product","link":"https:\/\/gyemantekszer.com\/en\/termek\/royal-baby-grace-02-gyemant-fulbevalo\/","title":{"rendered":"Royal Baby Grace 02 gy\u00e9m\u00e1nt f\u00fclbeval\u00f3"},"content":{"rendered":"","protected":false},"excerpt":{"rendered":"<p><span data-sheets-value=\"{&quot;1&quot;:2,&quot;2&quot;:&quot;Ez a t\u00fcnd\u00e9ri kis gy\u00e9m\u00e1nt baba f\u00fclbeval\u00f3 a Royal Diamonds by Alexandra \u00faj term\u00e9ke, b\u00e9bi - \u00e9s gyermek kollekci\u00f3j\u00e1nak egy darabja. A gyermek \u00e9kszer speci\u00e1lis biztons\u00e1gi z\u00e1rral van ell\u00e1tva, amely egy\u00e1ltal\u00e1n nem okoz s\u00e9r\u00fcl\u00e9st az \u00e1lland\u00f3 viselet sor\u00e1n. A f\u00fclbeval\u00f3 s\u00e1rga aranyb\u00f3l k\u00e9sz\u00fclt \u00e9s egy szivecske mint\u00e1ban gy\u00f6ny\u00f6r\u0171 brillek d\u00edsz\u00edtik. Ak\u00e1r \u00f3v\u00f3d\u00e1s korig is haszn\u00e1lhat\u00f3.&quot;}\" data-sheets-userformat=\"{&quot;2&quot;:14851,&quot;3&quot;:{&quot;1&quot;:0},&quot;4&quot;:{&quot;1&quot;:2,&quot;2&quot;:16777215},&quot;12&quot;:0,&quot;14&quot;:{&quot;1&quot;:2,&quot;2&quot;:0},&quot;15&quot;:&quot;Calibri&quot;,&quot;16&quot;:11}\">Ez a t\u00fcnd\u00e9ri kis gy\u00e9m\u00e1nt baba f\u00fclbeval\u00f3 a Royal Diamonds by Alexandra \u00faj term\u00e9ke, b\u00e9bi &#8211; \u00e9s gyermek kollekci\u00f3j\u00e1nak egy darabja. A gyermek \u00e9kszer speci\u00e1lis biztons\u00e1gi z\u00e1rral van ell\u00e1tva, amely egy\u00e1ltal\u00e1n nem okoz s\u00e9r\u00fcl\u00e9st az \u00e1lland\u00f3 viselet sor\u00e1n. <\/span><\/p>\n<p><span data-sheets-value=\"{&quot;1&quot;:2,&quot;2&quot;:&quot;Ez a t\u00fcnd\u00e9ri kis gy\u00e9m\u00e1nt baba f\u00fclbeval\u00f3 a Royal Diamonds by Alexandra \u00faj term\u00e9ke, b\u00e9bi - \u00e9s gyermek kollekci\u00f3j\u00e1nak egy darabja. A gyermek \u00e9kszer speci\u00e1lis biztons\u00e1gi z\u00e1rral van ell\u00e1tva, amely egy\u00e1ltal\u00e1n nem okoz s\u00e9r\u00fcl\u00e9st az \u00e1lland\u00f3 viselet sor\u00e1n. A f\u00fclbeval\u00f3 s\u00e1rga aranyb\u00f3l k\u00e9sz\u00fclt \u00e9s egy szivecske mint\u00e1ban gy\u00f6ny\u00f6r\u0171 brillek d\u00edsz\u00edtik. Ak\u00e1r \u00f3v\u00f3d\u00e1s korig is haszn\u00e1lhat\u00f3.&quot;}\" data-sheets-userformat=\"{&quot;2&quot;:14851,&quot;3&quot;:{&quot;1&quot;:0},&quot;4&quot;:{&quot;1&quot;:2,&quot;2&quot;:16777215},&quot;12&quot;:0,&quot;14&quot;:{&quot;1&quot;:2,&quot;2&quot;:0},&quot;15&quot;:&quot;Calibri&quot;,&quot;16&quot;:11}\">A f\u00fclbeval\u00f3 s\u00e1rga aranyb\u00f3l k\u00e9sz\u00fclt \u00e9s egy szivecske mint\u00e1ban gy\u00f6ny\u00f6r\u0171 brillek d\u00edsz\u00edtik. Ak\u00e1r \u00f3v\u00f3d\u00e1s korig is haszn\u00e1lhat\u00f3.<\/span><\/p>\n","protected":false},"featured_media":242640,"comment_status":"open","ping_status":"closed","template":"","meta":{"_acf_changed":false},"product_brand":[],"product_cat":[1918],"product_tag":[1316,1310,1307],"class_list":{"0":"post-249144","1":"product","2":"type-product","3":"status-publish","4":"has-post-thumbnail","6":"product_cat-fulbevalo","7":"product_tag-baba-gyermek","8":"product_tag-feher-gyemant","9":"product_tag-sarga-arany","10":"pa_kollekcio-exkluziv-ekszerek","11":"pa_marka-royal-diamonds-by-alexandra-ronai","12":"pa_meret-12-cm-hosszu","13":"pa_otvozet-finomsaga-221","14":"pa_suly-12-gr","15":"pa_zarak-baba-zar","17":"first","18":"instock","19":"sale","20":"taxable","21":"shipping-taxable","22":"purchasable","23":"product-type-simple"},"acf":[],"_links":{"self":[{"href":"https:\/\/gyemantekszer.com\/en\/wp-json\/wp\/v2\/product\/249144","targetHints":{"allow":["GET"]}}],"collection":[{"href":"https:\/\/gyemantekszer.com\/en\/wp-json\/wp\/v2\/product"}],"about":[{"href":"https:\/\/gyemantekszer.com\/en\/wp-json\/wp\/v2\/types\/product"}],"replies":[{"embeddable":true,"href":"https:\/\/gyemantekszer.com\/en\/wp-json\/wp\/v2\/comments?post=249144"}],"wp:featuredmedia":[{"embeddable":true,"href":"https:\/\/gyemantekszer.com\/en\/wp-json\/wp\/v2\/media\/242640"}],"wp:attachment":[{"href":"https:\/\/gyemantekszer.com\/en\/wp-json\/wp\/v2\/media?parent=249144"}],"wp:term":[{"taxonomy":"product_brand","embeddable":true,"href":"https:\/\/gyemantekszer.com\/en\/wp-json\/wp\/v2\/product_brand?post=249144"},{"taxonomy":"product_cat","embeddable":true,"href":"https:\/\/gyemantekszer.com\/en\/wp-json\/wp\/v2\/product_cat?post=249144"},{"taxonomy":"product_tag","embeddable":true,"href":"https:\/\/gyemantekszer.com\/en\/wp-json\/wp\/v2\/product_tag?post=249144"}],"curies":[{"name":"wp","href":"https:\/\/api.w.org\/{rel}","templated":true}]}}