{"id":249137,"date":"2023-09-29T11:29:59","date_gmt":"2023-09-29T09:29:59","guid":{"rendered":"https:\/\/gyemantekszer.com\/termek\/lelune-diamonds-donna-gyemant-fulbevalo\/"},"modified":"2025-09-29T13:02:30","modified_gmt":"2025-09-29T11:02:30","slug":"lelune-diamonds-donna-gyemant-fulbevalo","status":"publish","type":"product","link":"https:\/\/gyemantekszer.com\/en\/termek\/lelune-diamonds-donna-gyemant-fulbevalo\/","title":{"rendered":"Lelune Diamonds Donna gy\u00e9m\u00e1nt f\u00fclbeval\u00f3"},"content":{"rendered":"","protected":false},"excerpt":{"rendered":"<p><span data-sheets-value=\"{&quot;1&quot;:2,&quot;2&quot;:&quot;Ez a kis eleg\u00e1ns feh\u00e9r aranyb\u00f3l k\u00e9sz\u00fclt gy\u00e9m\u00e1nt f\u00fclbeval\u00f3 igaz\u00e1n exkl\u00faz\u00edv aj\u00e1nd\u00e9k lehet. Visel\u00e9s\u00e9t \u00e1tsz\u00far\u00f3s stekker teszi biztons\u00e1goss\u00e1.&quot;}\" data-sheets-userformat=\"{&quot;2&quot;:14851,&quot;3&quot;:{&quot;1&quot;:0},&quot;4&quot;:{&quot;1&quot;:2,&quot;2&quot;:16777215},&quot;12&quot;:0,&quot;14&quot;:{&quot;1&quot;:2,&quot;2&quot;:6710886},&quot;15&quot;:&quot;Lato, Arial, Helvetica, sans-serif&quot;,&quot;16&quot;:11}\">Ez a kis eleg\u00e1ns feh\u00e9r aranyb\u00f3l k\u00e9sz\u00fclt gy\u00e9m\u00e1nt f\u00fclbeval\u00f3 igaz\u00e1n exkl\u00faz\u00edv aj\u00e1nd\u00e9k lehet. Visel\u00e9s\u00e9t francia z\u00e1r teszi biztons\u00e1goss\u00e1.<\/span><\/p>\n<p>&nbsp;<\/p>\n","protected":false},"featured_media":242607,"comment_status":"open","ping_status":"open","template":"","meta":{"_acf_changed":false},"product_brand":[],"product_cat":[1918],"product_tag":[],"class_list":{"0":"post-249137","1":"product","2":"type-product","3":"status-publish","4":"has-post-thumbnail","6":"product_cat-fulbevalo","7":"pa_kollekcio-exkluziv-ekszerek","8":"pa_marka-le-lune-diamonds","9":"pa_meret-15-cm-hosszu","10":"pa_otvozet-finomsaga-143","11":"pa_suly-33-gr","12":"pa_zarak-francia-zar","14":"first","15":"onrequest","16":"taxable","17":"shipping-taxable","18":"product-type-simple"},"acf":[],"_links":{"self":[{"href":"https:\/\/gyemantekszer.com\/en\/wp-json\/wp\/v2\/product\/249137","targetHints":{"allow":["GET"]}}],"collection":[{"href":"https:\/\/gyemantekszer.com\/en\/wp-json\/wp\/v2\/product"}],"about":[{"href":"https:\/\/gyemantekszer.com\/en\/wp-json\/wp\/v2\/types\/product"}],"replies":[{"embeddable":true,"href":"https:\/\/gyemantekszer.com\/en\/wp-json\/wp\/v2\/comments?post=249137"}],"wp:featuredmedia":[{"embeddable":true,"href":"https:\/\/gyemantekszer.com\/en\/wp-json\/wp\/v2\/media\/242607"}],"wp:attachment":[{"href":"https:\/\/gyemantekszer.com\/en\/wp-json\/wp\/v2\/media?parent=249137"}],"wp:term":[{"taxonomy":"product_brand","embeddable":true,"href":"https:\/\/gyemantekszer.com\/en\/wp-json\/wp\/v2\/product_brand?post=249137"},{"taxonomy":"product_cat","embeddable":true,"href":"https:\/\/gyemantekszer.com\/en\/wp-json\/wp\/v2\/product_cat?post=249137"},{"taxonomy":"product_tag","embeddable":true,"href":"https:\/\/gyemantekszer.com\/en\/wp-json\/wp\/v2\/product_tag?post=249137"}],"curies":[{"name":"wp","href":"https:\/\/api.w.org\/{rel}","templated":true}]}}