{"id":249130,"date":"2023-09-28T12:39:07","date_gmt":"2023-09-28T10:39:07","guid":{"rendered":"https:\/\/gyemantekszer.com\/termek\/lelune-diamonds-denise-gyemant-fulbevalo\/"},"modified":"2025-09-29T13:02:28","modified_gmt":"2025-09-29T11:02:28","slug":"lelune-diamonds-denise-gyemant-fulbevalo","status":"publish","type":"product","link":"https:\/\/gyemantekszer.com\/en\/termek\/lelune-diamonds-denise-gyemant-fulbevalo\/","title":{"rendered":"Lelune Diamonds Denise gy\u00e9m\u00e1nt f\u00fclbeval\u00f3"},"content":{"rendered":"","protected":false},"excerpt":{"rendered":"<p><span data-sheets-value=\"{&quot;1&quot;:2,&quot;2&quot;:&quot;Ezt az extravag\u00e1ns art deco st\u00edlus\u00fa gy\u00e9m\u00e1nt f\u00fclbeval\u00f3t apr\u00f3 brillek d\u00edsz\u00edtik, n\u00e9gyzet alakban szeg\u00e9lyezve. Nem mindennapi megjelen\u00e9s\u0171 eleg\u00e1ns \u00e9kszer, amely szettben is megv\u00e1s\u00e1rolhat\u00f3 a hozz\u00e1tartoz\u00f3 gy\u00e9m\u00e1nt gy\u0171r\u0171vel egy\u00fctt.&quot;}\" data-sheets-userformat=\"{&quot;2&quot;:14851,&quot;3&quot;:{&quot;1&quot;:0},&quot;4&quot;:{&quot;1&quot;:2,&quot;2&quot;:16777215},&quot;12&quot;:0,&quot;14&quot;:{&quot;1&quot;:2,&quot;2&quot;:0},&quot;15&quot;:&quot;Calibri&quot;,&quot;16&quot;:11}\">Ezt az extravag\u00e1ns art deco st\u00edlus\u00fa gy\u00e9m\u00e1nt f\u00fclbeval\u00f3t apr\u00f3 brillek d\u00edsz\u00edtik, n\u00e9gyzet alakban szeg\u00e9lyezve. Nem mindennapi megjelen\u00e9s\u0171 eleg\u00e1ns \u00e9kszer feh\u00e9r aranyb\u00f3l, amely szettben is megv\u00e1s\u00e1rolhat\u00f3 a hozz\u00e1tartoz\u00f3 gy\u00e9m\u00e1nt gy\u0171r\u0171vel egy\u00fctt.<\/span><\/p>\n<p>&nbsp;<\/p>\n","protected":false},"featured_media":242574,"comment_status":"open","ping_status":"open","template":"","meta":{"_acf_changed":false},"product_brand":[],"product_cat":[1918],"product_tag":[133,138,1310,1305],"class_list":{"0":"post-249130","1":"product","2":"type-product","3":"status-publish","4":"has-post-thumbnail","6":"product_cat-fulbevalo","7":"product_tag-noi","8":"product_tag-ekszer-szett","9":"product_tag-feher-gyemant","10":"product_tag-feher-arany","11":"pa_kollekcio-exkluziv-ekszerek","12":"pa_marka-le-lune-diamonds","13":"pa_meret-20-cm-hosszu-2","14":"pa_otvozet-finomsaga-143","15":"pa_suly-24-gr","16":"pa_zarak-francia-zar","18":"first","19":"onrequest","20":"taxable","21":"shipping-taxable","22":"product-type-simple"},"acf":[],"_links":{"self":[{"href":"https:\/\/gyemantekszer.com\/en\/wp-json\/wp\/v2\/product\/249130","targetHints":{"allow":["GET"]}}],"collection":[{"href":"https:\/\/gyemantekszer.com\/en\/wp-json\/wp\/v2\/product"}],"about":[{"href":"https:\/\/gyemantekszer.com\/en\/wp-json\/wp\/v2\/types\/product"}],"replies":[{"embeddable":true,"href":"https:\/\/gyemantekszer.com\/en\/wp-json\/wp\/v2\/comments?post=249130"}],"wp:featuredmedia":[{"embeddable":true,"href":"https:\/\/gyemantekszer.com\/en\/wp-json\/wp\/v2\/media\/242574"}],"wp:attachment":[{"href":"https:\/\/gyemantekszer.com\/en\/wp-json\/wp\/v2\/media?parent=249130"}],"wp:term":[{"taxonomy":"product_brand","embeddable":true,"href":"https:\/\/gyemantekszer.com\/en\/wp-json\/wp\/v2\/product_brand?post=249130"},{"taxonomy":"product_cat","embeddable":true,"href":"https:\/\/gyemantekszer.com\/en\/wp-json\/wp\/v2\/product_cat?post=249130"},{"taxonomy":"product_tag","embeddable":true,"href":"https:\/\/gyemantekszer.com\/en\/wp-json\/wp\/v2\/product_tag?post=249130"}],"curies":[{"name":"wp","href":"https:\/\/api.w.org\/{rel}","templated":true}]}}