{"id":249124,"date":"2023-08-28T15:02:06","date_gmt":"2023-08-28T13:02:06","guid":{"rendered":"https:\/\/gyemantekszer.com\/termek\/nardelli-hope-gyemant-karkoto\/"},"modified":"2025-09-29T13:02:26","modified_gmt":"2025-09-29T11:02:26","slug":"nardelli-hope-gyemant-karkoto","status":"publish","type":"product","link":"https:\/\/gyemantekszer.com\/en\/product\/nardelli-hope-gyemant-karkoto\/","title":{"rendered":"Nardelli Hope gy\u00e9m\u00e1nt kark\u00f6t\u0151"},"content":{"rendered":"","protected":false},"excerpt":{"rendered":"<p><span data-sheets-value=\"{&quot;1&quot;:2,&quot;2&quot;:&quot;Nagyon sz\u00e9p r\u00f3zaszin arany kark\u00f6t\u0151 ,amit fekete gy\u00e9m\u00e1ntal kirakott horgonyt d\u00edszit ami a rem\u00e9ny jelk\u00e9pe.H\u00f6lgyek \u00e9s Urak egyar\u00e1nt viselhetik ,k\u00fcl\u00f6nlegess\u00e9ge hogy \u00e1llithat\u00f3 a m\u00e9rete .&quot;}\" data-sheets-userformat=\"{&quot;2&quot;:33569283,&quot;3&quot;:{&quot;1&quot;:0},&quot;4&quot;:{&quot;1&quot;:2,&quot;2&quot;:16777215},&quot;12&quot;:0,&quot;14&quot;:{&quot;1&quot;:2,&quot;2&quot;:0},&quot;15&quot;:&quot;Calibri&quot;,&quot;16&quot;:11,&quot;28&quot;:1}\">Nagyon sz\u00e9p r\u00f3zsasz\u00edn arany kark\u00f6t\u0151, amit fekete gy\u00e9m\u00e1nttal kirakott horgonyt d\u00edszit, ami a rem\u00e9ny jelk\u00e9pe. H\u00f6lgyek \u00e9s Urak egyar\u00e1nt viselhetik , k\u00fcl\u00f6nlegess\u00e9ge, hogy \u00e1ll\u00edthat\u00f3 a m\u00e9rete.<\/span><\/p>\n<p>&nbsp;<\/p>\n<p>&nbsp;<\/p>\n","protected":false},"featured_media":242551,"comment_status":"open","ping_status":"open","template":"","meta":{"_acf_changed":false},"product_brand":[],"product_cat":[1921],"product_tag":[1377,1384,1378,1385,1383],"class_list":{"0":"post-249124","1":"product","2":"type-product","3":"status-publish","4":"has-post-thumbnail","6":"product_cat-karkoto","7":"product_tag-black-diamond","8":"product_tag-for-ladies","9":"product_tag-men","10":"product_tag-rose-gold","11":"product_tag-sizeable","12":"pa_kollekcio-exkluziv-ekszerek","13":"pa_marka-nardelli","14":"pa_meret-16-22-cm","15":"pa_otvozet-finomsaga-143","16":"pa_suly-37-gr","17":"pa_zarak-csuszo-zar","19":"first","20":"onrequest","21":"taxable","22":"shipping-taxable","23":"product-type-simple"},"acf":[],"_links":{"self":[{"href":"https:\/\/gyemantekszer.com\/en\/wp-json\/wp\/v2\/product\/249124","targetHints":{"allow":["GET"]}}],"collection":[{"href":"https:\/\/gyemantekszer.com\/en\/wp-json\/wp\/v2\/product"}],"about":[{"href":"https:\/\/gyemantekszer.com\/en\/wp-json\/wp\/v2\/types\/product"}],"replies":[{"embeddable":true,"href":"https:\/\/gyemantekszer.com\/en\/wp-json\/wp\/v2\/comments?post=249124"}],"wp:featuredmedia":[{"embeddable":true,"href":"https:\/\/gyemantekszer.com\/en\/wp-json\/wp\/v2\/media\/242551"}],"wp:attachment":[{"href":"https:\/\/gyemantekszer.com\/en\/wp-json\/wp\/v2\/media?parent=249124"}],"wp:term":[{"taxonomy":"product_brand","embeddable":true,"href":"https:\/\/gyemantekszer.com\/en\/wp-json\/wp\/v2\/product_brand?post=249124"},{"taxonomy":"product_cat","embeddable":true,"href":"https:\/\/gyemantekszer.com\/en\/wp-json\/wp\/v2\/product_cat?post=249124"},{"taxonomy":"product_tag","embeddable":true,"href":"https:\/\/gyemantekszer.com\/en\/wp-json\/wp\/v2\/product_tag?post=249124"}],"curies":[{"name":"wp","href":"https:\/\/api.w.org\/{rel}","templated":true}]}}