{"id":249088,"date":"2023-07-25T15:39:38","date_gmt":"2023-07-25T13:39:38","guid":{"rendered":"https:\/\/gyemantekszer.com\/termek\/zoe-gyemant-nyakek\/"},"modified":"2025-10-16T11:29:23","modified_gmt":"2025-10-16T09:29:23","slug":"zoe-gyemant-nyakek","status":"publish","type":"product","link":"https:\/\/gyemantekszer.com\/en\/product\/zoe-gyemant-nyakek\/","title":{"rendered":"NARDELLI &#8211; Zo\u00e9 gy\u00e9m\u00e1nt nyak\u00e9k"},"content":{"rendered":"","protected":false},"excerpt":{"rendered":"<p><span data-sheets-value=\"{&quot;1&quot;:2,&quot;2&quot;:&quot;Ezt a feh\u00e9r arany colli\u00e9t egy \u00e1lomsz\u00e9p brillekkel \u00e9s zaf\u00edrokkal telefoglalt keresztmed\u00e1l \u00e9kes\u00edt. Finom elegancia jellemzi, \u00e1ll\u00edthat\u00f3 m\u00e9ret\u0171.&quot;}\" data-sheets-userformat=\"{&quot;2&quot;:14851,&quot;3&quot;:{&quot;1&quot;:0},&quot;4&quot;:{&quot;1&quot;:2,&quot;2&quot;:16777215},&quot;12&quot;:0,&quot;14&quot;:{&quot;1&quot;:2,&quot;2&quot;:0},&quot;15&quot;:&quot;Calibri&quot;,&quot;16&quot;:11}\">Ezt a feh\u00e9r arany colli\u00e9t egy \u00e1lomsz\u00e9p brillekkel \u00e9s zaf\u00edrokkal telefoglalt keresztmed\u00e1l \u00e9kes\u00edt. Finom elegancia jellemzi, \u00e1ll\u00edthat\u00f3 m\u00e9ret\u0171.<\/span><\/p>\n","protected":false},"featured_media":242403,"comment_status":"open","ping_status":"closed","template":"","meta":{"_acf_changed":false},"product_brand":[],"product_cat":[1923],"product_tag":[1384,1383,1376,1375,1314],"class_list":{"0":"post-249088","1":"product","2":"type-product","3":"status-publish","4":"has-post-thumbnail","6":"product_cat-nyakek","7":"product_tag-for-ladies","8":"product_tag-sizeable","9":"product_tag-white-diamond","10":"product_tag-white-gold","11":"product_tag-kek-zafir","12":"pa_kollekcio-exkluziv-ekszerek","13":"pa_marka-nardelli","14":"pa_meret-39-es-43-cm-hosszu","15":"pa_otvozet-finomsaga-143","16":"pa_suly-49-gr","17":"pa_zarak-karabiner-zar","19":"first","20":"onrequest","21":"sold-individually","22":"taxable","23":"shipping-taxable","24":"product-type-simple"},"acf":[],"_links":{"self":[{"href":"https:\/\/gyemantekszer.com\/en\/wp-json\/wp\/v2\/product\/249088","targetHints":{"allow":["GET"]}}],"collection":[{"href":"https:\/\/gyemantekszer.com\/en\/wp-json\/wp\/v2\/product"}],"about":[{"href":"https:\/\/gyemantekszer.com\/en\/wp-json\/wp\/v2\/types\/product"}],"replies":[{"embeddable":true,"href":"https:\/\/gyemantekszer.com\/en\/wp-json\/wp\/v2\/comments?post=249088"}],"wp:featuredmedia":[{"embeddable":true,"href":"https:\/\/gyemantekszer.com\/en\/wp-json\/wp\/v2\/media\/242403"}],"wp:attachment":[{"href":"https:\/\/gyemantekszer.com\/en\/wp-json\/wp\/v2\/media?parent=249088"}],"wp:term":[{"taxonomy":"product_brand","embeddable":true,"href":"https:\/\/gyemantekszer.com\/en\/wp-json\/wp\/v2\/product_brand?post=249088"},{"taxonomy":"product_cat","embeddable":true,"href":"https:\/\/gyemantekszer.com\/en\/wp-json\/wp\/v2\/product_cat?post=249088"},{"taxonomy":"product_tag","embeddable":true,"href":"https:\/\/gyemantekszer.com\/en\/wp-json\/wp\/v2\/product_tag?post=249088"}],"curies":[{"name":"wp","href":"https:\/\/api.w.org\/{rel}","templated":true}]}}