{"id":249073,"date":"2023-07-05T13:34:46","date_gmt":"2023-07-05T11:34:46","guid":{"rendered":"https:\/\/gyemantekszer.com\/termek\/doren-gyemantgyuru\/"},"modified":"2026-02-16T17:00:38","modified_gmt":"2026-02-16T16:00:38","slug":"doren-gyemantgyuru","status":"publish","type":"product","link":"https:\/\/gyemantekszer.com\/en\/product\/doren-gyemantgyuru\/","title":{"rendered":"Doren gy\u00e9m\u00e1ntgy\u0171r\u0171"},"content":{"rendered":"","protected":false},"excerpt":{"rendered":"<p><span data-sheets-value=\"{&quot;1&quot;:2,&quot;2&quot;:&quot;Ez a kis finom eleg\u00e1ns gy\u00e9m\u00e1nt gy\u0171r\u0171 18 kar\u00e1tos feh\u00e9r aranyb\u00f3l k\u00e9sz\u00fclt, k\u00f6z\u00e9pen egy gy\u00f6ny\u00f6r\u0171 akvamarin med\u00e1llal, amelyet sz\u00edv alakban vesznek k\u00f6r\u00fcl a brillek.&quot;}\" data-sheets-userformat=\"{&quot;2&quot;:14851,&quot;3&quot;:{&quot;1&quot;:0},&quot;4&quot;:{&quot;1&quot;:2,&quot;2&quot;:16777215},&quot;12&quot;:0,&quot;14&quot;:{&quot;1&quot;:2,&quot;2&quot;:0},&quot;15&quot;:&quot;Calibri&quot;,&quot;16&quot;:11}\">Ez a kis finom eleg\u00e1ns gy\u00e9m\u00e1nt gy\u0171r\u0171 18 kar\u00e1tos feh\u00e9r aranyb\u00f3l k\u00e9sz\u00fclt, k\u00f6z\u00e9pen egy gy\u00f6ny\u00f6r\u0171 akvamarin med\u00e1llal, amelyet sz\u00edv alakban vesznek k\u00f6r\u00fcl a brillek.<\/span><\/p>\n<p>&nbsp;<\/p>\n","protected":false},"featured_media":242343,"comment_status":"open","ping_status":"closed","template":"","meta":{"_acf_changed":false},"product_brand":[],"product_cat":[1917],"product_tag":[135,1305,1310,140,133],"class_list":{"0":"post-249073","1":"product","2":"type-product","3":"status-publish","4":"has-post-thumbnail","6":"product_cat-gyuru","7":"product_tag-eljegyzes","8":"product_tag-feher-arany","9":"product_tag-feher-gyemant","10":"product_tag-meretezheto","11":"product_tag-noi","12":"pa_kollekcio-exkluziv-ekszerek","13":"pa_marka-le-lune-glamour","14":"pa_meret-187","15":"pa_otvozet-finomsaga-143","16":"pa_suly-14-gr","18":"first","19":"onrequest","20":"taxable","21":"shipping-taxable","22":"product-type-simple"},"acf":[],"_links":{"self":[{"href":"https:\/\/gyemantekszer.com\/en\/wp-json\/wp\/v2\/product\/249073","targetHints":{"allow":["GET"]}}],"collection":[{"href":"https:\/\/gyemantekszer.com\/en\/wp-json\/wp\/v2\/product"}],"about":[{"href":"https:\/\/gyemantekszer.com\/en\/wp-json\/wp\/v2\/types\/product"}],"replies":[{"embeddable":true,"href":"https:\/\/gyemantekszer.com\/en\/wp-json\/wp\/v2\/comments?post=249073"}],"wp:featuredmedia":[{"embeddable":true,"href":"https:\/\/gyemantekszer.com\/en\/wp-json\/wp\/v2\/media\/242343"}],"wp:attachment":[{"href":"https:\/\/gyemantekszer.com\/en\/wp-json\/wp\/v2\/media?parent=249073"}],"wp:term":[{"taxonomy":"product_brand","embeddable":true,"href":"https:\/\/gyemantekszer.com\/en\/wp-json\/wp\/v2\/product_brand?post=249073"},{"taxonomy":"product_cat","embeddable":true,"href":"https:\/\/gyemantekszer.com\/en\/wp-json\/wp\/v2\/product_cat?post=249073"},{"taxonomy":"product_tag","embeddable":true,"href":"https:\/\/gyemantekszer.com\/en\/wp-json\/wp\/v2\/product_tag?post=249073"}],"curies":[{"name":"wp","href":"https:\/\/api.w.org\/{rel}","templated":true}]}}