{"id":249053,"date":"2023-05-25T11:17:05","date_gmt":"2023-05-25T09:17:05","guid":{"rendered":"https:\/\/gyemantekszer.com\/termek\/poppy-gyemant-gyuru\/"},"modified":"2025-09-29T13:01:34","modified_gmt":"2025-09-29T11:01:34","slug":"poppy-gyemant-gyuru","status":"publish","type":"product","link":"https:\/\/gyemantekszer.com\/en\/product\/poppy-gyemant-gyuru\/","title":{"rendered":"Poppy gy\u00e9m\u00e1nt gy\u0171r\u0171"},"content":{"rendered":"","protected":false},"excerpt":{"rendered":"<p><span data-sheets-value=\"{&quot;1&quot;:2,&quot;2&quot;:&quot;Csillog\u00f3 brilli\u00e1ns gy\u00e9m\u00e1nt gy\u0171r\u00fc ,feh\u00e9raranyba k\u00e9szitett\u00e9k el ,k\u00f6z\u00e9pen egy k\u00fcl\u00f6nleges form\u00e1ra csiszolt gy\u00e9m\u00e1not tettek amit k\u00f6rbevettek apr\u00f3 brili\u00e1nsokkal,mindennap viselhet\u0151.&quot;}\" data-sheets-userformat=\"{&quot;2&quot;:14851,&quot;3&quot;:{&quot;1&quot;:0},&quot;4&quot;:{&quot;1&quot;:2,&quot;2&quot;:16777215},&quot;12&quot;:0,&quot;14&quot;:{&quot;1&quot;:2,&quot;2&quot;:0},&quot;15&quot;:&quot;Calibri&quot;,&quot;16&quot;:11}\">Csillog\u00f3 brili\u00e1ns gy\u00e9m\u00e1nt gy\u0171r\u0171, feh\u00e9raranyb\u00f3l k\u00e9sz\u00edtett\u00e9k el, k\u00f6z\u00e9pen egy k\u00fcl\u00f6nleges navett form\u00e1ra csiszolt gy\u00e9m\u00e1ntot foglaltak, amit k\u00f6rbevettek apr\u00f3 brili\u00e1nsokkal. Ak\u00e1r egy eml\u00e9kezetes eljegyz\u00e9sre is t\u00f6k\u00e9letes aj\u00e1nd\u00e9k.<\/span><\/p>\n","protected":false},"featured_media":242255,"comment_status":"open","ping_status":"open","template":"","meta":{"_acf_changed":false},"product_brand":[],"product_cat":[1917],"product_tag":[1373,1384,1383,1376,1375],"class_list":{"0":"post-249053","1":"product","2":"type-product","3":"status-publish","4":"has-post-thumbnail","6":"product_cat-gyuru","7":"product_tag-engagement","8":"product_tag-for-ladies","9":"product_tag-sizeable","10":"product_tag-white-diamond","11":"product_tag-white-gold","12":"pa_kollekcio-exkluziv-ekszerek","13":"pa_marka-royal-diamonds-by-alexandra-ronai","14":"pa_meret-304","15":"pa_otvozet-finomsaga-143","16":"pa_suly-42-gr","18":"first","19":"instock","20":"taxable","21":"shipping-taxable","22":"purchasable","23":"product-type-simple"},"acf":[],"_links":{"self":[{"href":"https:\/\/gyemantekszer.com\/en\/wp-json\/wp\/v2\/product\/249053","targetHints":{"allow":["GET"]}}],"collection":[{"href":"https:\/\/gyemantekszer.com\/en\/wp-json\/wp\/v2\/product"}],"about":[{"href":"https:\/\/gyemantekszer.com\/en\/wp-json\/wp\/v2\/types\/product"}],"replies":[{"embeddable":true,"href":"https:\/\/gyemantekszer.com\/en\/wp-json\/wp\/v2\/comments?post=249053"}],"wp:featuredmedia":[{"embeddable":true,"href":"https:\/\/gyemantekszer.com\/en\/wp-json\/wp\/v2\/media\/242255"}],"wp:attachment":[{"href":"https:\/\/gyemantekszer.com\/en\/wp-json\/wp\/v2\/media?parent=249053"}],"wp:term":[{"taxonomy":"product_brand","embeddable":true,"href":"https:\/\/gyemantekszer.com\/en\/wp-json\/wp\/v2\/product_brand?post=249053"},{"taxonomy":"product_cat","embeddable":true,"href":"https:\/\/gyemantekszer.com\/en\/wp-json\/wp\/v2\/product_cat?post=249053"},{"taxonomy":"product_tag","embeddable":true,"href":"https:\/\/gyemantekszer.com\/en\/wp-json\/wp\/v2\/product_tag?post=249053"}],"curies":[{"name":"wp","href":"https:\/\/api.w.org\/{rel}","templated":true}]}}