{"id":249043,"date":"2023-05-09T11:25:41","date_gmt":"2023-05-09T09:25:41","guid":{"rendered":"https:\/\/gyemantekszer.com\/termek\/piusz-ferfi-karkoto\/"},"modified":"2025-09-29T13:01:30","modified_gmt":"2025-09-29T11:01:30","slug":"piusz-ferfi-karkoto","status":"publish","type":"product","link":"https:\/\/gyemantekszer.com\/en\/product\/piusz-ferfi-karkoto\/","title":{"rendered":"Piusz f\u00e9rfi kark\u00f6t\u0151"},"content":{"rendered":"","protected":false},"excerpt":{"rendered":"<p><span data-sheets-value=\"{&quot;1&quot;:2,&quot;2&quot;:&quot;Fiatalos, modern, fekete matt porcel\u00e1nb\u00f3l k\u00e9sz\u0171lt kark\u00f6t\u0151, melyet roz\u00e9 arany foglalattal \u00e9s benne egy csillog\u00f3 fekete gy\u00e9m\u00e1nttal d\u00edsz\u00edtett\u00fck, a z\u00e1r r\u00e9sz nemesac\u00e9l. Minden koroszt\u00e1ly sz\u00e1m\u00e1ra trendi viselet. &quot;}\" data-sheets-userformat=\"{&quot;2&quot;:14851,&quot;3&quot;:{&quot;1&quot;:0},&quot;4&quot;:{&quot;1&quot;:2,&quot;2&quot;:16777215},&quot;12&quot;:0,&quot;14&quot;:{&quot;1&quot;:2,&quot;2&quot;:0},&quot;15&quot;:&quot;Calibri&quot;,&quot;16&quot;:11}\">Fiatalos, modern, fekete matt porcel\u00e1nb\u00f3l k\u00e9sz\u00fclt kark\u00f6t\u0151, melyet roz\u00e9 arany foglalattal \u00e9s benne egy csillog\u00f3 fekete gy\u00e9m\u00e1nttal d\u00edsz\u00edtett\u00fck, a z\u00e1r r\u00e9sz nemesac\u00e9l. Minden koroszt\u00e1ly sz\u00e1m\u00e1ra trendi viselet. <\/span><\/p>\n","protected":false},"featured_media":242208,"comment_status":"open","ping_status":"open","template":"","meta":{"_acf_changed":false},"product_brand":[],"product_cat":[1361],"product_tag":[1377,1378,1385],"class_list":{"0":"post-249043","1":"product","2":"type-product","3":"status-publish","4":"has-post-thumbnail","6":"product_cat-exclusive-bracelets","7":"product_tag-black-diamond","8":"product_tag-men","9":"product_tag-rose-gold","10":"pa_kollekcio-divat-ekszerek-kiegeszitok","11":"pa_marka-royal-diamonds-by-alexandra-ronai","12":"pa_meret-195-215-cm-hosszu","13":"pa_otvozet-finomsaga-143","14":"pa_suly-04-gr","16":"first","17":"onrequest","18":"taxable","19":"shipping-taxable","20":"product-type-simple"},"acf":[],"_links":{"self":[{"href":"https:\/\/gyemantekszer.com\/en\/wp-json\/wp\/v2\/product\/249043","targetHints":{"allow":["GET"]}}],"collection":[{"href":"https:\/\/gyemantekszer.com\/en\/wp-json\/wp\/v2\/product"}],"about":[{"href":"https:\/\/gyemantekszer.com\/en\/wp-json\/wp\/v2\/types\/product"}],"replies":[{"embeddable":true,"href":"https:\/\/gyemantekszer.com\/en\/wp-json\/wp\/v2\/comments?post=249043"}],"wp:featuredmedia":[{"embeddable":true,"href":"https:\/\/gyemantekszer.com\/en\/wp-json\/wp\/v2\/media\/242208"}],"wp:attachment":[{"href":"https:\/\/gyemantekszer.com\/en\/wp-json\/wp\/v2\/media?parent=249043"}],"wp:term":[{"taxonomy":"product_brand","embeddable":true,"href":"https:\/\/gyemantekszer.com\/en\/wp-json\/wp\/v2\/product_brand?post=249043"},{"taxonomy":"product_cat","embeddable":true,"href":"https:\/\/gyemantekszer.com\/en\/wp-json\/wp\/v2\/product_cat?post=249043"},{"taxonomy":"product_tag","embeddable":true,"href":"https:\/\/gyemantekszer.com\/en\/wp-json\/wp\/v2\/product_tag?post=249043"}],"curies":[{"name":"wp","href":"https:\/\/api.w.org\/{rel}","templated":true}]}}