{"id":249019,"date":"2023-04-25T10:38:49","date_gmt":"2023-04-25T08:38:49","guid":{"rendered":"https:\/\/gyemantekszer.com\/termek\/abisag-gyemant-gyuru\/"},"modified":"2025-10-24T13:58:58","modified_gmt":"2025-10-24T11:58:58","slug":"abisag-gyemant-gyuru","status":"publish","type":"product","link":"https:\/\/gyemantekszer.com\/en\/termek\/abisag-gyemant-gyuru\/","title":{"rendered":"Abis\u00e1g gy\u00e9m\u00e1nt gy\u0171r\u0171"},"content":{"rendered":"","protected":false},"excerpt":{"rendered":"<p><span data-sheets-value=\"{&quot;1&quot;:2,&quot;2&quot;:&quot;Gy\u00f6ny\u00f6r\u0171 f\u00e9nyes porcel\u00e1n gy\u0171r\u0171,ami 3 karik\u00e1b\u00f3l \u00e1ll,ezt s\u00e1rga szin\u0171 arannyal fogtak \u00f6ssze ,\u00e9s megkoron\u00e1ztak apr\u00f3 csillog\u00f3 gy\u00e9m\u00e1ntokkal &quot;}\" data-sheets-userformat=\"{&quot;2&quot;:14851,&quot;3&quot;:{&quot;1&quot;:0},&quot;4&quot;:{&quot;1&quot;:2,&quot;2&quot;:16777215},&quot;12&quot;:0,&quot;14&quot;:{&quot;1&quot;:2,&quot;2&quot;:0},&quot;15&quot;:&quot;Calibri&quot;,&quot;16&quot;:11}\">Gy\u00f6ny\u00f6r\u0171 f\u00e9nyes porcel\u00e1n gy\u0171r\u0171, ami h\u00e1rom r\u00e9szre van osztva, ezt s\u00e1rga sz\u00edn\u0171 arannyal fogtak \u00f6ssze \u00e9s megkoron\u00e1ztak feh\u00e9r csillog\u00f3 gy\u00e9m\u00e1ntokkal.<\/span><\/p>\n","protected":false},"featured_media":242080,"comment_status":"open","ping_status":"closed","template":"","meta":{"_acf_changed":false},"product_brand":[],"product_cat":[1917],"product_tag":[1310,133,1307],"class_list":{"0":"post-249019","1":"product","2":"type-product","3":"status-publish","4":"has-post-thumbnail","6":"product_cat-gyuru","7":"product_tag-feher-gyemant","8":"product_tag-noi","9":"product_tag-sarga-arany","10":"pa_kollekcio-exkluziv-ekszerek","11":"pa_marka-royal-diamonds-by-alexandra-ronai","12":"pa_meret-183","13":"pa_otvozet-finomsaga-143","15":"first","16":"instock","17":"taxable","18":"shipping-taxable","19":"purchasable","20":"product-type-simple"},"acf":[],"_links":{"self":[{"href":"https:\/\/gyemantekszer.com\/en\/wp-json\/wp\/v2\/product\/249019","targetHints":{"allow":["GET"]}}],"collection":[{"href":"https:\/\/gyemantekszer.com\/en\/wp-json\/wp\/v2\/product"}],"about":[{"href":"https:\/\/gyemantekszer.com\/en\/wp-json\/wp\/v2\/types\/product"}],"replies":[{"embeddable":true,"href":"https:\/\/gyemantekszer.com\/en\/wp-json\/wp\/v2\/comments?post=249019"}],"wp:featuredmedia":[{"embeddable":true,"href":"https:\/\/gyemantekszer.com\/en\/wp-json\/wp\/v2\/media\/242080"}],"wp:attachment":[{"href":"https:\/\/gyemantekszer.com\/en\/wp-json\/wp\/v2\/media?parent=249019"}],"wp:term":[{"taxonomy":"product_brand","embeddable":true,"href":"https:\/\/gyemantekszer.com\/en\/wp-json\/wp\/v2\/product_brand?post=249019"},{"taxonomy":"product_cat","embeddable":true,"href":"https:\/\/gyemantekszer.com\/en\/wp-json\/wp\/v2\/product_cat?post=249019"},{"taxonomy":"product_tag","embeddable":true,"href":"https:\/\/gyemantekszer.com\/en\/wp-json\/wp\/v2\/product_tag?post=249019"}],"curies":[{"name":"wp","href":"https:\/\/api.w.org\/{rel}","templated":true}]}}