{"id":249010,"date":"2023-04-14T09:56:23","date_gmt":"2023-04-14T07:56:23","guid":{"rendered":"https:\/\/gyemantekszer.com\/termek\/klementina-gyemant-smaragd-fulbevalo\/"},"modified":"2026-03-19T13:00:36","modified_gmt":"2026-03-19T12:00:36","slug":"klementina-gyemant-smaragd-fulbevalo","status":"publish","type":"product","link":"https:\/\/gyemantekszer.com\/en\/termek\/klementina-gyemant-smaragd-fulbevalo\/","title":{"rendered":"Klementina gy\u00e9m\u00e1nt smaragd f\u00fclbeval\u00f3"},"content":{"rendered":"","protected":false},"excerpt":{"rendered":"<p><span data-sheets-value=\"{&quot;1&quot;:2,&quot;2&quot;:&quot;Klasszikus smaragdos f\u00fclbeval\u00f3, k\u00f6rben kirakva csillog\u00f3 feh\u00e9r gy\u00e9m\u00e1ntokkal, mindez biztons\u00e1gos patentos z\u00e1rral. Minden h\u00f6lgy kedvence.&quot;}\" data-sheets-userformat=\"{&quot;2&quot;:14851,&quot;3&quot;:{&quot;1&quot;:0},&quot;4&quot;:{&quot;1&quot;:2,&quot;2&quot;:16777215},&quot;12&quot;:0,&quot;14&quot;:{&quot;1&quot;:2,&quot;2&quot;:0},&quot;15&quot;:&quot;Calibri&quot;,&quot;16&quot;:11}\">Klasszikus smaragdos f\u00fclbeval\u00f3, k\u00f6rben kirakva csillog\u00f3 feh\u00e9r gy\u00e9m\u00e1ntokkal, mindez biztons\u00e1gos patentos z\u00e1rral. Minden h\u00f6lgy kedvence.<\/span><\/p>\n","protected":false},"featured_media":242039,"comment_status":"open","ping_status":"open","template":"","meta":{"_acf_changed":false},"product_brand":[],"product_cat":[1918],"product_tag":[1313,133,1310,1305],"class_list":{"0":"post-249010","1":"product","2":"type-product","3":"status-publish","4":"has-post-thumbnail","6":"product_cat-fulbevalo","7":"product_tag-smaragd","8":"product_tag-noi","9":"product_tag-feher-gyemant","10":"product_tag-feher-arany","11":"pa_kollekcio-exkluziv-ekszerek","12":"pa_marka-nardelli","13":"pa_meret-15-cm-hosszu","14":"pa_otvozet-finomsaga-143","15":"pa_suly-29-gr","16":"pa_zarak-beakasztos-hagyomanyos-patent-zar","18":"first","19":"onrequest","20":"taxable","21":"shipping-taxable","22":"product-type-simple"},"acf":[],"_links":{"self":[{"href":"https:\/\/gyemantekszer.com\/en\/wp-json\/wp\/v2\/product\/249010","targetHints":{"allow":["GET"]}}],"collection":[{"href":"https:\/\/gyemantekszer.com\/en\/wp-json\/wp\/v2\/product"}],"about":[{"href":"https:\/\/gyemantekszer.com\/en\/wp-json\/wp\/v2\/types\/product"}],"replies":[{"embeddable":true,"href":"https:\/\/gyemantekszer.com\/en\/wp-json\/wp\/v2\/comments?post=249010"}],"wp:featuredmedia":[{"embeddable":true,"href":"https:\/\/gyemantekszer.com\/en\/wp-json\/wp\/v2\/media\/242039"}],"wp:attachment":[{"href":"https:\/\/gyemantekszer.com\/en\/wp-json\/wp\/v2\/media?parent=249010"}],"wp:term":[{"taxonomy":"product_brand","embeddable":true,"href":"https:\/\/gyemantekszer.com\/en\/wp-json\/wp\/v2\/product_brand?post=249010"},{"taxonomy":"product_cat","embeddable":true,"href":"https:\/\/gyemantekszer.com\/en\/wp-json\/wp\/v2\/product_cat?post=249010"},{"taxonomy":"product_tag","embeddable":true,"href":"https:\/\/gyemantekszer.com\/en\/wp-json\/wp\/v2\/product_tag?post=249010"}],"curies":[{"name":"wp","href":"https:\/\/api.w.org\/{rel}","templated":true}]}}