{"id":249009,"date":"2023-04-13T12:40:29","date_gmt":"2023-04-13T10:40:29","guid":{"rendered":"https:\/\/gyemantekszer.com\/termek\/tirisimoda-copacabana-black-charm-medal\/"},"modified":"2025-09-29T13:01:03","modified_gmt":"2025-09-29T11:01:03","slug":"tirisimoda-copacabana-black-charm-medal","status":"publish","type":"product","link":"https:\/\/gyemantekszer.com\/en\/termek\/tirisimoda-copacabana-black-charm-medal\/","title":{"rendered":"TirisiModa &#8211; COPACABANA Black Charm\/Med\u00e1l"},"content":{"rendered":"","protected":false},"excerpt":{"rendered":"<p>A ROYAL DIAMONDS \u00c9KSZERH\u00c1Z kiz\u00e1r\u00f3lagosan forgalmazza a nemzetk\u00f6zi TIRISI m\u00e1rk\u00e1t. Ez az exkluz\u00edv vil\u00e1g m\u00e1rka t\u00f6bb kateg\u00f3ri\u00e1ban el\u00e9rhet\u0151, melyekr\u0151l b\u00e1tran elmondhat\u00f3, hogy \u00f6tv\u00f6zik a st\u00edlus \u00e9s a divat vil\u00e1g\u00e1t.\u00a0 A TIRISI MODA kollekci\u00f3ra jellemz\u0151, hogy vagy teljesen 18 kar\u00e1tos aranyb\u00f3l, vagy vegyesen 18 kar\u00e1tos aranyb\u00f3l \u00e9s ez\u00fcstb\u0151l k\u00e9sz\u00fcl.<\/p>\n<p>Ez a k\u00fcl\u00f6nleges sz\u00e9ps\u00e9g\u0171 charm a TIRISI MODA kollekci\u00f3 darabja.<\/p>\n<p>A charm feh\u00e9r r\u00e9sze ez\u00fcst, a ros\u00e9 r\u00e9sze pedig 18 kar\u00e1tos arany fekete t\u0171zzom\u00e1nccal. Jelen esetben minden kieg\u00e9sz\u00edt\u0151 adat \u00e9s \u00e1r erre az 1 db charmra vonatkozik. A tov\u00e1bbi fot\u00f3kon szerepl\u0151 kieg\u00e9sz\u00edt\u0151 term\u00e9kek nem k\u00e9pezik a jelenlegi aj\u00e1nlat r\u00e9sz\u00e9t.<\/p>\n<p>Tov\u00e1bbi szebbn\u00e9l szebb kieg\u00e9sz\u00edt\u0151kkel b\u0151v\u00edthet\u0151 ez a k\u00e1pr\u00e1zatos kollekci\u00f3, gondoljunk ak\u00e1r f\u00fclbeval\u00f3kra vagy tov\u00e1bbi charmokra \u00e9s kark\u00f6t\u0151kre\u2026<\/p>\n","protected":false},"featured_media":242036,"comment_status":"open","ping_status":"open","template":"","meta":{"_acf_changed":false},"product_brand":[],"product_cat":[1977,1361,1980],"product_tag":[1930,1384,1390,1385],"class_list":{"0":"post-249009","1":"product","2":"type-product","3":"status-publish","4":"has-post-thumbnail","6":"product_cat-other-jewelry","7":"product_cat-exclusive-bracelets","8":"product_cat-medal","9":"product_tag-ezust","10":"product_tag-for-ladies","11":"product_tag-jewel-setts","12":"product_tag-rose-gold","13":"pa_kollekcio-divat-ekszerek-kiegeszitok","14":"pa_marka-tirisi-moda","15":"pa_meret-25-cm-hosszu","16":"pa_otvozet-finomsaga-18-gold-and-925-silver-combination","17":"pa_suly-39-gr","18":"pa_zarak-biztonsagi-zar","20":"first","21":"instock","22":"taxable","23":"shipping-taxable","24":"purchasable","25":"product-type-simple"},"acf":[],"_links":{"self":[{"href":"https:\/\/gyemantekszer.com\/en\/wp-json\/wp\/v2\/product\/249009","targetHints":{"allow":["GET"]}}],"collection":[{"href":"https:\/\/gyemantekszer.com\/en\/wp-json\/wp\/v2\/product"}],"about":[{"href":"https:\/\/gyemantekszer.com\/en\/wp-json\/wp\/v2\/types\/product"}],"replies":[{"embeddable":true,"href":"https:\/\/gyemantekszer.com\/en\/wp-json\/wp\/v2\/comments?post=249009"}],"wp:featuredmedia":[{"embeddable":true,"href":"https:\/\/gyemantekszer.com\/en\/wp-json\/wp\/v2\/media\/242036"}],"wp:attachment":[{"href":"https:\/\/gyemantekszer.com\/en\/wp-json\/wp\/v2\/media?parent=249009"}],"wp:term":[{"taxonomy":"product_brand","embeddable":true,"href":"https:\/\/gyemantekszer.com\/en\/wp-json\/wp\/v2\/product_brand?post=249009"},{"taxonomy":"product_cat","embeddable":true,"href":"https:\/\/gyemantekszer.com\/en\/wp-json\/wp\/v2\/product_cat?post=249009"},{"taxonomy":"product_tag","embeddable":true,"href":"https:\/\/gyemantekszer.com\/en\/wp-json\/wp\/v2\/product_tag?post=249009"}],"curies":[{"name":"wp","href":"https:\/\/api.w.org\/{rel}","templated":true}]}}