{"id":248959,"date":"2023-03-29T12:33:37","date_gmt":"2023-03-29T10:33:37","guid":{"rendered":"https:\/\/gyemantekszer.com\/termek\/valentina-gyemant-fulbevalo\/"},"modified":"2025-10-13T17:00:53","modified_gmt":"2025-10-13T15:00:53","slug":"valentina-gyemant-fulbevalo","status":"publish","type":"product","link":"https:\/\/gyemantekszer.com\/en\/termek\/valentina-gyemant-fulbevalo\/","title":{"rendered":"Valentina gy\u00e9m\u00e1nt f\u00fclbeval\u00f3"},"content":{"rendered":"","protected":false},"excerpt":{"rendered":"<p><span data-sheets-value=\"{&quot;1&quot;:2,&quot;2&quot;:&quot;Feh\u00e9raranyb\u00f3l k\u00e9sz\u00edtett, csillog\u00f3 feh\u00e9r gy\u00e9m\u00e1ntokkal kirakott f\u00fclbeval\u00f3 fels\u0151r\u00e9sz, melyen cs\u00fcng egy-egy levehet\u0151 med\u00e1l. A k\u00e9pen illusztr\u00e1lva l\u00e1that\u00f3, hogy nyak\u00e9kk\u00e9nt is viselhet\u0151.&quot;}\" data-sheets-userformat=\"{&quot;2&quot;:14851,&quot;3&quot;:{&quot;1&quot;:0},&quot;4&quot;:{&quot;1&quot;:2,&quot;2&quot;:16777215},&quot;12&quot;:0,&quot;14&quot;:{&quot;1&quot;:2,&quot;2&quot;:0},&quot;15&quot;:&quot;Calibri&quot;,&quot;16&quot;:11}\">Feh\u00e9raranyb\u00f3l k\u00e9sz\u00edtett, csillog\u00f3 feh\u00e9r gy\u00e9m\u00e1ntokkal kirakott f\u00fclbeval\u00f3 fels\u0151r\u00e9sz, melyen cs\u00fcng egy-egy levehet\u0151 med\u00e1l. A k\u00e9pen illusztr\u00e1lva l\u00e1that\u00f3, hogy nyak\u00e9kk\u00e9nt is viselhet\u0151.<\/span><\/p>\n","protected":false},"featured_media":241790,"comment_status":"open","ping_status":"closed","template":"","meta":{"_acf_changed":false},"product_brand":[],"product_cat":[1918],"product_tag":[133,1310,1305],"class_list":{"0":"post-248959","1":"product","2":"type-product","3":"status-publish","4":"has-post-thumbnail","6":"product_cat-fulbevalo","7":"product_tag-noi","8":"product_tag-feher-gyemant","9":"product_tag-feher-arany","10":"pa_kollekcio-exkluziv-ekszerek","11":"pa_marka-royal-diamonds-by-alexandra-ronai","12":"pa_meret-20-cm-hosszu-2","13":"pa_otvozet-finomsaga-143","14":"pa_suly-32-gr","15":"pa_zarak-francia-patent-zar","17":"first","18":"instock","19":"taxable","20":"shipping-taxable","21":"purchasable","22":"product-type-simple"},"acf":[],"_links":{"self":[{"href":"https:\/\/gyemantekszer.com\/en\/wp-json\/wp\/v2\/product\/248959","targetHints":{"allow":["GET"]}}],"collection":[{"href":"https:\/\/gyemantekszer.com\/en\/wp-json\/wp\/v2\/product"}],"about":[{"href":"https:\/\/gyemantekszer.com\/en\/wp-json\/wp\/v2\/types\/product"}],"replies":[{"embeddable":true,"href":"https:\/\/gyemantekszer.com\/en\/wp-json\/wp\/v2\/comments?post=248959"}],"wp:featuredmedia":[{"embeddable":true,"href":"https:\/\/gyemantekszer.com\/en\/wp-json\/wp\/v2\/media\/241790"}],"wp:attachment":[{"href":"https:\/\/gyemantekszer.com\/en\/wp-json\/wp\/v2\/media?parent=248959"}],"wp:term":[{"taxonomy":"product_brand","embeddable":true,"href":"https:\/\/gyemantekszer.com\/en\/wp-json\/wp\/v2\/product_brand?post=248959"},{"taxonomy":"product_cat","embeddable":true,"href":"https:\/\/gyemantekszer.com\/en\/wp-json\/wp\/v2\/product_cat?post=248959"},{"taxonomy":"product_tag","embeddable":true,"href":"https:\/\/gyemantekszer.com\/en\/wp-json\/wp\/v2\/product_tag?post=248959"}],"curies":[{"name":"wp","href":"https:\/\/api.w.org\/{rel}","templated":true}]}}