{"id":248952,"date":"2023-03-24T13:51:30","date_gmt":"2023-03-24T12:51:30","guid":{"rendered":"https:\/\/gyemantekszer.com\/termek\/coscia-nanetta-gyongysor\/"},"modified":"2026-03-19T12:54:18","modified_gmt":"2026-03-19T11:54:18","slug":"coscia-nanetta-gyongysor","status":"publish","type":"product","link":"https:\/\/gyemantekszer.com\/en\/product\/coscia-nanetta-gyongysor\/","title":{"rendered":"Coscia &#8211; Nanetta gy\u00f6ngysor"},"content":{"rendered":"","protected":false},"excerpt":{"rendered":"<p><span data-sheets-value=\"{&quot;1&quot;:2,&quot;2&quot;:&quot;Eleg\u00e1ns, ugyanakkor modern gy\u00f6ngysor a k\u00f6zep\u00e9n egy feh\u00e9raranyb\u00f3l k\u00e9sz\u00fclt g\u00f6mbbel, amelyr\u0151l egy nagyobb gy\u00f6ngyszem l\u00f3g le.&quot;}\" data-sheets-userformat=\"{&quot;2&quot;:14851,&quot;3&quot;:{&quot;1&quot;:0},&quot;4&quot;:{&quot;1&quot;:2,&quot;2&quot;:16777215},&quot;12&quot;:0,&quot;14&quot;:{&quot;1&quot;:2,&quot;2&quot;:0},&quot;15&quot;:&quot;Calibri&quot;,&quot;16&quot;:11}\">Eleg\u00e1ns, ugyanakkor modern gy\u00f6ngysor a k\u00f6zep\u00e9n egy feh\u00e9raranyb\u00f3l k\u00e9sz\u00fclt g\u00f6mbbel, amelyr\u0151l egy nagyobb gy\u00f6ngyszem cs\u00fcng.<\/span><\/p>\n","protected":false},"featured_media":241757,"comment_status":"open","ping_status":"open","template":"","meta":{"_acf_changed":false},"product_brand":[],"product_cat":[1978],"product_tag":[1384,1375,1379],"class_list":{"0":"post-248952","1":"product","2":"type-product","3":"status-publish","4":"has-post-thumbnail","6":"product_cat-string-of-pearls","7":"product_tag-for-ladies","8":"product_tag-white-gold","9":"product_tag-with-pearls","10":"pa_kollekcio-exkluziv-ekszerek","11":"pa_marka-coscia","12":"pa_meret-415-cm-hosszu","13":"pa_otvozet-finomsaga-143","14":"pa_suly-272-gr","15":"pa_zarak-karabiner-zar","17":"first","18":"onrequest","19":"taxable","20":"shipping-taxable","21":"product-type-simple"},"acf":[],"_links":{"self":[{"href":"https:\/\/gyemantekszer.com\/en\/wp-json\/wp\/v2\/product\/248952","targetHints":{"allow":["GET"]}}],"collection":[{"href":"https:\/\/gyemantekszer.com\/en\/wp-json\/wp\/v2\/product"}],"about":[{"href":"https:\/\/gyemantekszer.com\/en\/wp-json\/wp\/v2\/types\/product"}],"replies":[{"embeddable":true,"href":"https:\/\/gyemantekszer.com\/en\/wp-json\/wp\/v2\/comments?post=248952"}],"wp:featuredmedia":[{"embeddable":true,"href":"https:\/\/gyemantekszer.com\/en\/wp-json\/wp\/v2\/media\/241757"}],"wp:attachment":[{"href":"https:\/\/gyemantekszer.com\/en\/wp-json\/wp\/v2\/media?parent=248952"}],"wp:term":[{"taxonomy":"product_brand","embeddable":true,"href":"https:\/\/gyemantekszer.com\/en\/wp-json\/wp\/v2\/product_brand?post=248952"},{"taxonomy":"product_cat","embeddable":true,"href":"https:\/\/gyemantekszer.com\/en\/wp-json\/wp\/v2\/product_cat?post=248952"},{"taxonomy":"product_tag","embeddable":true,"href":"https:\/\/gyemantekszer.com\/en\/wp-json\/wp\/v2\/product_tag?post=248952"}],"curies":[{"name":"wp","href":"https:\/\/api.w.org\/{rel}","templated":true}]}}