{"id":248941,"date":"2023-03-21T11:22:39","date_gmt":"2023-03-21T10:22:39","guid":{"rendered":"https:\/\/gyemantekszer.com\/termek\/coscia-axel-gyemant-gyuru\/"},"modified":"2026-03-19T12:54:18","modified_gmt":"2026-03-19T11:54:18","slug":"coscia-axel-gyemant-gyuru","status":"publish","type":"product","link":"https:\/\/gyemantekszer.com\/en\/termek\/coscia-axel-gyemant-gyuru\/","title":{"rendered":"Coscia Axel gy\u00e9m\u00e1nt gy\u0171r\u0171"},"content":{"rendered":"","protected":false},"excerpt":{"rendered":"<p>Gy\u00f6ny\u00f6r\u0171 egyedi feh\u00e9rarany gy\u00e9m\u00e1nt gy\u0171r\u0171, amelyet egy k\u00fcl\u00f6nleges Akoya gy\u00f6ngy d\u00edsz\u00edt, \u00e9s gy\u00e9m\u00e1ntok teszik m\u00e9g eleg\u00e1nsabb viselett\u00e9.<\/p>\n<p>Az Akoya a legismertebb \u00e9s legdr\u00e1g\u00e1bb teny\u00e9sztett gy\u00f6ngy<strong>,<\/strong>\u00a0amelyet gy\u00f6ngykagyl\u00f3ban teny\u00e9sztenek Jap\u00e1n partjain\u00e1l. Az\u00a0Akoya gy\u00f6ngy\u00f6k csod\u00e1latos gy\u00f6ngyh\u00e1z f\u00e9ny\u00fckr\u0151l \u00e9s meleg sz\u00edn\u00fckr\u0151l h\u00edresek.<\/p>\n","protected":false},"featured_media":241707,"comment_status":"open","ping_status":"open","template":"","meta":{"_acf_changed":false},"product_brand":[],"product_cat":[1917],"product_tag":[135,133,140,1310,1305,136],"class_list":{"0":"post-248941","1":"product","2":"type-product","3":"status-publish","4":"has-post-thumbnail","6":"product_cat-gyuru","7":"product_tag-eljegyzes","8":"product_tag-noi","9":"product_tag-meretezheto","10":"product_tag-feher-gyemant","11":"product_tag-feher-arany","12":"product_tag-gyongyos","13":"pa_kollekcio-exkluziv-ekszerek","14":"pa_marka-coscia","15":"pa_meret-187","16":"pa_otvozet-finomsaga-143","17":"pa_suly-32-gr","19":"first","20":"onrequest","21":"taxable","22":"shipping-taxable","23":"product-type-simple"},"acf":[],"_links":{"self":[{"href":"https:\/\/gyemantekszer.com\/en\/wp-json\/wp\/v2\/product\/248941","targetHints":{"allow":["GET"]}}],"collection":[{"href":"https:\/\/gyemantekszer.com\/en\/wp-json\/wp\/v2\/product"}],"about":[{"href":"https:\/\/gyemantekszer.com\/en\/wp-json\/wp\/v2\/types\/product"}],"replies":[{"embeddable":true,"href":"https:\/\/gyemantekszer.com\/en\/wp-json\/wp\/v2\/comments?post=248941"}],"wp:featuredmedia":[{"embeddable":true,"href":"https:\/\/gyemantekszer.com\/en\/wp-json\/wp\/v2\/media\/241707"}],"wp:attachment":[{"href":"https:\/\/gyemantekszer.com\/en\/wp-json\/wp\/v2\/media?parent=248941"}],"wp:term":[{"taxonomy":"product_brand","embeddable":true,"href":"https:\/\/gyemantekszer.com\/en\/wp-json\/wp\/v2\/product_brand?post=248941"},{"taxonomy":"product_cat","embeddable":true,"href":"https:\/\/gyemantekszer.com\/en\/wp-json\/wp\/v2\/product_cat?post=248941"},{"taxonomy":"product_tag","embeddable":true,"href":"https:\/\/gyemantekszer.com\/en\/wp-json\/wp\/v2\/product_tag?post=248941"}],"curies":[{"name":"wp","href":"https:\/\/api.w.org\/{rel}","templated":true}]}}