{"id":248909,"date":"2023-03-14T12:29:27","date_gmt":"2023-03-14T11:29:27","guid":{"rendered":"https:\/\/gyemantekszer.com\/termek\/arif-rose-gyemant-karikagyuru\/"},"modified":"2025-10-22T13:08:13","modified_gmt":"2025-10-22T11:08:13","slug":"arif-rose-gyemant-karikagyuru","status":"publish","type":"product","link":"https:\/\/gyemantekszer.com\/en\/termek\/arif-rose-gyemant-karikagyuru\/","title":{"rendered":"Arif ros\u00e9 gy\u00e9m\u00e1nt karikagy\u0171r\u0171"},"content":{"rendered":"","protected":false},"excerpt":{"rendered":"<p><span data-sheets-value=\"{&quot;1&quot;:2,&quot;2&quot;:&quot;Modern, eleg\u00e1ns feh\u00e9raranyb\u00f3l k\u00e9sz\u00fclt, apr\u00f3 fekete gy\u00e9m\u00e1ntokkal d\u00edsz\u00edtett ez a fiatalos karikagy\u0171r\u0171, t\u00f6k\u00e9letes v\u00e1laszt\u00e1s.&quot;}\" data-sheets-userformat=\"{&quot;2&quot;:14851,&quot;3&quot;:{&quot;1&quot;:0},&quot;4&quot;:{&quot;1&quot;:2,&quot;2&quot;:16777215},&quot;12&quot;:0,&quot;14&quot;:{&quot;1&quot;:2,&quot;2&quot;:0},&quot;15&quot;:&quot;Calibri&quot;,&quot;16&quot;:11}\">Modern, eleg\u00e1ns ros\u00e9 aranyb\u00f3l k\u00e9sz\u00fclt, konyak sz\u00edn\u0171 gy\u00e9m\u00e1ntokkal d\u00edsz\u00edtett ez a fiatalos karikagy\u0171r\u0171, t\u00f6k\u00e9letes v\u00e1laszt\u00e1s.<\/span><\/p>\n","protected":false},"featured_media":241554,"comment_status":"open","ping_status":"closed","template":"","meta":{"_acf_changed":false},"product_brand":[],"product_cat":[1917,1919],"product_tag":[138,135,134,1545,133,1306],"class_list":{"0":"post-248909","1":"product","2":"type-product","3":"status-publish","4":"has-post-thumbnail","6":"product_cat-gyuru","7":"product_cat-karikagyuru","8":"product_tag-ekszer-szett","9":"product_tag-eljegyzes","10":"product_tag-ferfi","11":"product_tag-konyak-gyemant","12":"product_tag-noi","13":"product_tag-roze-arany","14":"pa_kollekcio-exkluziv-ekszerek","15":"pa_marka-royal-diamonds-by-alexandra-ronai","16":"pa_meret-312","17":"pa_otvozet-finomsaga-143","18":"pa_suly-60-gr","20":"first","21":"instock","22":"taxable","23":"shipping-taxable","24":"purchasable","25":"product-type-simple"},"acf":[],"_links":{"self":[{"href":"https:\/\/gyemantekszer.com\/en\/wp-json\/wp\/v2\/product\/248909","targetHints":{"allow":["GET"]}}],"collection":[{"href":"https:\/\/gyemantekszer.com\/en\/wp-json\/wp\/v2\/product"}],"about":[{"href":"https:\/\/gyemantekszer.com\/en\/wp-json\/wp\/v2\/types\/product"}],"replies":[{"embeddable":true,"href":"https:\/\/gyemantekszer.com\/en\/wp-json\/wp\/v2\/comments?post=248909"}],"wp:featuredmedia":[{"embeddable":true,"href":"https:\/\/gyemantekszer.com\/en\/wp-json\/wp\/v2\/media\/241554"}],"wp:attachment":[{"href":"https:\/\/gyemantekszer.com\/en\/wp-json\/wp\/v2\/media?parent=248909"}],"wp:term":[{"taxonomy":"product_brand","embeddable":true,"href":"https:\/\/gyemantekszer.com\/en\/wp-json\/wp\/v2\/product_brand?post=248909"},{"taxonomy":"product_cat","embeddable":true,"href":"https:\/\/gyemantekszer.com\/en\/wp-json\/wp\/v2\/product_cat?post=248909"},{"taxonomy":"product_tag","embeddable":true,"href":"https:\/\/gyemantekszer.com\/en\/wp-json\/wp\/v2\/product_tag?post=248909"}],"curies":[{"name":"wp","href":"https:\/\/api.w.org\/{rel}","templated":true}]}}