{"id":248902,"date":"2023-03-14T09:23:33","date_gmt":"2023-03-14T08:23:33","guid":{"rendered":"https:\/\/gyemantekszer.com\/termek\/zeinab-gyemant-gyuru\/"},"modified":"2026-03-19T12:54:18","modified_gmt":"2026-03-19T11:54:18","slug":"zeinab-gyemant-gyuru","status":"publish","type":"product","link":"https:\/\/gyemantekszer.com\/en\/termek\/zeinab-gyemant-gyuru\/","title":{"rendered":"Zeinab gy\u00e9m\u00e0nt gy\u0171r\u0171"},"content":{"rendered":"","protected":false},"excerpt":{"rendered":"<p><span data-sheets-value=\"{&quot;1&quot;:2,&quot;2&quot;:&quot;K\u00fcl\u00f6nleges r\u00f3zsasz\u00edn\u0171 Morganit dr\u00e1gak\u0151vel d\u00edsz\u00edtett ros\u00e9 aranyb\u00f3l elk\u00e9sz\u00edtett gy\u0171r\u0171, mely telis tele van csillog\u00f3 feh\u00e9r gy\u00e9m\u00e1ntokkal. Elb\u0171v\u0151l\u0151 aj\u00e1nd\u00e9k.&quot;}\" data-sheets-userformat=\"{&quot;2&quot;:14851,&quot;3&quot;:{&quot;1&quot;:0},&quot;4&quot;:{&quot;1&quot;:2,&quot;2&quot;:16777215},&quot;12&quot;:0,&quot;14&quot;:{&quot;1&quot;:2,&quot;2&quot;:0},&quot;15&quot;:&quot;Calibri&quot;,&quot;16&quot;:11}\">K\u00fcl\u00f6nleges r\u00f3zsasz\u00edn\u0171 Morganit dr\u00e1gak\u0151vel d\u00edsz\u00edtett ros\u00e9 aranyb\u00f3l elk\u00e9sz\u00edtett gy\u0171r\u0171, mely telis tele van csillog\u00f3 feh\u00e9r gy\u00e9m\u00e1ntokkal. Elb\u0171v\u0151l\u0151 aj\u00e1nd\u00e9k.<\/span><\/p>\n","protected":false},"featured_media":241514,"comment_status":"open","ping_status":"open","template":"","meta":{"_acf_changed":false},"product_brand":[],"product_cat":[1359],"product_tag":[1384,1390,1385,1376],"class_list":{"0":"post-248902","1":"product","2":"type-product","3":"status-publish","4":"has-post-thumbnail","6":"product_cat-exclusive-rings","7":"product_tag-for-ladies","8":"product_tag-jewel-setts","9":"product_tag-rose-gold","10":"product_tag-white-diamond","11":"pa_kollekcio-exkluziv-ekszerek","12":"pa_marka-royal-diamonds-by-alexandra-ronai","13":"pa_meret-187","14":"pa_otvozet-finomsaga-143","15":"pa_suly-78-gr","17":"first","18":"onrequest","19":"taxable","20":"shipping-taxable","21":"product-type-simple"},"acf":[],"_links":{"self":[{"href":"https:\/\/gyemantekszer.com\/en\/wp-json\/wp\/v2\/product\/248902","targetHints":{"allow":["GET"]}}],"collection":[{"href":"https:\/\/gyemantekszer.com\/en\/wp-json\/wp\/v2\/product"}],"about":[{"href":"https:\/\/gyemantekszer.com\/en\/wp-json\/wp\/v2\/types\/product"}],"replies":[{"embeddable":true,"href":"https:\/\/gyemantekszer.com\/en\/wp-json\/wp\/v2\/comments?post=248902"}],"wp:featuredmedia":[{"embeddable":true,"href":"https:\/\/gyemantekszer.com\/en\/wp-json\/wp\/v2\/media\/241514"}],"wp:attachment":[{"href":"https:\/\/gyemantekszer.com\/en\/wp-json\/wp\/v2\/media?parent=248902"}],"wp:term":[{"taxonomy":"product_brand","embeddable":true,"href":"https:\/\/gyemantekszer.com\/en\/wp-json\/wp\/v2\/product_brand?post=248902"},{"taxonomy":"product_cat","embeddable":true,"href":"https:\/\/gyemantekszer.com\/en\/wp-json\/wp\/v2\/product_cat?post=248902"},{"taxonomy":"product_tag","embeddable":true,"href":"https:\/\/gyemantekszer.com\/en\/wp-json\/wp\/v2\/product_tag?post=248902"}],"curies":[{"name":"wp","href":"https:\/\/api.w.org\/{rel}","templated":true}]}}