{"id":248873,"date":"2023-02-13T14:17:33","date_gmt":"2023-02-13T13:17:33","guid":{"rendered":"https:\/\/gyemantekszer.com\/termek\/tirisi-moda-kisses-x-borkarkoto-4\/"},"modified":"2026-03-16T16:14:32","modified_gmt":"2026-03-16T15:14:32","slug":"tirisi-moda-kisses-x-borkarkoto-4","status":"publish","type":"product","link":"https:\/\/gyemantekszer.com\/en\/termek\/tirisi-moda-kisses-x-borkarkoto-4\/","title":{"rendered":"TIRISI MODA Kisses X B\u0151rkark\u00f6t\u0151"},"content":{"rendered":"","protected":false},"excerpt":{"rendered":"<p>A ROYAL DIAMONDS \u00c9KSZERH\u00c1Z kiz\u00e1r\u00f3lagosan forgalmazza a nemzetk\u00f6zi TIRISI m\u00e1rk\u00e1t. Ez az exkluz\u00edv vil\u00e1g m\u00e1rka t\u00f6bb kateg\u00f3ri\u00e1ban el\u00e9rhet\u0151, melyekr\u0151l b\u00e1tran elmondhat\u00f3, hogy \u00f6tv\u00f6zik a st\u00edlus \u00e9s a divat vil\u00e1g\u00e1t.\u00a0 A TIRISI MODA kollekci\u00f3ra jellemz\u0151, hogy vagy teljesen 18 kar\u00e1tos aranyb\u00f3l, vagy vegyesen 18 kar\u00e1tos aranyb\u00f3l \u00e9s ez\u00fcstb\u0151l k\u00e9sz\u00fcl.<\/p>\n<p>Ez a k\u00fcl\u00f6nleges sz\u00e9ps\u00e9g\u0171 kark\u00f6t\u0151 a TIRISI MODA kollekci\u00f3 darabja.<\/p>\n<p>A kark\u00f6t\u0151 feh\u00e9r r\u00e9sze ez\u00fcst, a ros\u00e9 r\u00e9sze pedig 18 kar\u00e1tos arany, mindez r\u00f3zsasz\u00edn marhab\u0151rrel elk\u00e9sz\u00edtve. Jelen esetben minden kieg\u00e9sz\u00edt\u0151 adat \u00e9s \u00e1r erre az 1 db kark\u00f6t\u0151re vonatkozik. A tov\u00e1bbi fot\u00f3kon szerepl\u0151 kieg\u00e9sz\u00edt\u0151 term\u00e9kek nem k\u00e9pezik a jelenlegi aj\u00e1nlat r\u00e9sz\u00e9t.<\/p>\n<p>Tov\u00e1bbi szebbn\u00e9l szebb kieg\u00e9sz\u00edt\u0151kkel b\u0151v\u00edthet\u0151 ez a k\u00e1pr\u00e1zatos kollekci\u00f3, gondoljunk ak\u00e1r plusz kark\u00f6t\u0151kre, hozz\u00e1 ill\u0151 f\u00fclbeval\u00f3kra, nyak\u00e9kekre, med\u00e1lokra \u00e9s gy\u0171r\u0171kre\u2026<\/p>\n","protected":false},"featured_media":241405,"comment_status":"open","ping_status":"open","template":"","meta":{"_acf_changed":false},"product_brand":[],"product_cat":[1921],"product_tag":[1930,133,138,1306],"class_list":{"0":"post-248873","1":"product","2":"type-product","3":"status-publish","4":"has-post-thumbnail","6":"product_cat-karkoto","7":"product_tag-ezust","8":"product_tag-noi","9":"product_tag-ekszer-szett","10":"product_tag-roze-arany","11":"pa_kollekcio-divat-ekszerek-kiegeszitok","12":"pa_marka-tirisi-moda","13":"pa_meret-allithato","14":"pa_otvozet-finomsaga-18-arany-es-925-ezust-kombinacioja","15":"pa_suly-46-gr","17":"first","18":"onrequest","19":"taxable","20":"shipping-taxable","21":"product-type-simple"},"acf":[],"_links":{"self":[{"href":"https:\/\/gyemantekszer.com\/en\/wp-json\/wp\/v2\/product\/248873","targetHints":{"allow":["GET"]}}],"collection":[{"href":"https:\/\/gyemantekszer.com\/en\/wp-json\/wp\/v2\/product"}],"about":[{"href":"https:\/\/gyemantekszer.com\/en\/wp-json\/wp\/v2\/types\/product"}],"replies":[{"embeddable":true,"href":"https:\/\/gyemantekszer.com\/en\/wp-json\/wp\/v2\/comments?post=248873"}],"wp:featuredmedia":[{"embeddable":true,"href":"https:\/\/gyemantekszer.com\/en\/wp-json\/wp\/v2\/media\/241405"}],"wp:attachment":[{"href":"https:\/\/gyemantekszer.com\/en\/wp-json\/wp\/v2\/media?parent=248873"}],"wp:term":[{"taxonomy":"product_brand","embeddable":true,"href":"https:\/\/gyemantekszer.com\/en\/wp-json\/wp\/v2\/product_brand?post=248873"},{"taxonomy":"product_cat","embeddable":true,"href":"https:\/\/gyemantekszer.com\/en\/wp-json\/wp\/v2\/product_cat?post=248873"},{"taxonomy":"product_tag","embeddable":true,"href":"https:\/\/gyemantekszer.com\/en\/wp-json\/wp\/v2\/product_tag?post=248873"}],"curies":[{"name":"wp","href":"https:\/\/api.w.org\/{rel}","templated":true}]}}