{"id":248869,"date":"2023-02-13T13:42:31","date_gmt":"2023-02-13T12:42:31","guid":{"rendered":"https:\/\/gyemantekszer.com\/termek\/tirisi-moda-cape-town-gyuru-02\/"},"modified":"2025-10-24T13:36:35","modified_gmt":"2025-10-24T11:36:35","slug":"tirisi-moda-cape-town-gyuru-02","status":"publish","type":"product","link":"https:\/\/gyemantekszer.com\/en\/product\/tirisi-moda-cape-town-gyuru-02\/","title":{"rendered":"TIRISI MODA Cape Town Gy\u0171r\u0171 02"},"content":{"rendered":"","protected":false},"excerpt":{"rendered":"<p>A ROYAL DIAMONDS \u00c9KSZERH\u00c1Z kiz\u00e1r\u00f3lagosan forgalmazza a nemzetk\u00f6zi TIRISI m\u00e1rk\u00e1t. Ez az exkluz\u00edv vil\u00e1g m\u00e1rka t\u00f6bb kateg\u00f3ri\u00e1ban el\u00e9rhet\u0151, melyekr\u0151l b\u00e1tran elmondhat\u00f3, hogy \u00f6tv\u00f6zik a st\u00edlus \u00e9s a divat vil\u00e1g\u00e1t.\u00a0 A TIRISI MODA kollekci\u00f3ra jellemz\u0151, hogy vagy teljesen 18 kar\u00e1tos aranyb\u00f3l, vagy vegyesen 18 kar\u00e1tos aranyb\u00f3l \u00e9s ez\u00fcstb\u0151l k\u00e9sz\u00fcl.<\/p>\n<p>Ez a k\u00fcl\u00f6nleges sz\u00e9ps\u00e9g\u0171 gy\u0171r\u0171 a TIRISI MODA kollekci\u00f3 darabja.<\/p>\n<p>A gy\u0171r\u0171 feh\u00e9r r\u00e9sze ez\u00fcst \u00e9s k\u00e9k sz\u00edn\u0171 t\u0171zzom\u00e1nccal van d\u00edsz\u00edtve. Jelen esetben minden kieg\u00e9sz\u00edt\u0151 adat \u00e9s \u00e1r erre az 1 db gy\u0171r\u0171re vonatkozik. A tov\u00e1bbi fot\u00f3kon szerepl\u0151 kieg\u00e9sz\u00edt\u0151 term\u00e9kek nem k\u00e9pezik a jelenlegi aj\u00e1nlat r\u00e9sz\u00e9t.<\/p>\n<p>Tov\u00e1bbi szebbn\u00e9l szebb kieg\u00e9sz\u00edt\u0151kkel b\u0151v\u00edthet\u0151 ez a k\u00e1pr\u00e1zatos kollekci\u00f3, gondoljunk ak\u00e1r hozz\u00e1 ill\u0151 f\u00fclbeval\u00f3kra vagy charmokra\/med\u00e1lokra \u00e9s kark\u00f6t\u0151kre\u2026<\/p>\n","protected":false},"featured_media":231158,"comment_status":"open","ping_status":"closed","template":"","meta":{"_acf_changed":false},"product_brand":[],"product_cat":[1917],"product_tag":[1384,1390],"class_list":{"0":"post-248869","1":"product","2":"type-product","3":"status-publish","4":"has-post-thumbnail","6":"product_cat-gyuru","7":"product_tag-for-ladies","8":"product_tag-jewel-setts","9":"pa_kollekcio-divat-ekszerek-kiegeszitok","10":"pa_marka-tirisi-moda","11":"pa_meret-156","12":"pa_otvozet-finomsaga-925-silver","13":"pa_suly-36-gr","15":"first","16":"instock","17":"taxable","18":"shipping-taxable","19":"purchasable","20":"product-type-simple"},"acf":[],"_links":{"self":[{"href":"https:\/\/gyemantekszer.com\/en\/wp-json\/wp\/v2\/product\/248869","targetHints":{"allow":["GET"]}}],"collection":[{"href":"https:\/\/gyemantekszer.com\/en\/wp-json\/wp\/v2\/product"}],"about":[{"href":"https:\/\/gyemantekszer.com\/en\/wp-json\/wp\/v2\/types\/product"}],"replies":[{"embeddable":true,"href":"https:\/\/gyemantekszer.com\/en\/wp-json\/wp\/v2\/comments?post=248869"}],"wp:featuredmedia":[{"embeddable":true,"href":"https:\/\/gyemantekszer.com\/en\/wp-json\/wp\/v2\/media\/231158"}],"wp:attachment":[{"href":"https:\/\/gyemantekszer.com\/en\/wp-json\/wp\/v2\/media?parent=248869"}],"wp:term":[{"taxonomy":"product_brand","embeddable":true,"href":"https:\/\/gyemantekszer.com\/en\/wp-json\/wp\/v2\/product_brand?post=248869"},{"taxonomy":"product_cat","embeddable":true,"href":"https:\/\/gyemantekszer.com\/en\/wp-json\/wp\/v2\/product_cat?post=248869"},{"taxonomy":"product_tag","embeddable":true,"href":"https:\/\/gyemantekszer.com\/en\/wp-json\/wp\/v2\/product_tag?post=248869"}],"curies":[{"name":"wp","href":"https:\/\/api.w.org\/{rel}","templated":true}]}}