{"id":248856,"date":"2026-05-04T13:00:22","date_gmt":"2026-05-04T11:00:22","guid":{"rendered":"https:\/\/gyemantekszer.com\/termek\/violetta-silver-437-1-karkoto\/"},"modified":"2026-05-04T15:47:17","modified_gmt":"2026-05-04T13:47:17","slug":"lelune-glamour-violetta-gyongyos-karkoto","status":"publish","type":"product","link":"https:\/\/gyemantekszer.com\/en\/termek\/lelune-glamour-violetta-gyongyos-karkoto\/","title":{"rendered":"LELUNE GLAMOUR \u2013 VIOLETTA Jade gy\u00f6ngy\u00f6s kark\u00f6t\u0151"},"content":{"rendered":"","protected":false},"excerpt":{"rendered":"<p>A Violetta Silver \u00faj ny\u00e1ri kollekci\u00f3j\u00e1nak ez a k\u00fcl\u00f6nleges darabja a kifinomult n\u0151iess\u00e9g megtestes\u00edt\u0151je. A Jade dr\u00e1gak\u00f6vek \u00e9s a ragyog\u00f3 teny\u00e9sztett gy\u00f6ngy\u00f6k eleg\u00e1ns kompoz\u00edci\u00f3ja minden alkalmat eml\u00e9kezetess\u00e9 tesz.<\/p>\n<p>Fedezze fel a kollekci\u00f3 tov\u00e1bbi darabjait is: t\u00f6bbf\u00e9le kark\u00f6t\u0151 kombin\u00e1l\u00e1s\u00e1val egyedi, m\u00e9gis kifinomult megjelen\u00e9st teremthet, amely tov\u00e1bb emeli a visel\u00e9s \u00e9lm\u00e9ny\u00e9t. Olaszorsz\u00e1gb\u00f3l \u00e9rkeztek ezek a nemes anyagokb\u00f3l gondosan megtervezett gy\u00f6ngy\u00f6s, dr\u00e1gak\u00f6ves <em>LE LUNE Glamour<\/em> \u00e9kszerek.<\/p>\n","protected":false},"featured_media":251500,"comment_status":"open","ping_status":"closed","template":"","meta":{"_acf_changed":false},"product_brand":[],"product_cat":[1921],"product_tag":[1930,136,133],"class_list":{"0":"post-248856","1":"product","2":"type-product","3":"status-publish","4":"has-post-thumbnail","6":"product_cat-karkoto","7":"product_tag-ezust","8":"product_tag-gyongyos","9":"product_tag-noi","10":"pa_kollekcio-divat-ekszerek-kiegeszitok","11":"pa_marka-le-lune-glamour","12":"pa_meret-flexibilis","13":"pa_otvozet-finomsaga-925-ezust","15":"first","16":"instock","17":"taxable","18":"shipping-taxable","19":"purchasable","20":"product-type-simple"},"acf":[],"_links":{"self":[{"href":"https:\/\/gyemantekszer.com\/en\/wp-json\/wp\/v2\/product\/248856","targetHints":{"allow":["GET"]}}],"collection":[{"href":"https:\/\/gyemantekszer.com\/en\/wp-json\/wp\/v2\/product"}],"about":[{"href":"https:\/\/gyemantekszer.com\/en\/wp-json\/wp\/v2\/types\/product"}],"replies":[{"embeddable":true,"href":"https:\/\/gyemantekszer.com\/en\/wp-json\/wp\/v2\/comments?post=248856"}],"wp:featuredmedia":[{"embeddable":true,"href":"https:\/\/gyemantekszer.com\/en\/wp-json\/wp\/v2\/media\/251500"}],"wp:attachment":[{"href":"https:\/\/gyemantekszer.com\/en\/wp-json\/wp\/v2\/media?parent=248856"}],"wp:term":[{"taxonomy":"product_brand","embeddable":true,"href":"https:\/\/gyemantekszer.com\/en\/wp-json\/wp\/v2\/product_brand?post=248856"},{"taxonomy":"product_cat","embeddable":true,"href":"https:\/\/gyemantekszer.com\/en\/wp-json\/wp\/v2\/product_cat?post=248856"},{"taxonomy":"product_tag","embeddable":true,"href":"https:\/\/gyemantekszer.com\/en\/wp-json\/wp\/v2\/product_tag?post=248856"}],"curies":[{"name":"wp","href":"https:\/\/api.w.org\/{rel}","templated":true}]}}