{"id":248854,"date":"2023-02-02T11:32:04","date_gmt":"2023-02-02T10:32:04","guid":{"rendered":"https:\/\/gyemantekszer.com\/termek\/cristelle-392-1-nyakek\/"},"modified":"2025-09-29T12:59:14","modified_gmt":"2025-09-29T10:59:14","slug":"cristelle-392-1-nyakek","status":"publish","type":"product","link":"https:\/\/gyemantekszer.com\/en\/termek\/cristelle-392-1-nyakek\/","title":{"rendered":"Cristelle 392.1 Nyak\u00e9k"},"content":{"rendered":"","protected":false},"excerpt":{"rendered":"<p>Ez az \u00e9kszer az \u00daj CRISTELLE kollekci\u00f3 r\u00e9sze, gy\u00f6nggyel \u00e9s feh\u00e9r cirk\u00f3ina k\u00f6vekkel kirakott, ros\u00e9 aranyozott ez\u00fcst nyak\u00e9k.<\/p>\n<p>Olaszorsz\u00e1gb\u00f3l \u00e9rkeztek ezek a nemes anyagokb\u00f3l gondosan megtervezett gy\u00f6ngy\u00f6s, dr\u00e1gak\u00f6ves \u00e9s aranyozott ez\u00fcst alkatr\u00e9szekkel kieg\u00e9sz\u00edtett<em>\u00a0LE LUNE Glamour<\/em>\u00a0\u00e9kszerek. Divatos sz\u00ednvil\u00e1g\u00e1val \u00e9s nemes anyagv\u00e1laszt\u00e1s\u00e1val feldobja sz\u00fcrke h\u00e9tk\u00f6znapjainkat.<\/p>\n<p>Aj\u00e1nljuk figyelm\u00e9be a\u00a0<em>LE LUNE Glamour<\/em> gy\u0151ny\u0151r\u0171, szebbn\u00e9l szebb kark\u00f6t\u0151it \u00e9s f\u00fclbeval\u00f3it.<\/p>\n","protected":false},"featured_media":205032,"comment_status":"open","ping_status":"open","template":"","meta":{"_acf_changed":false},"product_brand":[],"product_cat":[1923],"product_tag":[1930,133,138,136],"class_list":{"0":"post-248854","1":"product","2":"type-product","3":"status-publish","4":"has-post-thumbnail","6":"product_cat-nyakek","7":"product_tag-ezust","8":"product_tag-noi","9":"product_tag-ekszer-szett","10":"product_tag-gyongyos","11":"pa_kollekcio-divat-ekszerek-kiegeszitok","12":"pa_marka-le-lune-glamour","13":"pa_meret-42-46-cm","14":"pa_otvozet-finomsaga-925-ezust","15":"pa_zarak-ezust-karabiner-zarral","17":"first","18":"onrequest","19":"taxable","20":"shipping-taxable","21":"product-type-simple"},"acf":[],"_links":{"self":[{"href":"https:\/\/gyemantekszer.com\/en\/wp-json\/wp\/v2\/product\/248854","targetHints":{"allow":["GET"]}}],"collection":[{"href":"https:\/\/gyemantekszer.com\/en\/wp-json\/wp\/v2\/product"}],"about":[{"href":"https:\/\/gyemantekszer.com\/en\/wp-json\/wp\/v2\/types\/product"}],"replies":[{"embeddable":true,"href":"https:\/\/gyemantekszer.com\/en\/wp-json\/wp\/v2\/comments?post=248854"}],"wp:featuredmedia":[{"embeddable":true,"href":"https:\/\/gyemantekszer.com\/en\/wp-json\/wp\/v2\/media\/205032"}],"wp:attachment":[{"href":"https:\/\/gyemantekszer.com\/en\/wp-json\/wp\/v2\/media?parent=248854"}],"wp:term":[{"taxonomy":"product_brand","embeddable":true,"href":"https:\/\/gyemantekszer.com\/en\/wp-json\/wp\/v2\/product_brand?post=248854"},{"taxonomy":"product_cat","embeddable":true,"href":"https:\/\/gyemantekszer.com\/en\/wp-json\/wp\/v2\/product_cat?post=248854"},{"taxonomy":"product_tag","embeddable":true,"href":"https:\/\/gyemantekszer.com\/en\/wp-json\/wp\/v2\/product_tag?post=248854"}],"curies":[{"name":"wp","href":"https:\/\/api.w.org\/{rel}","templated":true}]}}