{"id":248777,"date":"2022-12-10T04:49:57","date_gmt":"2022-12-10T03:49:57","guid":{"rendered":"https:\/\/gyemantekszer.com\/termek\/domiciana-gyemant-fulbevalo\/"},"modified":"2025-09-29T12:58:24","modified_gmt":"2025-09-29T10:58:24","slug":"domiciana-gyemant-fulbevalo","status":"publish","type":"product","link":"https:\/\/gyemantekszer.com\/en\/termek\/domiciana-gyemant-fulbevalo\/","title":{"rendered":"Domici\u00e1na Gy\u00e9m\u00e1nt F\u00fclbeval\u00f3"},"content":{"rendered":"","protected":false},"excerpt":{"rendered":"<p>K\u00e1pr\u00e1zatosan sz\u00e9p feh\u00e9raranyb\u00f3l elk\u00e9sz\u00edtett r\u00f3zsasz\u00edn sz\u00edn\u0171 Morganit dr\u00e1gak\u0151vel k\u00f6z\u00e9pen, k\u00f6rben pedig csillog\u00f3 feh\u00e9r gy\u00e9m\u00e1ntokkal kirakott, melyet apr\u00f3l\u00e9kosan a r\u00e9szletekben is gy\u0151ny\u0151r\u0171en (f\u00f6lbeval\u00f3 h\u00e1ts\u00f3 r\u00e9sze) kidolgoztak. Minden n\u0151t elk\u00e1pr\u00e1ztat.<\/p>\n","protected":false},"featured_media":241130,"comment_status":"open","ping_status":"open","template":"","meta":{"_acf_changed":false},"product_brand":[],"product_cat":[1918],"product_tag":[133,1310,1305],"class_list":{"0":"post-248777","1":"product","2":"type-product","3":"status-publish","4":"has-post-thumbnail","6":"product_cat-fulbevalo","7":"product_tag-noi","8":"product_tag-feher-gyemant","9":"product_tag-feher-arany","10":"pa_kollekcio-exkluziv-ekszerek","11":"pa_marka-royal-diamonds-by-alexandra-ronai","12":"pa_otvozet-finomsaga-143","13":"pa_suly-62-gr","14":"pa_zarak-francia-patent-zar","16":"first","17":"instock","18":"taxable","19":"shipping-taxable","20":"purchasable","21":"product-type-simple"},"acf":[],"_links":{"self":[{"href":"https:\/\/gyemantekszer.com\/en\/wp-json\/wp\/v2\/product\/248777","targetHints":{"allow":["GET"]}}],"collection":[{"href":"https:\/\/gyemantekszer.com\/en\/wp-json\/wp\/v2\/product"}],"about":[{"href":"https:\/\/gyemantekszer.com\/en\/wp-json\/wp\/v2\/types\/product"}],"replies":[{"embeddable":true,"href":"https:\/\/gyemantekszer.com\/en\/wp-json\/wp\/v2\/comments?post=248777"}],"wp:featuredmedia":[{"embeddable":true,"href":"https:\/\/gyemantekszer.com\/en\/wp-json\/wp\/v2\/media\/241130"}],"wp:attachment":[{"href":"https:\/\/gyemantekszer.com\/en\/wp-json\/wp\/v2\/media?parent=248777"}],"wp:term":[{"taxonomy":"product_brand","embeddable":true,"href":"https:\/\/gyemantekszer.com\/en\/wp-json\/wp\/v2\/product_brand?post=248777"},{"taxonomy":"product_cat","embeddable":true,"href":"https:\/\/gyemantekszer.com\/en\/wp-json\/wp\/v2\/product_cat?post=248777"},{"taxonomy":"product_tag","embeddable":true,"href":"https:\/\/gyemantekszer.com\/en\/wp-json\/wp\/v2\/product_tag?post=248777"}],"curies":[{"name":"wp","href":"https:\/\/api.w.org\/{rel}","templated":true}]}}