{"id":248758,"date":"2022-12-05T12:07:27","date_gmt":"2022-12-05T11:07:27","guid":{"rendered":"https:\/\/gyemantekszer.com\/termek\/francesco-gyemant-karkoto\/"},"modified":"2025-10-24T14:16:55","modified_gmt":"2025-10-24T12:16:55","slug":"francesco-gyemant-karkoto","status":"publish","type":"product","link":"https:\/\/gyemantekszer.com\/en\/termek\/francesco-gyemant-karkoto\/","title":{"rendered":"Francesco gy\u00e9m\u00e1nt kark\u00f6t\u0151"},"content":{"rendered":"","protected":false},"excerpt":{"rendered":"<p><span data-sheets-value=\"{&quot;1&quot;:2,&quot;2&quot;:&quot;Modern, mark\u00e1ns \u00e9s fiatalos fekete porcel\u00e1n, feh\u00e9rarany gy\u00e9m\u00e0ntos d\u00edsz\u00edt\u00e9ssel ez a kark\u00f6t\u0151 igaz\u00e0n exkluz\u00edv darab.&quot;}\" data-sheets-userformat=\"{&quot;2&quot;:14851,&quot;3&quot;:{&quot;1&quot;:0},&quot;4&quot;:{&quot;1&quot;:2,&quot;2&quot;:16777215},&quot;12&quot;:0,&quot;14&quot;:{&quot;1&quot;:2,&quot;2&quot;:0},&quot;15&quot;:&quot;Calibri&quot;,&quot;16&quot;:11}\">Modern, mark\u00e1ns \u00e9s fiatalos fekete porcel\u00e1n, feh\u00e9rarany a gy\u00e9m\u00e0ntos d\u00edsz\u00edt\u00e9s a k\u00f6zep\u00e9n, a t\u00f6bbi f\u00e9m r\u00e9sze pedig nemesac\u00e9l, ez a kark\u00f6t\u0151 igaz\u00e0n exkluz\u00edv darab.<\/span><\/p>\n","protected":false},"featured_media":241056,"comment_status":"open","ping_status":"closed","template":"","meta":{"_acf_changed":false},"product_brand":[],"product_cat":[1921],"product_tag":[1305,1311,134],"class_list":{"0":"post-248758","1":"product","2":"type-product","3":"status-publish","4":"has-post-thumbnail","6":"product_cat-karkoto","7":"product_tag-feher-arany","8":"product_tag-fekete-gyemant","9":"product_tag-ferfi","10":"pa_kollekcio-divat-ekszerek-kiegeszitok","11":"pa_marka-royal-diamonds-by-alexandra-ronai","12":"pa_meret-195-cm-hosszu","13":"pa_otvozet-finomsaga-143","14":"pa_suly-15-gr","15":"pa_zarak-karabiner-zar","17":"first","18":"instock","19":"sold-individually","20":"taxable","21":"shipping-taxable","22":"purchasable","23":"product-type-simple"},"acf":[],"_links":{"self":[{"href":"https:\/\/gyemantekszer.com\/en\/wp-json\/wp\/v2\/product\/248758","targetHints":{"allow":["GET"]}}],"collection":[{"href":"https:\/\/gyemantekszer.com\/en\/wp-json\/wp\/v2\/product"}],"about":[{"href":"https:\/\/gyemantekszer.com\/en\/wp-json\/wp\/v2\/types\/product"}],"replies":[{"embeddable":true,"href":"https:\/\/gyemantekszer.com\/en\/wp-json\/wp\/v2\/comments?post=248758"}],"wp:featuredmedia":[{"embeddable":true,"href":"https:\/\/gyemantekszer.com\/en\/wp-json\/wp\/v2\/media\/241056"}],"wp:attachment":[{"href":"https:\/\/gyemantekszer.com\/en\/wp-json\/wp\/v2\/media?parent=248758"}],"wp:term":[{"taxonomy":"product_brand","embeddable":true,"href":"https:\/\/gyemantekszer.com\/en\/wp-json\/wp\/v2\/product_brand?post=248758"},{"taxonomy":"product_cat","embeddable":true,"href":"https:\/\/gyemantekszer.com\/en\/wp-json\/wp\/v2\/product_cat?post=248758"},{"taxonomy":"product_tag","embeddable":true,"href":"https:\/\/gyemantekszer.com\/en\/wp-json\/wp\/v2\/product_tag?post=248758"}],"curies":[{"name":"wp","href":"https:\/\/api.w.org\/{rel}","templated":true}]}}