{"id":248753,"date":"2022-12-04T15:48:32","date_gmt":"2022-12-04T14:48:32","guid":{"rendered":"https:\/\/gyemantekszer.com\/termek\/coscia-diandra-gyemant-fulbevalo\/"},"modified":"2025-09-29T12:58:07","modified_gmt":"2025-09-29T10:58:07","slug":"coscia-diandra-gyemant-fulbevalo","status":"publish","type":"product","link":"https:\/\/gyemantekszer.com\/en\/product\/coscia-diandra-gyemant-fulbevalo\/","title":{"rendered":"Coscia &#8211; Diandra Gy\u00e9m\u00e1nt F\u00fclbeval\u00f3"},"content":{"rendered":"","protected":false},"excerpt":{"rendered":"<p>Feh\u00e9raranyb\u00f3l elk\u00e9sz\u00edtett gy\u00f6ngy\u00f6s f\u00fclbeval\u00f3, a cs\u00fcng\u0151s r\u00e9szn\u00e9l finoman kirakva csillog\u00f3 gy\u00e9m\u00e1ntokkal.<\/p>\n","protected":false},"featured_media":241034,"comment_status":"open","ping_status":"open","template":"","meta":{"_acf_changed":false},"product_brand":[],"product_cat":[1918],"product_tag":[1384,1376,1375,1379],"class_list":{"0":"post-248753","1":"product","2":"type-product","3":"status-publish","4":"has-post-thumbnail","6":"product_cat-fulbevalo","7":"product_tag-for-ladies","8":"product_tag-white-diamond","9":"product_tag-white-gold","10":"product_tag-with-pearls","11":"pa_kollekcio-exkluziv-ekszerek","12":"pa_marka-coscia","13":"pa_otvozet-finomsaga-143","14":"pa_suly-17-gr","15":"pa_zarak-stekkeres-atszuros-zar","17":"first","18":"instock","19":"sale","20":"sold-individually","21":"taxable","22":"shipping-taxable","23":"purchasable","24":"product-type-simple"},"acf":[],"_links":{"self":[{"href":"https:\/\/gyemantekszer.com\/en\/wp-json\/wp\/v2\/product\/248753","targetHints":{"allow":["GET"]}}],"collection":[{"href":"https:\/\/gyemantekszer.com\/en\/wp-json\/wp\/v2\/product"}],"about":[{"href":"https:\/\/gyemantekszer.com\/en\/wp-json\/wp\/v2\/types\/product"}],"replies":[{"embeddable":true,"href":"https:\/\/gyemantekszer.com\/en\/wp-json\/wp\/v2\/comments?post=248753"}],"wp:featuredmedia":[{"embeddable":true,"href":"https:\/\/gyemantekszer.com\/en\/wp-json\/wp\/v2\/media\/241034"}],"wp:attachment":[{"href":"https:\/\/gyemantekszer.com\/en\/wp-json\/wp\/v2\/media?parent=248753"}],"wp:term":[{"taxonomy":"product_brand","embeddable":true,"href":"https:\/\/gyemantekszer.com\/en\/wp-json\/wp\/v2\/product_brand?post=248753"},{"taxonomy":"product_cat","embeddable":true,"href":"https:\/\/gyemantekszer.com\/en\/wp-json\/wp\/v2\/product_cat?post=248753"},{"taxonomy":"product_tag","embeddable":true,"href":"https:\/\/gyemantekszer.com\/en\/wp-json\/wp\/v2\/product_tag?post=248753"}],"curies":[{"name":"wp","href":"https:\/\/api.w.org\/{rel}","templated":true}]}}