{"id":248736,"date":"2022-12-02T17:46:37","date_gmt":"2022-12-02T16:46:37","guid":{"rendered":"https:\/\/gyemantekszer.com\/termek\/nardelli-damjana-gyemant-karkoto\/"},"modified":"2025-09-29T12:57:54","modified_gmt":"2025-09-29T10:57:54","slug":"nardelli-damjana-gyemant-karkoto","status":"publish","type":"product","link":"https:\/\/gyemantekszer.com\/en\/termek\/nardelli-damjana-gyemant-karkoto\/","title":{"rendered":"Nardelli &#8211; Damj\u00e1na Gy\u00e9m\u00e1nt Kark\u00f6t\u0151 01"},"content":{"rendered":"","protected":false},"excerpt":{"rendered":"<p>Feh\u00e9rarany teniszkark\u00f6t\u0151 egy sorban csillog\u00f3 feh\u00e9r gy\u00e9m\u00e1ntokkal kirakra, biztons\u00e1gos z\u00e1rral. Minden n\u0151 \u00e1lma.<\/p>\n","protected":false},"featured_media":240957,"comment_status":"open","ping_status":"open","template":"","meta":{"_acf_changed":false},"product_brand":[],"product_cat":[1921],"product_tag":[133,1310,1305],"class_list":{"0":"post-248736","1":"product","2":"type-product","3":"status-publish","4":"has-post-thumbnail","6":"product_cat-karkoto","7":"product_tag-noi","8":"product_tag-feher-gyemant","9":"product_tag-feher-arany","10":"pa_kollekcio-exkluziv-ekszerek","11":"pa_marka-nardelli","12":"pa_otvozet-finomsaga-143","13":"pa_suly-66-gr","14":"pa_zarak-biztonsagi-nyelves-zar-2-db-biztonsagi-nyolcassal","16":"first","17":"onrequest","18":"taxable","19":"shipping-taxable","20":"product-type-simple"},"acf":[],"_links":{"self":[{"href":"https:\/\/gyemantekszer.com\/en\/wp-json\/wp\/v2\/product\/248736","targetHints":{"allow":["GET"]}}],"collection":[{"href":"https:\/\/gyemantekszer.com\/en\/wp-json\/wp\/v2\/product"}],"about":[{"href":"https:\/\/gyemantekszer.com\/en\/wp-json\/wp\/v2\/types\/product"}],"replies":[{"embeddable":true,"href":"https:\/\/gyemantekszer.com\/en\/wp-json\/wp\/v2\/comments?post=248736"}],"wp:featuredmedia":[{"embeddable":true,"href":"https:\/\/gyemantekszer.com\/en\/wp-json\/wp\/v2\/media\/240957"}],"wp:attachment":[{"href":"https:\/\/gyemantekszer.com\/en\/wp-json\/wp\/v2\/media?parent=248736"}],"wp:term":[{"taxonomy":"product_brand","embeddable":true,"href":"https:\/\/gyemantekszer.com\/en\/wp-json\/wp\/v2\/product_brand?post=248736"},{"taxonomy":"product_cat","embeddable":true,"href":"https:\/\/gyemantekszer.com\/en\/wp-json\/wp\/v2\/product_cat?post=248736"},{"taxonomy":"product_tag","embeddable":true,"href":"https:\/\/gyemantekszer.com\/en\/wp-json\/wp\/v2\/product_tag?post=248736"}],"curies":[{"name":"wp","href":"https:\/\/api.w.org\/{rel}","templated":true}]}}