{"id":248726,"date":"2022-12-02T11:17:07","date_gmt":"2022-12-02T10:17:07","guid":{"rendered":"https:\/\/gyemantekszer.com\/termek\/nardelli-cinnia-gyemant-rubin-gyuru\/"},"modified":"2025-09-29T12:57:51","modified_gmt":"2025-09-29T10:57:51","slug":"nardelli-cinnia-gyemant-rubin-gyuru","status":"publish","type":"product","link":"https:\/\/gyemantekszer.com\/en\/termek\/nardelli-cinnia-gyemant-rubin-gyuru\/","title":{"rendered":"Nardelli &#8211; Cinnia Gy\u00e9m\u00e1nt Rubin Gy\u0171r\u0171"},"content":{"rendered":"","protected":false},"excerpt":{"rendered":"<p>Ros\u00e9 aranyb\u00f3l k\u00e9sz\u00fclt rubinokkal \u00e9s feh\u00e9r gy\u00e9m\u00e1ntokkal megszort gy\u0151ny\u0151r\u0171 gy\u0171r\u0171.<\/p>\n","protected":false},"featured_media":240912,"comment_status":"open","ping_status":"open","template":"","meta":{"_acf_changed":false},"product_brand":[],"product_cat":[1917],"product_tag":[133,1306,1310],"class_list":{"0":"post-248726","1":"product","2":"type-product","3":"status-publish","4":"has-post-thumbnail","6":"product_cat-gyuru","7":"product_tag-noi","8":"product_tag-roze-arany","9":"product_tag-feher-gyemant","10":"pa_kollekcio-exkluziv-ekszerek","11":"pa_marka-nardelli","12":"pa_otvozet-finomsaga-143","13":"pa_suly-50-gr","15":"first","16":"onrequest","17":"taxable","18":"shipping-taxable","19":"product-type-simple"},"acf":[],"_links":{"self":[{"href":"https:\/\/gyemantekszer.com\/en\/wp-json\/wp\/v2\/product\/248726","targetHints":{"allow":["GET"]}}],"collection":[{"href":"https:\/\/gyemantekszer.com\/en\/wp-json\/wp\/v2\/product"}],"about":[{"href":"https:\/\/gyemantekszer.com\/en\/wp-json\/wp\/v2\/types\/product"}],"replies":[{"embeddable":true,"href":"https:\/\/gyemantekszer.com\/en\/wp-json\/wp\/v2\/comments?post=248726"}],"wp:featuredmedia":[{"embeddable":true,"href":"https:\/\/gyemantekszer.com\/en\/wp-json\/wp\/v2\/media\/240912"}],"wp:attachment":[{"href":"https:\/\/gyemantekszer.com\/en\/wp-json\/wp\/v2\/media?parent=248726"}],"wp:term":[{"taxonomy":"product_brand","embeddable":true,"href":"https:\/\/gyemantekszer.com\/en\/wp-json\/wp\/v2\/product_brand?post=248726"},{"taxonomy":"product_cat","embeddable":true,"href":"https:\/\/gyemantekszer.com\/en\/wp-json\/wp\/v2\/product_cat?post=248726"},{"taxonomy":"product_tag","embeddable":true,"href":"https:\/\/gyemantekszer.com\/en\/wp-json\/wp\/v2\/product_tag?post=248726"}],"curies":[{"name":"wp","href":"https:\/\/api.w.org\/{rel}","templated":true}]}}