{"id":248725,"date":"2022-12-02T11:07:43","date_gmt":"2022-12-02T10:07:43","guid":{"rendered":"https:\/\/gyemantekszer.com\/termek\/nardelli-cinnia-gyemant-gyuru\/"},"modified":"2025-09-29T12:57:51","modified_gmt":"2025-09-29T10:57:51","slug":"nardelli-cinnia-gyemant-gyuru","status":"publish","type":"product","link":"https:\/\/gyemantekszer.com\/en\/termek\/nardelli-cinnia-gyemant-gyuru\/","title":{"rendered":"Nardelli &#8211; Cinnia Gy\u00e9m\u00e1nt Smaragd Gy\u0171r\u0171"},"content":{"rendered":"","protected":false},"excerpt":{"rendered":"<p>Feh\u00e9raranyb\u00f3l k\u00e9sz\u00fclt smaragdokkal \u00e9s feh\u00e9r gy\u00e9m\u00e1ntokkal megszort gy\u0151ny\u0151r\u0171 gy\u0171r\u0171.<\/p>\n","protected":false},"featured_media":240908,"comment_status":"open","ping_status":"open","template":"","meta":{"_acf_changed":false},"product_brand":[],"product_cat":[1917],"product_tag":[1313,133,1310],"class_list":{"0":"post-248725","1":"product","2":"type-product","3":"status-publish","4":"has-post-thumbnail","6":"product_cat-gyuru","7":"product_tag-smaragd","8":"product_tag-noi","9":"product_tag-feher-gyemant","10":"pa_kollekcio-exkluziv-ekszerek","11":"pa_marka-nardelli","12":"pa_otvozet-finomsaga-143","13":"pa_suly-52-gr","15":"first","16":"onrequest","17":"taxable","18":"shipping-taxable","19":"product-type-simple"},"acf":[],"_links":{"self":[{"href":"https:\/\/gyemantekszer.com\/en\/wp-json\/wp\/v2\/product\/248725","targetHints":{"allow":["GET"]}}],"collection":[{"href":"https:\/\/gyemantekszer.com\/en\/wp-json\/wp\/v2\/product"}],"about":[{"href":"https:\/\/gyemantekszer.com\/en\/wp-json\/wp\/v2\/types\/product"}],"replies":[{"embeddable":true,"href":"https:\/\/gyemantekszer.com\/en\/wp-json\/wp\/v2\/comments?post=248725"}],"wp:featuredmedia":[{"embeddable":true,"href":"https:\/\/gyemantekszer.com\/en\/wp-json\/wp\/v2\/media\/240908"}],"wp:attachment":[{"href":"https:\/\/gyemantekszer.com\/en\/wp-json\/wp\/v2\/media?parent=248725"}],"wp:term":[{"taxonomy":"product_brand","embeddable":true,"href":"https:\/\/gyemantekszer.com\/en\/wp-json\/wp\/v2\/product_brand?post=248725"},{"taxonomy":"product_cat","embeddable":true,"href":"https:\/\/gyemantekszer.com\/en\/wp-json\/wp\/v2\/product_cat?post=248725"},{"taxonomy":"product_tag","embeddable":true,"href":"https:\/\/gyemantekszer.com\/en\/wp-json\/wp\/v2\/product_tag?post=248725"}],"curies":[{"name":"wp","href":"https:\/\/api.w.org\/{rel}","templated":true}]}}