{"id":248718,"date":"2022-12-01T18:29:05","date_gmt":"2022-12-01T17:29:05","guid":{"rendered":"https:\/\/gyemantekszer.com\/termek\/nardelli-brigitta-gyemant-gyuru\/"},"modified":"2025-09-29T12:57:42","modified_gmt":"2025-09-29T10:57:42","slug":"nardelli-brigitta-gyemant-gyuru","status":"publish","type":"product","link":"https:\/\/gyemantekszer.com\/en\/termek\/nardelli-brigitta-gyemant-gyuru\/","title":{"rendered":"Nardelli &#8211; Brigitta Gy\u00e9m\u00e1nt Gy\u0171r\u0171"},"content":{"rendered":"","protected":false},"excerpt":{"rendered":"<p>Elk\u00e9peszt\u0151en sz\u00e9p sz\u00edv csiszol\u00e1s\u00fa Smaragd, k\u00f6rben csillog\u00f3 feh\u00e9r gy\u00e9m\u00e1ntok, mindez feh\u00e9raranyb\u00f3l elk\u00e9sz\u00edtve. Eljegyz\u00e9si gy\u0171r\u0171nek is csod\u00e1latos.<\/p>\n","protected":false},"featured_media":240882,"comment_status":"open","ping_status":"open","template":"","meta":{"_acf_changed":false},"product_brand":[],"product_cat":[1917],"product_tag":[1313,133,140,1310,1305],"class_list":{"0":"post-248718","1":"product","2":"type-product","3":"status-publish","4":"has-post-thumbnail","6":"product_cat-gyuru","7":"product_tag-smaragd","8":"product_tag-noi","9":"product_tag-meretezheto","10":"product_tag-feher-gyemant","11":"product_tag-feher-arany","12":"pa_kollekcio-exkluziv-ekszerek","13":"pa_marka-nardelli","14":"pa_otvozet-finomsaga-143","15":"pa_suly-41-gr","17":"first","18":"onrequest","19":"taxable","20":"shipping-taxable","21":"product-type-simple"},"acf":[],"_links":{"self":[{"href":"https:\/\/gyemantekszer.com\/en\/wp-json\/wp\/v2\/product\/248718","targetHints":{"allow":["GET"]}}],"collection":[{"href":"https:\/\/gyemantekszer.com\/en\/wp-json\/wp\/v2\/product"}],"about":[{"href":"https:\/\/gyemantekszer.com\/en\/wp-json\/wp\/v2\/types\/product"}],"replies":[{"embeddable":true,"href":"https:\/\/gyemantekszer.com\/en\/wp-json\/wp\/v2\/comments?post=248718"}],"wp:featuredmedia":[{"embeddable":true,"href":"https:\/\/gyemantekszer.com\/en\/wp-json\/wp\/v2\/media\/240882"}],"wp:attachment":[{"href":"https:\/\/gyemantekszer.com\/en\/wp-json\/wp\/v2\/media?parent=248718"}],"wp:term":[{"taxonomy":"product_brand","embeddable":true,"href":"https:\/\/gyemantekszer.com\/en\/wp-json\/wp\/v2\/product_brand?post=248718"},{"taxonomy":"product_cat","embeddable":true,"href":"https:\/\/gyemantekszer.com\/en\/wp-json\/wp\/v2\/product_cat?post=248718"},{"taxonomy":"product_tag","embeddable":true,"href":"https:\/\/gyemantekszer.com\/en\/wp-json\/wp\/v2\/product_tag?post=248718"}],"curies":[{"name":"wp","href":"https:\/\/api.w.org\/{rel}","templated":true}]}}