{"id":248672,"date":"2022-11-25T15:00:24","date_gmt":"2022-11-25T14:00:24","guid":{"rendered":"https:\/\/gyemantekszer.com\/termek\/coscia-blackmoon-gyemant-rose-kaucsukos-nyakek-01\/"},"modified":"2025-11-10T16:28:17","modified_gmt":"2025-11-10T15:28:17","slug":"coscia-blackmoon-gyemant-rose-kaucsukos-nyakek-01","status":"publish","type":"product","link":"https:\/\/gyemantekszer.com\/en\/product\/coscia-blackmoon-gyemant-rose-kaucsukos-nyakek-01\/","title":{"rendered":"Coscia Blackmoon &#8211; Gy\u00e9m\u00e1nt Rose Kaucsukos Nyak\u00e9k 01"},"content":{"rendered":"","protected":false},"excerpt":{"rendered":"<p><span data-sheets-value=\"{&quot;1&quot;:2,&quot;2&quot;:&quot;Divatos Tahiti Gy\u00f6nggyel a k\u00f6zep\u00e9n, k\u00e9t oldal\u00e1n csillog\u00f3 feh\u00e9r gy\u00e9m\u00e1ntokkal kirakott d\u00edsz\u00edt\u0151 elemmel, \u00e1ll\u00edthat\u00f3 r\u00e9sszel egy v\u00e9kony term\u00e9szetes kaucsuk gumin, ez egy uniszex nyak\u00e9k.&quot;}\" data-sheets-userformat=\"{&quot;2&quot;:14851,&quot;3&quot;:{&quot;1&quot;:0},&quot;4&quot;:{&quot;1&quot;:2,&quot;2&quot;:16777215},&quot;12&quot;:0,&quot;14&quot;:{&quot;1&quot;:2,&quot;2&quot;:0},&quot;15&quot;:&quot;Calibri&quot;,&quot;16&quot;:11}\">Divatos Tahiti Gy\u00f6nggyel a k\u00f6zep\u00e9n, k\u00e9t oldal\u00e1n csillog\u00f3 feh\u00e9r gy\u00e9m\u00e1ntokkal kirakott d\u00edsz\u00edt\u0151 elemmel, \u00e1ll\u00edthat\u00f3 r\u00e9sszel egy v\u00e9kony term\u00e9szetes kaucsuk gumin, ez egy uniszex nyak\u00e9k.<\/span><\/p>\n","protected":false},"featured_media":240688,"comment_status":"open","ping_status":"closed","template":"","meta":{"_acf_changed":false},"product_brand":[],"product_cat":[1923],"product_tag":[138,1310,134,136,133,1306],"class_list":{"0":"post-248672","1":"product","2":"type-product","3":"status-publish","4":"has-post-thumbnail","6":"product_cat-nyakek","7":"product_tag-ekszer-szett","8":"product_tag-feher-gyemant","9":"product_tag-ferfi","10":"product_tag-gyongyos","11":"product_tag-noi","12":"product_tag-roze-arany","13":"pa_kollekcio-exkluziv-ekszerek","14":"pa_marka-coscia","15":"pa_meret-41-45-cm","16":"pa_otvozet-finomsaga-143","17":"pa_suly-40-gr","18":"pa_zarak-karabiner-zar","20":"first","21":"instock","22":"sale","23":"sold-individually","24":"taxable","25":"shipping-taxable","26":"purchasable","27":"product-type-simple"},"acf":[],"_links":{"self":[{"href":"https:\/\/gyemantekszer.com\/en\/wp-json\/wp\/v2\/product\/248672","targetHints":{"allow":["GET"]}}],"collection":[{"href":"https:\/\/gyemantekszer.com\/en\/wp-json\/wp\/v2\/product"}],"about":[{"href":"https:\/\/gyemantekszer.com\/en\/wp-json\/wp\/v2\/types\/product"}],"replies":[{"embeddable":true,"href":"https:\/\/gyemantekszer.com\/en\/wp-json\/wp\/v2\/comments?post=248672"}],"wp:featuredmedia":[{"embeddable":true,"href":"https:\/\/gyemantekszer.com\/en\/wp-json\/wp\/v2\/media\/240688"}],"wp:attachment":[{"href":"https:\/\/gyemantekszer.com\/en\/wp-json\/wp\/v2\/media?parent=248672"}],"wp:term":[{"taxonomy":"product_brand","embeddable":true,"href":"https:\/\/gyemantekszer.com\/en\/wp-json\/wp\/v2\/product_brand?post=248672"},{"taxonomy":"product_cat","embeddable":true,"href":"https:\/\/gyemantekszer.com\/en\/wp-json\/wp\/v2\/product_cat?post=248672"},{"taxonomy":"product_tag","embeddable":true,"href":"https:\/\/gyemantekszer.com\/en\/wp-json\/wp\/v2\/product_tag?post=248672"}],"curies":[{"name":"wp","href":"https:\/\/api.w.org\/{rel}","templated":true}]}}