{"id":248614,"date":"2022-11-18T11:26:09","date_gmt":"2022-11-18T10:26:09","guid":{"rendered":"https:\/\/gyemantekszer.com\/termek\/tirisi-jewelry-milano-sweeties-turkiz-gyemant-nyakek\/"},"modified":"2025-11-04T13:00:49","modified_gmt":"2025-11-04T12:00:49","slug":"tirisi-jewelry-milano-sweeties-turkiz-gyemant-nyakek","status":"publish","type":"product","link":"https:\/\/gyemantekszer.com\/en\/product\/tirisi-jewelry-milano-sweeties-turkiz-gyemant-nyakek\/","title":{"rendered":"TIRISI Jewelry &#8211; Milano Sweeties T\u00fcrkiz Gy\u00e9m\u00e1nt Nyak\u00e9k"},"content":{"rendered":"","protected":false},"excerpt":{"rendered":"<p>A ROYAL DIAMONDS \u00c9KSZERH\u00c1Z kiz\u00e1r\u00f3lagosan forgalmazza a nemzetk\u00f6zi TIRISI m\u00e1rk\u00e1t. Ez az exkluz\u00edv vil\u00e1g m\u00e1rka t\u00f6bb kateg\u00f3ri\u00e1ban el\u00e9rhet\u0151, melyekr\u0151l b\u00e1tran elmondhat\u00f3, hogy \u00f6tv\u00f6zik a st\u00edlus \u00e9s a divat vil\u00e1g\u00e1t. Ez a k\u00fcl\u00f6nleges sz\u00e9ps\u00e9g\u0171 nyak\u00e9k a TIRISI JEWELRY kollekci\u00f3 darabja. A kollekci\u00f3ra jellemz\u0151, hogy teljesen 18 kar\u00e1tos aranyb\u00f3l k\u00e9sz\u00fcl, k\u00fcl\u00f6nb\u00f6z\u0151 dr\u00e1gak\u00f6vek \u00e9s gy\u00e9m\u00e1ntok d\u00edsz\u00edt\u00e9s\u00e9vel. Ennek a k\u00fcl\u00f6nleges nyak\u00e9knek a k\u00f6z\u00e9ppontj\u00e1ban T\u00fcrkiz tal\u00e1lhat\u00f3 melynek csillog\u00e1s\u00e1t egy r\u00e9teg csiszolt hegyikrist\u00e1ly fokozza. Az \u00e9kszer sz\u00e9ps\u00e9g\u00e9t a feh\u00e9r gy\u00e9m\u00e1ntok hangs\u00falyozz\u00e1k. A kollekci\u00f3hoz tov\u00e1bbi kieg\u00e9sz\u00edt\u0151k tal\u00e1lhat\u00f3ak, gondoljuk ak\u00e1r f\u00fclbeval\u00f3ra vagy gy\u0171r\u0171re \u2026<\/p>\n","protected":false},"featured_media":240544,"comment_status":"open","ping_status":"closed","template":"","meta":{"_acf_changed":false},"product_brand":[],"product_cat":[1923],"product_tag":[1384,1390,1376,1388],"class_list":{"0":"post-248614","1":"product","2":"type-product","3":"status-publish","4":"has-post-thumbnail","6":"product_cat-nyakek","7":"product_tag-for-ladies","8":"product_tag-jewel-setts","9":"product_tag-white-diamond","10":"product_tag-yellow-gold","11":"pa_kollekcio-exkluziv-ekszerek","12":"pa_marka-tirisi-jewelry","13":"pa_meret-40-es-43-cm-hosszu","14":"pa_otvozet-finomsaga-143","15":"pa_suly-37-gr","16":"pa_zarak-karabiner-zar","18":"first","19":"onrequest","20":"sold-individually","21":"taxable","22":"shipping-taxable","23":"product-type-simple"},"acf":[],"_links":{"self":[{"href":"https:\/\/gyemantekszer.com\/en\/wp-json\/wp\/v2\/product\/248614","targetHints":{"allow":["GET"]}}],"collection":[{"href":"https:\/\/gyemantekszer.com\/en\/wp-json\/wp\/v2\/product"}],"about":[{"href":"https:\/\/gyemantekszer.com\/en\/wp-json\/wp\/v2\/types\/product"}],"replies":[{"embeddable":true,"href":"https:\/\/gyemantekszer.com\/en\/wp-json\/wp\/v2\/comments?post=248614"}],"wp:featuredmedia":[{"embeddable":true,"href":"https:\/\/gyemantekszer.com\/en\/wp-json\/wp\/v2\/media\/240544"}],"wp:attachment":[{"href":"https:\/\/gyemantekszer.com\/en\/wp-json\/wp\/v2\/media?parent=248614"}],"wp:term":[{"taxonomy":"product_brand","embeddable":true,"href":"https:\/\/gyemantekszer.com\/en\/wp-json\/wp\/v2\/product_brand?post=248614"},{"taxonomy":"product_cat","embeddable":true,"href":"https:\/\/gyemantekszer.com\/en\/wp-json\/wp\/v2\/product_cat?post=248614"},{"taxonomy":"product_tag","embeddable":true,"href":"https:\/\/gyemantekszer.com\/en\/wp-json\/wp\/v2\/product_tag?post=248614"}],"curies":[{"name":"wp","href":"https:\/\/api.w.org\/{rel}","templated":true}]}}