{"id":248586,"date":"2022-11-11T13:56:27","date_gmt":"2022-11-11T12:56:27","guid":{"rendered":"https:\/\/gyemantekszer.com\/termek\/vanda-gyemant-gyuru\/"},"modified":"2025-09-29T12:56:21","modified_gmt":"2025-09-29T10:56:21","slug":"vanda-gyemant-gyuru","status":"publish","type":"product","link":"https:\/\/gyemantekszer.com\/en\/termek\/vanda-gyemant-gyuru\/","title":{"rendered":"Vanda gy\u00e9m\u00e0nt gy\u0171r\u0171"},"content":{"rendered":"","protected":false},"excerpt":{"rendered":"<p><span data-sheets-value=\"{&quot;1&quot;:2,&quot;2&quot;:&quot;Klasszikus, n\u00e9gy karmos foglalatba foglalt feh\u00e9r csillog\u00f3 gy\u00e9m\u00e1nt, melyet feh\u00e9raranyb\u00f3l k\u00e9sz\u00edtettek term\u00e9szetesen. Minden n\u0151 \u00e1lma egy ilyen eljegyz\u00e9si gy\u0171r\u0171. &quot;}\" data-sheets-userformat=\"{&quot;2&quot;:14851,&quot;3&quot;:{&quot;1&quot;:0},&quot;4&quot;:{&quot;1&quot;:2,&quot;2&quot;:16777215},&quot;12&quot;:0,&quot;14&quot;:{&quot;1&quot;:2,&quot;2&quot;:6710886},&quot;15&quot;:&quot;Lato, Arial, Helvetica, sans-serif&quot;,&quot;16&quot;:11}\">Klasszikus, n\u00e9gy karmos foglalatba foglalt feh\u00e9r csillog\u00f3 gy\u00e9m\u00e1nt, melyet feh\u00e9raranyb\u00f3l k\u00e9sz\u00edtettek term\u00e9szetesen. Minden n\u0151 \u00e1lma egy ilyen eljegyz\u00e9si gy\u0171r\u0171. <\/span><\/p>\n","protected":false},"featured_media":240403,"comment_status":"open","ping_status":"open","template":"","meta":{"_acf_changed":false},"product_brand":[],"product_cat":[1917],"product_tag":[135,133,140,1310,1305],"class_list":{"0":"post-248586","1":"product","2":"type-product","3":"status-publish","4":"has-post-thumbnail","6":"product_cat-gyuru","7":"product_tag-eljegyzes","8":"product_tag-noi","9":"product_tag-meretezheto","10":"product_tag-feher-gyemant","11":"product_tag-feher-arany","12":"pa_kollekcio-exkluziv-ekszerek","13":"pa_marka-nardelli","14":"pa_meret-259","15":"pa_otvozet-finomsaga-143","16":"pa_suly-24-gr","18":"first","19":"onrequest","20":"sold-individually","21":"taxable","22":"shipping-taxable","23":"product-type-simple"},"acf":[],"_links":{"self":[{"href":"https:\/\/gyemantekszer.com\/en\/wp-json\/wp\/v2\/product\/248586","targetHints":{"allow":["GET"]}}],"collection":[{"href":"https:\/\/gyemantekszer.com\/en\/wp-json\/wp\/v2\/product"}],"about":[{"href":"https:\/\/gyemantekszer.com\/en\/wp-json\/wp\/v2\/types\/product"}],"replies":[{"embeddable":true,"href":"https:\/\/gyemantekszer.com\/en\/wp-json\/wp\/v2\/comments?post=248586"}],"wp:featuredmedia":[{"embeddable":true,"href":"https:\/\/gyemantekszer.com\/en\/wp-json\/wp\/v2\/media\/240403"}],"wp:attachment":[{"href":"https:\/\/gyemantekszer.com\/en\/wp-json\/wp\/v2\/media?parent=248586"}],"wp:term":[{"taxonomy":"product_brand","embeddable":true,"href":"https:\/\/gyemantekszer.com\/en\/wp-json\/wp\/v2\/product_brand?post=248586"},{"taxonomy":"product_cat","embeddable":true,"href":"https:\/\/gyemantekszer.com\/en\/wp-json\/wp\/v2\/product_cat?post=248586"},{"taxonomy":"product_tag","embeddable":true,"href":"https:\/\/gyemantekszer.com\/en\/wp-json\/wp\/v2\/product_tag?post=248586"}],"curies":[{"name":"wp","href":"https:\/\/api.w.org\/{rel}","templated":true}]}}