{"id":248563,"date":"2022-10-26T10:10:56","date_gmt":"2022-10-26T08:10:56","guid":{"rendered":"https:\/\/gyemantekszer.com\/termek\/h2on-gioielli-ferfi-karkoto-10\/"},"modified":"2026-01-22T13:57:47","modified_gmt":"2026-01-22T12:57:47","slug":"h2on-gioielli-ferfi-karkoto-10","status":"publish","type":"product","link":"https:\/\/gyemantekszer.com\/en\/termek\/h2on-gioielli-ferfi-karkoto-10\/","title":{"rendered":"H2on &#8211; Gioielli F\u00e9rfi Kark\u00f6t\u0151"},"content":{"rendered":"","protected":false},"excerpt":{"rendered":"<p>\u00daj, Olaszorsz\u00e1gb\u00f3l \u00e9rkezett m\u00e1rk\u00e1nk a H2on-GIOIELLI, amely nikkelmentes, nemesac\u00e9lb\u00f3l k\u00e9sz\u00fclt f\u00e9rfi \u00e9kszereket k\u00e9sz\u00edt. Egyedi tervez\u00e9s\u0171 darabjai a modern, sportos st\u00edlusjegyeket \u00f6tv\u00f6zik a klasszikus eleganci\u00e1val.<\/p>\n<p>Ezt a term\u00e9szetes k\u00f6t\u00e9lb\u0151l k\u00e9sz\u00fclt extravag\u00e1ns kark\u00f6t\u0151t roz\u00e9 aranyozott d\u00edszekkel l\u00e1tt\u00e1k el. Igaz\u00e1n st\u00edlusos \u00e9s eleg\u00e1ns viselet a mindennapokra. H\u00e1tul \u00e1ll\u00edthat\u00f3 r\u00e9sszel kieg\u00e9sz\u00edtve, s \u00edgy komfortosan m\u00e9retre \u00e1ll\u00edthat\u00f3.<\/p>\n<p>&nbsp;<\/p>\n<p>&nbsp;<\/p>\n<p>&nbsp;<\/p>\n","protected":false},"featured_media":250567,"comment_status":"open","ping_status":"closed","template":"","meta":{"_acf_changed":false},"product_brand":[],"product_cat":[1361],"product_tag":[1378,1385],"class_list":{"0":"post-248563","1":"product","2":"type-product","3":"status-publish","4":"has-post-thumbnail","6":"product_cat-exclusive-bracelets","7":"product_tag-men","8":"product_tag-rose-gold","9":"pa_kollekcio-divat-ekszerek-kiegeszitok","10":"pa_marka-h2on","12":"first","13":"instock","14":"sold-individually","15":"taxable","16":"shipping-taxable","17":"purchasable","18":"product-type-simple"},"acf":[],"_links":{"self":[{"href":"https:\/\/gyemantekszer.com\/en\/wp-json\/wp\/v2\/product\/248563","targetHints":{"allow":["GET"]}}],"collection":[{"href":"https:\/\/gyemantekszer.com\/en\/wp-json\/wp\/v2\/product"}],"about":[{"href":"https:\/\/gyemantekszer.com\/en\/wp-json\/wp\/v2\/types\/product"}],"replies":[{"embeddable":true,"href":"https:\/\/gyemantekszer.com\/en\/wp-json\/wp\/v2\/comments?post=248563"}],"wp:featuredmedia":[{"embeddable":true,"href":"https:\/\/gyemantekszer.com\/en\/wp-json\/wp\/v2\/media\/250567"}],"wp:attachment":[{"href":"https:\/\/gyemantekszer.com\/en\/wp-json\/wp\/v2\/media?parent=248563"}],"wp:term":[{"taxonomy":"product_brand","embeddable":true,"href":"https:\/\/gyemantekszer.com\/en\/wp-json\/wp\/v2\/product_brand?post=248563"},{"taxonomy":"product_cat","embeddable":true,"href":"https:\/\/gyemantekszer.com\/en\/wp-json\/wp\/v2\/product_cat?post=248563"},{"taxonomy":"product_tag","embeddable":true,"href":"https:\/\/gyemantekszer.com\/en\/wp-json\/wp\/v2\/product_tag?post=248563"}],"curies":[{"name":"wp","href":"https:\/\/api.w.org\/{rel}","templated":true}]}}