{"id":248562,"date":"2022-10-26T10:02:38","date_gmt":"2022-10-26T08:02:38","guid":{"rendered":"https:\/\/gyemantekszer.com\/termek\/h2on-gioielli-ferfi-karkoto-9\/"},"modified":"2025-09-29T12:56:07","modified_gmt":"2025-09-29T10:56:07","slug":"h2on-gioielli-ferfi-karkoto-9","status":"publish","type":"product","link":"https:\/\/gyemantekszer.com\/en\/termek\/h2on-gioielli-ferfi-karkoto-9\/","title":{"rendered":"H2on-Gioielli Brown F\u00e9rfi Kark\u00f6t\u0151"},"content":{"rendered":"","protected":false},"excerpt":{"rendered":"<p>\u00daj, Olaszorsz\u00e1gb\u00f3l \u00e9rkezett m\u00e1rk\u00e1nk a H2on-GIOIELLI, amely nikkelmentes, nemesac\u00e9lb\u00f3l k\u00e9sz\u00fclt f\u00e9rfi \u00e9kszereket k\u00e9sz\u00edt. Egyedi tervez\u00e9s\u0171 darabjai a modern, sportos st\u00edlusjegyeket \u00f6tv\u00f6zik a klasszikus eleganci\u00e1val.<\/p>\n<p>Ezt a vil\u00e1gos barna term\u00e9szetes k\u00f6t\u00e9lb\u0151l k\u00e9sz\u00fclt kark\u00f6t\u0151t roz\u00e9 aranyozott d\u00edsz\u00edt\u00e9ssel l\u00e1tt\u00e1k el. Igaz\u00e1n st\u00edlusos \u00e9s eleg\u00e1ns viselet a mindennapokra. H\u00e1tul \u00e1ll\u00edthat\u00f3 r\u00e9sszel kieg\u00e9sz\u00edtve, s \u00edgy komfortosan m\u00e9retre \u00e1ll\u00edthat\u00f3.<\/p>\n","protected":false},"featured_media":240323,"comment_status":"open","ping_status":"open","template":"","meta":{"_acf_changed":false},"product_brand":[],"product_cat":[1361],"product_tag":[1935,1378,1936,1937,1385,1383],"class_list":{"0":"post-248562","1":"product","2":"type-product","3":"status-publish","4":"has-post-thumbnail","6":"product_cat-exclusive-bracelets","7":"product_tag-divatekszer","8":"product_tag-men","9":"product_tag-nemesacel","10":"product_tag-nikkelmentes","11":"product_tag-rose-gold","12":"product_tag-sizeable","13":"pa_kollekcio-divat-ekszerek-kiegeszitok","14":"pa_marka-h2on","16":"first","17":"instock","18":"sold-individually","19":"taxable","20":"shipping-taxable","21":"purchasable","22":"product-type-simple"},"acf":[],"_links":{"self":[{"href":"https:\/\/gyemantekszer.com\/en\/wp-json\/wp\/v2\/product\/248562","targetHints":{"allow":["GET"]}}],"collection":[{"href":"https:\/\/gyemantekszer.com\/en\/wp-json\/wp\/v2\/product"}],"about":[{"href":"https:\/\/gyemantekszer.com\/en\/wp-json\/wp\/v2\/types\/product"}],"replies":[{"embeddable":true,"href":"https:\/\/gyemantekszer.com\/en\/wp-json\/wp\/v2\/comments?post=248562"}],"wp:featuredmedia":[{"embeddable":true,"href":"https:\/\/gyemantekszer.com\/en\/wp-json\/wp\/v2\/media\/240323"}],"wp:attachment":[{"href":"https:\/\/gyemantekszer.com\/en\/wp-json\/wp\/v2\/media?parent=248562"}],"wp:term":[{"taxonomy":"product_brand","embeddable":true,"href":"https:\/\/gyemantekszer.com\/en\/wp-json\/wp\/v2\/product_brand?post=248562"},{"taxonomy":"product_cat","embeddable":true,"href":"https:\/\/gyemantekszer.com\/en\/wp-json\/wp\/v2\/product_cat?post=248562"},{"taxonomy":"product_tag","embeddable":true,"href":"https:\/\/gyemantekszer.com\/en\/wp-json\/wp\/v2\/product_tag?post=248562"}],"curies":[{"name":"wp","href":"https:\/\/api.w.org\/{rel}","templated":true}]}}