{"id":248560,"date":"2022-10-25T12:07:58","date_gmt":"2022-10-25T10:07:58","guid":{"rendered":"https:\/\/gyemantekszer.com\/termek\/h2on-gioielli-ferfi-karkoto-7\/"},"modified":"2026-01-22T14:02:20","modified_gmt":"2026-01-22T13:02:20","slug":"h2on-gioielli-ferfi-karkoto-7","status":"publish","type":"product","link":"https:\/\/gyemantekszer.com\/en\/product\/h2on-gioielli-ferfi-karkoto-7\/","title":{"rendered":"H2on-Gioielli Black F\u00e9rfi Kark\u00f6t\u0151"},"content":{"rendered":"","protected":false},"excerpt":{"rendered":"<p>\u00daj, Olaszorsz\u00e1gb\u00f3l \u00e9rkezett m\u00e1rk\u00e1nk a H2on-GIOIELLI, amely nikkelmentes, nemesac\u00e9lb\u00f3l k\u00e9sz\u00fclt f\u00e9rfi \u00e9kszereket k\u00e9sz\u00edt. Egyedi tervez\u00e9s\u0171 darabjai a modern, sportos st\u00edlusjegyeket \u00f6tv\u00f6zik a klasszikus eleganci\u00e1val.<\/p>\n<p>Ezt a fekete sz\u00edn\u0171, marhab\u0151rb\u0151l k\u00e9sz\u00fclt kark\u00f6t\u0151t roz\u00e9 aranyozott d\u00edsz\u00edt\u00e9ssel l\u00e1tt\u00e1k el. Igaz\u00e1n st\u00edlusos \u00e9s eleg\u00e1ns viselet a mindennapokra. H\u00e1tul \u00e1ll\u00edthat\u00f3 r\u00e9sszel kieg\u00e9sz\u00edtve, s \u00edgy komfortosan m\u00e9retre \u00e1ll\u00edthat\u00f3.<\/p>\n","protected":false},"featured_media":240319,"comment_status":"open","ping_status":"closed","template":"","meta":{"_acf_changed":false},"product_brand":[],"product_cat":[1921],"product_tag":[1378],"class_list":{"0":"post-248560","1":"product","2":"type-product","3":"status-publish","4":"has-post-thumbnail","6":"product_cat-karkoto","7":"product_tag-men","8":"pa_kollekcio-divat-ekszerek-kiegeszitok","9":"pa_marka-h2on","10":"pa_meret-25-27cm","12":"first","13":"instock","14":"taxable","15":"shipping-taxable","16":"purchasable","17":"product-type-simple"},"acf":[],"_links":{"self":[{"href":"https:\/\/gyemantekszer.com\/en\/wp-json\/wp\/v2\/product\/248560","targetHints":{"allow":["GET"]}}],"collection":[{"href":"https:\/\/gyemantekszer.com\/en\/wp-json\/wp\/v2\/product"}],"about":[{"href":"https:\/\/gyemantekszer.com\/en\/wp-json\/wp\/v2\/types\/product"}],"replies":[{"embeddable":true,"href":"https:\/\/gyemantekszer.com\/en\/wp-json\/wp\/v2\/comments?post=248560"}],"wp:featuredmedia":[{"embeddable":true,"href":"https:\/\/gyemantekszer.com\/en\/wp-json\/wp\/v2\/media\/240319"}],"wp:attachment":[{"href":"https:\/\/gyemantekszer.com\/en\/wp-json\/wp\/v2\/media?parent=248560"}],"wp:term":[{"taxonomy":"product_brand","embeddable":true,"href":"https:\/\/gyemantekszer.com\/en\/wp-json\/wp\/v2\/product_brand?post=248560"},{"taxonomy":"product_cat","embeddable":true,"href":"https:\/\/gyemantekszer.com\/en\/wp-json\/wp\/v2\/product_cat?post=248560"},{"taxonomy":"product_tag","embeddable":true,"href":"https:\/\/gyemantekszer.com\/en\/wp-json\/wp\/v2\/product_tag?post=248560"}],"curies":[{"name":"wp","href":"https:\/\/api.w.org\/{rel}","templated":true}]}}