{"id":248551,"date":"2022-10-24T10:19:32","date_gmt":"2022-10-24T08:19:32","guid":{"rendered":"https:\/\/gyemantekszer.com\/termek\/adeliza-gyemant-ferfi-karikagyuru\/"},"modified":"2025-11-20T16:16:35","modified_gmt":"2025-11-20T15:16:35","slug":"adeliza-gyemant-ferfi-karikagyuru","status":"publish","type":"product","link":"https:\/\/gyemantekszer.com\/en\/termek\/adeliza-gyemant-ferfi-karikagyuru\/","title":{"rendered":"Adeliza gy\u00e9m\u00e1nt f\u00e9rfi karikagy\u0171r\u0171"},"content":{"rendered":"","protected":false},"excerpt":{"rendered":"<p><span data-sheets-value=\"{&quot;1&quot;:2,&quot;2&quot;:&quot;Ros\u00e9 aranyb\u00f3l elk\u00e9sz\u00edtett f\u00e9rfi karikagy\u0171r\u0171, melybe egy csillog\u00f3 feh\u00e9r gy\u00e9m\u00e1ntot foglaltak a t\u00f6bbi helyen v\u00e9sett feh\u00e9rarany r\u00e1t\u00e9t van mintha k\u00f6vek lenn\u00e9nek.&quot;}\" data-sheets-userformat=\"{&quot;2&quot;:14851,&quot;3&quot;:{&quot;1&quot;:0},&quot;4&quot;:{&quot;1&quot;:2,&quot;2&quot;:16777215},&quot;12&quot;:0,&quot;14&quot;:{&quot;1&quot;:2,&quot;2&quot;:0},&quot;15&quot;:&quot;Calibri&quot;,&quot;16&quot;:11}\">Ros\u00e9 aranyb\u00f3l elk\u00e9sz\u00edtett f\u00e9rfi karikagy\u0171r\u0171, melybe egy csillog\u00f3 feh\u00e9r gy\u00e9m\u00e1ntot foglaltak a t\u00f6bbi helyen v\u00e9sett feh\u00e9rarany r\u00e1t\u00e9t van helyezve mintha k\u00f6vek lenn\u00e9nek.<\/span><\/p>\n","protected":false},"featured_media":240290,"comment_status":"open","ping_status":"closed","template":"","meta":{"_acf_changed":false},"product_brand":[],"product_cat":[1979],"product_tag":[1378,1385,1376],"class_list":{"0":"post-248551","1":"product","2":"type-product","3":"status-publish","4":"has-post-thumbnail","6":"product_cat-wedding-ring","7":"product_tag-men","8":"product_tag-rose-gold","9":"product_tag-white-diamond","10":"pa_kollekcio-exkluziv-ekszerek","11":"pa_marka-kifuto-termek","12":"pa_meret-179","13":"pa_otvozet-finomsaga-221","14":"pa_suly-15-gr","16":"first","17":"instock","18":"sale","19":"sold-individually","20":"taxable","21":"shipping-taxable","22":"purchasable","23":"product-type-simple"},"acf":[],"_links":{"self":[{"href":"https:\/\/gyemantekszer.com\/en\/wp-json\/wp\/v2\/product\/248551","targetHints":{"allow":["GET"]}}],"collection":[{"href":"https:\/\/gyemantekszer.com\/en\/wp-json\/wp\/v2\/product"}],"about":[{"href":"https:\/\/gyemantekszer.com\/en\/wp-json\/wp\/v2\/types\/product"}],"replies":[{"embeddable":true,"href":"https:\/\/gyemantekszer.com\/en\/wp-json\/wp\/v2\/comments?post=248551"}],"wp:featuredmedia":[{"embeddable":true,"href":"https:\/\/gyemantekszer.com\/en\/wp-json\/wp\/v2\/media\/240290"}],"wp:attachment":[{"href":"https:\/\/gyemantekszer.com\/en\/wp-json\/wp\/v2\/media?parent=248551"}],"wp:term":[{"taxonomy":"product_brand","embeddable":true,"href":"https:\/\/gyemantekszer.com\/en\/wp-json\/wp\/v2\/product_brand?post=248551"},{"taxonomy":"product_cat","embeddable":true,"href":"https:\/\/gyemantekszer.com\/en\/wp-json\/wp\/v2\/product_cat?post=248551"},{"taxonomy":"product_tag","embeddable":true,"href":"https:\/\/gyemantekszer.com\/en\/wp-json\/wp\/v2\/product_tag?post=248551"}],"curies":[{"name":"wp","href":"https:\/\/api.w.org\/{rel}","templated":true}]}}