{"id":248549,"date":"2022-10-24T09:38:56","date_gmt":"2022-10-24T07:38:56","guid":{"rendered":"https:\/\/gyemantekszer.com\/termek\/abiata-gyemant-fulbevalo\/"},"modified":"2026-02-28T11:02:58","modified_gmt":"2026-02-28T10:02:58","slug":"abiata-gyemant-fulbevalo","status":"publish","type":"product","link":"https:\/\/gyemantekszer.com\/en\/termek\/abiata-gyemant-fulbevalo\/","title":{"rendered":"Abi\u00e1ta gy\u00e9m\u00e1nt f\u00fclbeval\u00f3"},"content":{"rendered":"","protected":false},"excerpt":{"rendered":"<p><span data-sheets-value=\"{&quot;1&quot;:2,&quot;2&quot;:&quot;S\u00e1rga arany homor\u00fa f\u00fclbeval\u00f3, egy-egy csillog\u00f3 feh\u00e9rgy\u00e9m\u00e1nttal.&quot;}\" data-sheets-userformat=\"{&quot;2&quot;:14851,&quot;3&quot;:{&quot;1&quot;:0},&quot;4&quot;:{&quot;1&quot;:2,&quot;2&quot;:16777215},&quot;12&quot;:0,&quot;14&quot;:{&quot;1&quot;:2,&quot;2&quot;:0},&quot;15&quot;:&quot;Calibri&quot;,&quot;16&quot;:11}\">S\u00e1rga arany homor\u00fa f\u00fclbeval\u00f3, egy-egy csillog\u00f3 feh\u00e9r gy\u00e9m\u00e1nttal.<\/span><\/p>\n","protected":false},"featured_media":240282,"comment_status":"open","ping_status":"closed","template":"","meta":{"_acf_changed":false},"product_brand":[],"product_cat":[1918],"product_tag":[1316,133,138,1310,1307],"class_list":{"0":"post-248549","1":"product","2":"type-product","3":"status-publish","4":"has-post-thumbnail","6":"product_cat-fulbevalo","7":"product_tag-baba-gyermek","8":"product_tag-noi","9":"product_tag-ekszer-szett","10":"product_tag-feher-gyemant","11":"product_tag-sarga-arany","12":"pa_kollekcio-exkluziv-ekszerek","13":"pa_marka-kifuto-termek","14":"pa_meret-08-cm-atmero","15":"pa_otvozet-finomsaga-221","16":"pa_suly-12-gr","17":"pa_zarak-stekkeres-atszuros-zar","19":"first","20":"outofstock","21":"sale","22":"sold-individually","23":"taxable","24":"shipping-taxable","25":"product-type-simple"},"acf":[],"_links":{"self":[{"href":"https:\/\/gyemantekszer.com\/en\/wp-json\/wp\/v2\/product\/248549","targetHints":{"allow":["GET"]}}],"collection":[{"href":"https:\/\/gyemantekszer.com\/en\/wp-json\/wp\/v2\/product"}],"about":[{"href":"https:\/\/gyemantekszer.com\/en\/wp-json\/wp\/v2\/types\/product"}],"replies":[{"embeddable":true,"href":"https:\/\/gyemantekszer.com\/en\/wp-json\/wp\/v2\/comments?post=248549"}],"wp:featuredmedia":[{"embeddable":true,"href":"https:\/\/gyemantekszer.com\/en\/wp-json\/wp\/v2\/media\/240282"}],"wp:attachment":[{"href":"https:\/\/gyemantekszer.com\/en\/wp-json\/wp\/v2\/media?parent=248549"}],"wp:term":[{"taxonomy":"product_brand","embeddable":true,"href":"https:\/\/gyemantekszer.com\/en\/wp-json\/wp\/v2\/product_brand?post=248549"},{"taxonomy":"product_cat","embeddable":true,"href":"https:\/\/gyemantekszer.com\/en\/wp-json\/wp\/v2\/product_cat?post=248549"},{"taxonomy":"product_tag","embeddable":true,"href":"https:\/\/gyemantekszer.com\/en\/wp-json\/wp\/v2\/product_tag?post=248549"}],"curies":[{"name":"wp","href":"https:\/\/api.w.org\/{rel}","templated":true}]}}