{"id":248542,"date":"2022-10-11T12:34:36","date_gmt":"2022-10-11T10:34:36","guid":{"rendered":"https:\/\/gyemantekszer.com\/termek\/royal-regini-gyemant-fulbevalo\/"},"modified":"2025-09-29T12:55:55","modified_gmt":"2025-09-29T10:55:55","slug":"royal-regini-gyemant-fulbevalo","status":"publish","type":"product","link":"https:\/\/gyemantekszer.com\/en\/termek\/royal-regini-gyemant-fulbevalo\/","title":{"rendered":"Royal Regini gy\u00e9m\u00e1nt f\u00fclbeval\u00f3"},"content":{"rendered":"","protected":false},"excerpt":{"rendered":"<p><span data-sheets-value=\"{&quot;1&quot;:2,&quot;2&quot;:&quot;K\u00fcl\u00f6nleges, s\u00e1rga aranyb\u00f3l k\u00e9sz\u00fclt f\u00fclbeval\u00f3, mely karmos foglalat\u00e1ba van foglalva ez a Prasiolite halv\u00e1ny z\u00f6ld dr\u00e1gak\u0151, az egyik karomn\u00e1l csillog\u00f3 gy\u00e9m\u00e1ntok t\u00fcnd\u0151k\u0151lnek. K\u00e9sz\u00fclt hozz\u00e1 nyak\u00e9k \u00e9s gy\u0171r\u0171 is.&quot;}\" data-sheets-userformat=\"{&quot;2&quot;:14851,&quot;3&quot;:{&quot;1&quot;:0},&quot;4&quot;:{&quot;1&quot;:2,&quot;2&quot;:16777215},&quot;12&quot;:0,&quot;14&quot;:{&quot;1&quot;:2,&quot;2&quot;:0},&quot;15&quot;:&quot;Calibri&quot;,&quot;16&quot;:11}\">K\u00fcl\u00f6nleges, s\u00e1rga aranyb\u00f3l k\u00e9sz\u00fclt f\u00fclbeval\u00f3, mely karmos foglalat\u00e1ba van foglalva ez a Prasiolite halv\u00e1ny z\u00f6ld dr\u00e1gak\u0151, az egyik karomn\u00e1l csillog\u00f3 gy\u00e9m\u00e1ntok t\u00fcnd\u0151k\u0151lnek. K\u00e9sz\u00fclt hozz\u00e1 nyak\u00e9k \u00e9s gy\u0171r\u0171 is.<\/span><\/p>\n","protected":false},"featured_media":240251,"comment_status":"open","ping_status":"open","template":"","meta":{"_acf_changed":false},"product_brand":[],"product_cat":[1918],"product_tag":[133,138,1310,1307],"class_list":{"0":"post-248542","1":"product","2":"type-product","3":"status-publish","4":"has-post-thumbnail","6":"product_cat-fulbevalo","7":"product_tag-noi","8":"product_tag-ekszer-szett","9":"product_tag-feher-gyemant","10":"product_tag-sarga-arany","11":"pa_kollekcio-exkluziv-ekszerek","12":"pa_marka-royal-diamonds-by-alexandra-ronai","13":"pa_meret-20-cm-hosszu-2","14":"pa_otvozet-finomsaga-143","15":"pa_suly-40-gr","16":"pa_zarak-francia-patent-zar","18":"first","19":"onrequest","20":"sold-individually","21":"taxable","22":"shipping-taxable","23":"product-type-simple"},"acf":[],"_links":{"self":[{"href":"https:\/\/gyemantekszer.com\/en\/wp-json\/wp\/v2\/product\/248542","targetHints":{"allow":["GET"]}}],"collection":[{"href":"https:\/\/gyemantekszer.com\/en\/wp-json\/wp\/v2\/product"}],"about":[{"href":"https:\/\/gyemantekszer.com\/en\/wp-json\/wp\/v2\/types\/product"}],"replies":[{"embeddable":true,"href":"https:\/\/gyemantekszer.com\/en\/wp-json\/wp\/v2\/comments?post=248542"}],"wp:featuredmedia":[{"embeddable":true,"href":"https:\/\/gyemantekszer.com\/en\/wp-json\/wp\/v2\/media\/240251"}],"wp:attachment":[{"href":"https:\/\/gyemantekszer.com\/en\/wp-json\/wp\/v2\/media?parent=248542"}],"wp:term":[{"taxonomy":"product_brand","embeddable":true,"href":"https:\/\/gyemantekszer.com\/en\/wp-json\/wp\/v2\/product_brand?post=248542"},{"taxonomy":"product_cat","embeddable":true,"href":"https:\/\/gyemantekszer.com\/en\/wp-json\/wp\/v2\/product_cat?post=248542"},{"taxonomy":"product_tag","embeddable":true,"href":"https:\/\/gyemantekszer.com\/en\/wp-json\/wp\/v2\/product_tag?post=248542"}],"curies":[{"name":"wp","href":"https:\/\/api.w.org\/{rel}","templated":true}]}}