{"id":248528,"date":"2022-10-06T13:35:52","date_gmt":"2022-10-06T11:35:52","guid":{"rendered":"https:\/\/gyemantekszer.com\/termek\/erzsebet-arany-nyakek-01\/"},"modified":"2025-09-29T12:55:44","modified_gmt":"2025-09-29T10:55:44","slug":"erzsebet-arany-nyakek-01","status":"publish","type":"product","link":"https:\/\/gyemantekszer.com\/en\/termek\/erzsebet-arany-nyakek-01\/","title":{"rendered":"Erzs\u00e9bet arany nyak\u00e9k 01"},"content":{"rendered":"","protected":false},"excerpt":{"rendered":"<p><span data-sheets-value=\"{&quot;1&quot;:2,&quot;2&quot;:&quot;Feh\u00e9raranyb\u00f3l elk\u00e9sz\u00edtett k\u00fcl\u00f6nleges anker l\u00e1nc, er\u0151s \u00e9s mindennapi viselet egy med\u00e1llal.&quot;}\" data-sheets-userformat=\"{&quot;2&quot;:14851,&quot;3&quot;:{&quot;1&quot;:0},&quot;4&quot;:{&quot;1&quot;:2,&quot;2&quot;:13624051},&quot;12&quot;:0,&quot;14&quot;:{&quot;1&quot;:2,&quot;2&quot;:0},&quot;15&quot;:&quot;Calibri&quot;,&quot;16&quot;:11}\">Feh\u00e9raranyb\u00f3l elk\u00e9sz\u00edtett k\u00fcl\u00f6nleges anker l\u00e1nc, er\u0151s \u00e9s mindennapi viselet egy med\u00e1llal.<\/span><\/p>\n","protected":false},"featured_media":240186,"comment_status":"open","ping_status":"open","template":"","meta":{"_acf_changed":false},"product_brand":[],"product_cat":[1923],"product_tag":[1316,133,1305],"class_list":{"0":"post-248528","1":"product","2":"type-product","3":"status-publish","4":"has-post-thumbnail","6":"product_cat-nyakek","7":"product_tag-baba-gyermek","8":"product_tag-noi","9":"product_tag-feher-arany","10":"pa_kollekcio-premium-ekszerek","11":"pa_meret-500-cm-hosszu","12":"pa_otvozet-finomsaga-221","13":"pa_suly-13-gr","14":"pa_zarak-karabiner-zar","16":"first","17":"instock","18":"sale","19":"sold-individually","20":"taxable","21":"shipping-taxable","22":"purchasable","23":"product-type-simple"},"acf":[],"_links":{"self":[{"href":"https:\/\/gyemantekszer.com\/en\/wp-json\/wp\/v2\/product\/248528","targetHints":{"allow":["GET"]}}],"collection":[{"href":"https:\/\/gyemantekszer.com\/en\/wp-json\/wp\/v2\/product"}],"about":[{"href":"https:\/\/gyemantekszer.com\/en\/wp-json\/wp\/v2\/types\/product"}],"replies":[{"embeddable":true,"href":"https:\/\/gyemantekszer.com\/en\/wp-json\/wp\/v2\/comments?post=248528"}],"wp:featuredmedia":[{"embeddable":true,"href":"https:\/\/gyemantekszer.com\/en\/wp-json\/wp\/v2\/media\/240186"}],"wp:attachment":[{"href":"https:\/\/gyemantekszer.com\/en\/wp-json\/wp\/v2\/media?parent=248528"}],"wp:term":[{"taxonomy":"product_brand","embeddable":true,"href":"https:\/\/gyemantekszer.com\/en\/wp-json\/wp\/v2\/product_brand?post=248528"},{"taxonomy":"product_cat","embeddable":true,"href":"https:\/\/gyemantekszer.com\/en\/wp-json\/wp\/v2\/product_cat?post=248528"},{"taxonomy":"product_tag","embeddable":true,"href":"https:\/\/gyemantekszer.com\/en\/wp-json\/wp\/v2\/product_tag?post=248528"}],"curies":[{"name":"wp","href":"https:\/\/api.w.org\/{rel}","templated":true}]}}