{"id":248527,"date":"2022-10-06T11:47:29","date_gmt":"2022-10-06T09:47:29","guid":{"rendered":"https:\/\/gyemantekszer.com\/termek\/timea-arany-nyakek-03\/"},"modified":"2026-03-13T15:49:25","modified_gmt":"2026-03-13T14:49:25","slug":"timea-arany-nyakek-03","status":"publish","type":"product","link":"https:\/\/gyemantekszer.com\/en\/termek\/timea-arany-nyakek-03\/","title":{"rendered":"Timea arany nyak\u00e9k 03"},"content":{"rendered":"","protected":false},"excerpt":{"rendered":"<p><span data-sheets-value=\"{&quot;1&quot;:2,&quot;2&quot;:&quot;S\u00e1rga aranyb\u00f3l k\u00e9sz\u00edtett g\u00f6mb\u00f6ly\u0171 szem\u0171 anker l\u00e1nc, minden med\u00e1lhoz illik.&quot;}\" data-sheets-userformat=\"{&quot;2&quot;:14850,&quot;4&quot;:{&quot;1&quot;:2,&quot;2&quot;:13624051},&quot;12&quot;:0,&quot;14&quot;:{&quot;1&quot;:2,&quot;2&quot;:0},&quot;15&quot;:&quot;Calibri&quot;,&quot;16&quot;:11}\">S\u00e1rga aranyb\u00f3l k\u00e9sz\u00edtett g\u00f6mb\u00f6ly\u0171 szem\u0171 anker l\u00e1nc, minden med\u00e1lhoz illik.<\/span><\/p>\n","protected":false},"featured_media":240181,"comment_status":"open","ping_status":"closed","template":"","meta":{"_acf_changed":false},"product_brand":[],"product_cat":[1923],"product_tag":[1316,133,1307],"class_list":{"0":"post-248527","1":"product","2":"type-product","3":"status-publish","4":"has-post-thumbnail","6":"product_cat-nyakek","7":"product_tag-baba-gyermek","8":"product_tag-noi","9":"product_tag-sarga-arany","10":"pa_kollekcio-premium-ekszerek","11":"pa_meret-550-cm-hosszu","12":"pa_otvozet-finomsaga-221","13":"pa_suly-32-gr","14":"pa_zarak-karabiner-zar","16":"first","17":"instock","18":"sale","19":"sold-individually","20":"taxable","21":"shipping-taxable","22":"purchasable","23":"product-type-simple"},"acf":[],"_links":{"self":[{"href":"https:\/\/gyemantekszer.com\/en\/wp-json\/wp\/v2\/product\/248527","targetHints":{"allow":["GET"]}}],"collection":[{"href":"https:\/\/gyemantekszer.com\/en\/wp-json\/wp\/v2\/product"}],"about":[{"href":"https:\/\/gyemantekszer.com\/en\/wp-json\/wp\/v2\/types\/product"}],"replies":[{"embeddable":true,"href":"https:\/\/gyemantekszer.com\/en\/wp-json\/wp\/v2\/comments?post=248527"}],"wp:featuredmedia":[{"embeddable":true,"href":"https:\/\/gyemantekszer.com\/en\/wp-json\/wp\/v2\/media\/240181"}],"wp:attachment":[{"href":"https:\/\/gyemantekszer.com\/en\/wp-json\/wp\/v2\/media?parent=248527"}],"wp:term":[{"taxonomy":"product_brand","embeddable":true,"href":"https:\/\/gyemantekszer.com\/en\/wp-json\/wp\/v2\/product_brand?post=248527"},{"taxonomy":"product_cat","embeddable":true,"href":"https:\/\/gyemantekszer.com\/en\/wp-json\/wp\/v2\/product_cat?post=248527"},{"taxonomy":"product_tag","embeddable":true,"href":"https:\/\/gyemantekszer.com\/en\/wp-json\/wp\/v2\/product_tag?post=248527"}],"curies":[{"name":"wp","href":"https:\/\/api.w.org\/{rel}","templated":true}]}}