{"id":248497,"date":"2022-09-12T11:29:27","date_gmt":"2022-09-12T09:29:27","guid":{"rendered":"https:\/\/gyemantekszer.com\/termek\/lalita-gyemant-gyuru\/"},"modified":"2025-11-04T13:09:15","modified_gmt":"2025-11-04T12:09:15","slug":"lalita-gyemant-gyuru","status":"publish","type":"product","link":"https:\/\/gyemantekszer.com\/en\/product\/lalita-gyemant-gyuru\/","title":{"rendered":"Lalita gy\u00e9m\u00e1nt gy\u0171r\u0171"},"content":{"rendered":"","protected":false},"excerpt":{"rendered":"<p><span data-sheets-value=\"{&quot;1&quot;:2,&quot;2&quot;:&quot;Gy\u00f6ny\u00f6r\u0171 gy\u00e9m\u00e1nt eljegyz\u00e9si gy\u00fcr\u00fc ,feh\u00e9r aranyb\u00f3l k\u00e9sz\u00fclt, csod\u00e1s ,min\u0151s\u00e9gi munka ,garant\u00e1lt siker a v\u00e1laszt\u00e1shoz.&quot;}\" data-sheets-userformat=\"{&quot;2&quot;:14851,&quot;3&quot;:{&quot;1&quot;:0},&quot;4&quot;:{&quot;1&quot;:2,&quot;2&quot;:16777215},&quot;12&quot;:0,&quot;14&quot;:{&quot;1&quot;:2,&quot;2&quot;:0},&quot;15&quot;:&quot;Calibri&quot;,&quot;16&quot;:11}\">Gy\u0151ny\u0151r\u0171 gy\u00e9m\u00e1ntokkal kirakott eljegyz\u00e9si gy\u0171r\u0171, mely feh\u00e9raranyb\u00f3l k\u00e9sz\u00fclt, csod\u00e1s min\u0151s\u00e9gi munka, garant\u00e1lt siker a l\u00e1nyk\u00e9r\u00e9shez.<\/span><\/p>\n","protected":false},"featured_media":205660,"comment_status":"open","ping_status":"closed","template":"","meta":{"_acf_changed":false},"product_brand":[],"product_cat":[1917],"product_tag":[1373,1384,1383,1376,1375],"class_list":{"0":"post-248497","1":"product","2":"type-product","3":"status-publish","4":"has-post-thumbnail","6":"product_cat-gyuru","7":"product_tag-engagement","8":"product_tag-for-ladies","9":"product_tag-sizeable","10":"product_tag-white-diamond","11":"product_tag-white-gold","12":"pa_kollekcio-exkluziv-ekszerek","13":"pa_marka-royal-diamonds-by-alexandra-ronai","14":"pa_meret-304","15":"pa_otvozet-finomsaga-221","16":"pa_suly-14-gr","18":"first","19":"instock","20":"sale","21":"sold-individually","22":"taxable","23":"shipping-taxable","24":"purchasable","25":"product-type-simple"},"acf":[],"_links":{"self":[{"href":"https:\/\/gyemantekszer.com\/en\/wp-json\/wp\/v2\/product\/248497","targetHints":{"allow":["GET"]}}],"collection":[{"href":"https:\/\/gyemantekszer.com\/en\/wp-json\/wp\/v2\/product"}],"about":[{"href":"https:\/\/gyemantekszer.com\/en\/wp-json\/wp\/v2\/types\/product"}],"replies":[{"embeddable":true,"href":"https:\/\/gyemantekszer.com\/en\/wp-json\/wp\/v2\/comments?post=248497"}],"wp:featuredmedia":[{"embeddable":true,"href":"https:\/\/gyemantekszer.com\/en\/wp-json\/wp\/v2\/media\/205660"}],"wp:attachment":[{"href":"https:\/\/gyemantekszer.com\/en\/wp-json\/wp\/v2\/media?parent=248497"}],"wp:term":[{"taxonomy":"product_brand","embeddable":true,"href":"https:\/\/gyemantekszer.com\/en\/wp-json\/wp\/v2\/product_brand?post=248497"},{"taxonomy":"product_cat","embeddable":true,"href":"https:\/\/gyemantekszer.com\/en\/wp-json\/wp\/v2\/product_cat?post=248497"},{"taxonomy":"product_tag","embeddable":true,"href":"https:\/\/gyemantekszer.com\/en\/wp-json\/wp\/v2\/product_tag?post=248497"}],"curies":[{"name":"wp","href":"https:\/\/api.w.org\/{rel}","templated":true}]}}