{"id":248474,"date":"2022-05-06T10:27:14","date_gmt":"2022-05-06T08:27:14","guid":{"rendered":"https:\/\/gyemantekszer.com\/termek\/205122\/"},"modified":"2025-10-24T15:07:51","modified_gmt":"2025-10-24T13:07:51","slug":"205122","status":"publish","type":"product","link":"https:\/\/gyemantekszer.com\/en\/product\/205122\/","title":{"rendered":"TIRISI MODA \u2013 Gy\u00e9m\u00e1nt F\u00fclbeval\u00f3"},"content":{"rendered":"","protected":false},"excerpt":{"rendered":"<p>A ROYAL DIAMONDS \u00c9KSZERH\u00c1Z kiz\u00e1r\u00f3lagosan forgalmazza a nemzetk\u00f6zi TIRISI m\u00e1rk\u00e1t. Ez az exkluz\u00edv vil\u00e1g m\u00e1rka t\u00f6bb kateg\u00f3ri\u00e1ban el\u00e9rhet\u0151, melyekr\u0151l b\u00e1tran elmondhat\u00f3, hogy \u00f6tv\u00f6zik a st\u00edlus \u00e9s a divat vil\u00e1g\u00e1t. Ez a k\u00fcl\u00f6nleges sz\u00e9ps\u00e9g\u0171 med\u00e1l a TIRISI MODA kollekci\u00f3 darabja. A kollekci\u00f3ra jellemz\u0151, hogy vagy teljesen 18 kar\u00e1tos aranyb\u00f3l, vagy vegyesen 18 kar\u00e1tos aranyb\u00f3l \u00e9s ez\u00fcstb\u0151l k\u00e9sz\u00fcl.<\/p>\n<p>Ez a k\u00fcl\u00f6nleges sz\u00e9ps\u00e9g\u0171 f\u00fclbeval\u00f3 a TIRISI MODA kollekci\u00f3 darabja.<\/p>\n<p>A f\u00fclbeval\u00f3 feh\u00e9r r\u00e9sze ez\u00fcst \u00e9s csillog\u00f3 feh\u00e9r gy\u00e9m\u00e1ntokkal van kirakva, gy\u00f6ngyh\u00e1z d\u00edsz\u00edt\u00e9s van alatta becsiszolva, a s\u00e1rga r\u00e9sze pedig 18 kar\u00e1tos aranyb\u00f3l k\u00e9sz\u00fclt. Jelen esetben minden kieg\u00e9sz\u00edt\u0151 adat \u00e9s \u00e1r erre az 1 p\u00e1r f\u00fclbeval\u00f3ra vonatkozik. A tov\u00e1bbi fot\u00f3kon szerepl\u0151 kieg\u00e9sz\u00edt\u0151 term\u00e9kek nem k\u00e9pezik a jelenlegi aj\u00e1nlat r\u00e9sz\u00e9t.<\/p>\n<p>Tov\u00e1bbi szebbn\u00e9l szebb kieg\u00e9sz\u00edt\u0151kkel b\u0151v\u00edthet\u0151 ez a k\u00e1pr\u00e1zatos kollekci\u00f3, gondoljunk ak\u00e1r med\u00e1lra vagy charmokra \u00e9s kark\u00f6t\u0151kre\u2026<\/p>\n","protected":false},"featured_media":239919,"comment_status":"open","ping_status":"closed","template":"","meta":{"_acf_changed":false},"product_brand":[],"product_cat":[1918],"product_tag":[1384,1390,1376,1388],"class_list":{"0":"post-248474","1":"product","2":"type-product","3":"status-publish","4":"has-post-thumbnail","6":"product_cat-fulbevalo","7":"product_tag-for-ladies","8":"product_tag-jewel-setts","9":"product_tag-white-diamond","10":"product_tag-yellow-gold","11":"pa_kollekcio-exkluziv-ekszerek","12":"pa_marka-tirisi-moda","13":"pa_meret-25-cm-hosszu","14":"pa_otvozet-finomsaga-18-gold-and-925-silver-combination","15":"pa_suly-85-gr","16":"pa_zarak-francia-patent-zar","18":"first","19":"instock","20":"taxable","21":"shipping-taxable","22":"purchasable","23":"product-type-simple"},"acf":[],"_links":{"self":[{"href":"https:\/\/gyemantekszer.com\/en\/wp-json\/wp\/v2\/product\/248474","targetHints":{"allow":["GET"]}}],"collection":[{"href":"https:\/\/gyemantekszer.com\/en\/wp-json\/wp\/v2\/product"}],"about":[{"href":"https:\/\/gyemantekszer.com\/en\/wp-json\/wp\/v2\/types\/product"}],"replies":[{"embeddable":true,"href":"https:\/\/gyemantekszer.com\/en\/wp-json\/wp\/v2\/comments?post=248474"}],"wp:featuredmedia":[{"embeddable":true,"href":"https:\/\/gyemantekszer.com\/en\/wp-json\/wp\/v2\/media\/239919"}],"wp:attachment":[{"href":"https:\/\/gyemantekszer.com\/en\/wp-json\/wp\/v2\/media?parent=248474"}],"wp:term":[{"taxonomy":"product_brand","embeddable":true,"href":"https:\/\/gyemantekszer.com\/en\/wp-json\/wp\/v2\/product_brand?post=248474"},{"taxonomy":"product_cat","embeddable":true,"href":"https:\/\/gyemantekszer.com\/en\/wp-json\/wp\/v2\/product_cat?post=248474"},{"taxonomy":"product_tag","embeddable":true,"href":"https:\/\/gyemantekszer.com\/en\/wp-json\/wp\/v2\/product_tag?post=248474"}],"curies":[{"name":"wp","href":"https:\/\/api.w.org\/{rel}","templated":true}]}}