{"id":248469,"date":"2022-05-06T09:23:40","date_gmt":"2022-05-06T07:23:40","guid":{"rendered":"https:\/\/gyemantekszer.com\/termek\/abigail-01-gyemant-fulbevalo\/"},"modified":"2025-09-29T12:55:03","modified_gmt":"2025-09-29T10:55:03","slug":"abigail-01-gyemant-fulbevalo","status":"publish","type":"product","link":"https:\/\/gyemantekszer.com\/en\/product\/abigail-01-gyemant-fulbevalo\/","title":{"rendered":"Abigail 01 Gy\u00e9m\u00e1nt F\u00fclbeval\u00f3"},"content":{"rendered":"","protected":false},"excerpt":{"rendered":"<p><span data-sheets-value=\"{&quot;1&quot;:2,&quot;2&quot;:&quot;Feh\u00e9rarany gy\u00e9m\u00e1ntos f\u00fclbeval\u00f3, mutat\u00f3s t\u0171zzom\u00e1ncos t\u00fcrk\u00edz r\u00e9sszel.&quot;}\" data-sheets-userformat=\"{&quot;2&quot;:14851,&quot;3&quot;:{&quot;1&quot;:0},&quot;4&quot;:{&quot;1&quot;:2,&quot;2&quot;:16777215},&quot;12&quot;:0,&quot;14&quot;:{&quot;1&quot;:2,&quot;2&quot;:0},&quot;15&quot;:&quot;Calibri&quot;,&quot;16&quot;:11}\">Feh\u00e9rarany gy\u00e9m\u00e1ntos f\u00fclbeval\u00f3, mutat\u00f3s t\u0171zzom\u00e1ncos t\u00fcrk\u00edz r\u00e9sszel.<\/span><\/p>\n","protected":false},"featured_media":239893,"comment_status":"open","ping_status":"open","template":"","meta":{"_acf_changed":false},"product_brand":[],"product_cat":[1918],"product_tag":[1384,1376,1375],"class_list":{"0":"post-248469","1":"product","2":"type-product","3":"status-publish","4":"has-post-thumbnail","6":"product_cat-fulbevalo","7":"product_tag-for-ladies","8":"product_tag-white-diamond","9":"product_tag-white-gold","10":"pa_kollekcio-exkluziv-ekszerek","11":"pa_marka-royal-diamonds-by-alexandra-ronai","12":"pa_meret-10-cm-atmero","13":"pa_otvozet-finomsaga-143","14":"pa_suly-58-gr","15":"pa_zarak-stekkeres-atszuros-zar","17":"first","18":"instock","19":"sold-individually","20":"taxable","21":"shipping-taxable","22":"purchasable","23":"product-type-simple"},"acf":[],"_links":{"self":[{"href":"https:\/\/gyemantekszer.com\/en\/wp-json\/wp\/v2\/product\/248469","targetHints":{"allow":["GET"]}}],"collection":[{"href":"https:\/\/gyemantekszer.com\/en\/wp-json\/wp\/v2\/product"}],"about":[{"href":"https:\/\/gyemantekszer.com\/en\/wp-json\/wp\/v2\/types\/product"}],"replies":[{"embeddable":true,"href":"https:\/\/gyemantekszer.com\/en\/wp-json\/wp\/v2\/comments?post=248469"}],"wp:featuredmedia":[{"embeddable":true,"href":"https:\/\/gyemantekszer.com\/en\/wp-json\/wp\/v2\/media\/239893"}],"wp:attachment":[{"href":"https:\/\/gyemantekszer.com\/en\/wp-json\/wp\/v2\/media?parent=248469"}],"wp:term":[{"taxonomy":"product_brand","embeddable":true,"href":"https:\/\/gyemantekszer.com\/en\/wp-json\/wp\/v2\/product_brand?post=248469"},{"taxonomy":"product_cat","embeddable":true,"href":"https:\/\/gyemantekszer.com\/en\/wp-json\/wp\/v2\/product_cat?post=248469"},{"taxonomy":"product_tag","embeddable":true,"href":"https:\/\/gyemantekszer.com\/en\/wp-json\/wp\/v2\/product_tag?post=248469"}],"curies":[{"name":"wp","href":"https:\/\/api.w.org\/{rel}","templated":true}]}}