{"id":248451,"date":"2022-05-05T09:36:55","date_gmt":"2022-05-05T07:36:55","guid":{"rendered":"https:\/\/gyemantekszer.com\/termek\/nardelli-gabriela-gyemant-fulbevalo\/"},"modified":"2025-09-29T12:54:49","modified_gmt":"2025-09-29T10:54:49","slug":"nardelli-gabriela-gyemant-fulbevalo","status":"publish","type":"product","link":"https:\/\/gyemantekszer.com\/en\/product\/nardelli-gabriela-gyemant-fulbevalo\/","title":{"rendered":"NARDELLI &#8211; Gabriela Gy\u00e9m\u00e1nt F\u00fclbeval\u00f3"},"content":{"rendered":"","protected":false},"excerpt":{"rendered":"<p><span data-sheets-value=\"{&quot;1&quot;:2,&quot;2&quot;:&quot;A Zafir dr\u00e1gak\u0151 kedvel\u0151inek aj\u00e1nljuk ezt a sz\u00e9ps\u00e9ges feh\u00e9rarany f\u00fclbeval\u00f3t, amely gy\u00e9m\u00e1ntokkal van k\u00f6rba foglalva. K\u00e9sz\u00fclt hozz\u00e1 nyak\u00e9k \u00e9s gy\u0171r\u0171 is.&quot;}\" data-sheets-userformat=\"{&quot;2&quot;:14851,&quot;3&quot;:{&quot;1&quot;:0},&quot;4&quot;:{&quot;1&quot;:2,&quot;2&quot;:16777215},&quot;12&quot;:0,&quot;14&quot;:{&quot;1&quot;:2,&quot;2&quot;:0},&quot;15&quot;:&quot;Calibri&quot;,&quot;16&quot;:11}\">A Zafir dr\u00e1gak\u0151 kedvel\u0151inek aj\u00e1nljuk ezt a sz\u00e9ps\u00e9ges feh\u00e9rarany f\u00fclbeval\u00f3t, amely gy\u00e9m\u00e1ntokkal van k\u00f6rbe foglalva. K\u00e9sz\u00fclt hozz\u00e1 nyak\u00e9k \u00e9s gy\u0171r\u0171 is.<\/span><\/p>\n","protected":false},"featured_media":239806,"comment_status":"open","ping_status":"open","template":"","meta":{"_acf_changed":false},"product_brand":[],"product_cat":[1918],"product_tag":[1384,1390,1376,1375,1928],"class_list":{"0":"post-248451","1":"product","2":"type-product","3":"status-publish","4":"has-post-thumbnail","6":"product_cat-fulbevalo","7":"product_tag-for-ladies","8":"product_tag-jewel-setts","9":"product_tag-white-diamond","10":"product_tag-white-gold","11":"product_tag-zafir","12":"pa_kollekcio-exkluziv-ekszerek","13":"pa_marka-nardelli","14":"pa_meret-18-cm-hosszu-2","15":"pa_otvozet-finomsaga-143","16":"pa_suly-28-gr","17":"pa_zarak-beakasztos-hagyomanyos-patent-zar","19":"first","20":"onrequest","21":"sold-individually","22":"taxable","23":"shipping-taxable","24":"product-type-simple"},"acf":[],"_links":{"self":[{"href":"https:\/\/gyemantekszer.com\/en\/wp-json\/wp\/v2\/product\/248451","targetHints":{"allow":["GET"]}}],"collection":[{"href":"https:\/\/gyemantekszer.com\/en\/wp-json\/wp\/v2\/product"}],"about":[{"href":"https:\/\/gyemantekszer.com\/en\/wp-json\/wp\/v2\/types\/product"}],"replies":[{"embeddable":true,"href":"https:\/\/gyemantekszer.com\/en\/wp-json\/wp\/v2\/comments?post=248451"}],"wp:featuredmedia":[{"embeddable":true,"href":"https:\/\/gyemantekszer.com\/en\/wp-json\/wp\/v2\/media\/239806"}],"wp:attachment":[{"href":"https:\/\/gyemantekszer.com\/en\/wp-json\/wp\/v2\/media?parent=248451"}],"wp:term":[{"taxonomy":"product_brand","embeddable":true,"href":"https:\/\/gyemantekszer.com\/en\/wp-json\/wp\/v2\/product_brand?post=248451"},{"taxonomy":"product_cat","embeddable":true,"href":"https:\/\/gyemantekszer.com\/en\/wp-json\/wp\/v2\/product_cat?post=248451"},{"taxonomy":"product_tag","embeddable":true,"href":"https:\/\/gyemantekszer.com\/en\/wp-json\/wp\/v2\/product_tag?post=248451"}],"curies":[{"name":"wp","href":"https:\/\/api.w.org\/{rel}","templated":true}]}}