{"id":248429,"date":"2022-04-14T12:24:41","date_gmt":"2022-04-14T10:24:41","guid":{"rendered":"https:\/\/gyemantekszer.com\/termek\/klemena-gyemant-gyuru\/"},"modified":"2025-09-29T12:54:34","modified_gmt":"2025-09-29T10:54:34","slug":"klemena-gyemant-gyuru","status":"publish","type":"product","link":"https:\/\/gyemantekszer.com\/en\/termek\/klemena-gyemant-gyuru\/","title":{"rendered":"Klemena gy\u00e9m\u00e0nt gy\u0171r\u0171"},"content":{"rendered":"","protected":false},"excerpt":{"rendered":"<p><span data-sheets-value=\"{&quot;1&quot;:2,&quot;2&quot;:&quot;Modern, \u00e9s finoman kialak\u00edtott dupla n\u00e9gykarmos ros\u00e9 arany foglalatban tal\u00e1lhat\u00f3 egy Fancy Yello s\u00e1rga csiszol\u00e1s\u00fa gy\u00e9m\u00e1nt, melynek az oldal\u00e1ban is egy-egy gy\u00e9m\u00e1nt van. Ellen\u00e1llhatatlan, k\u00fcl\u00f6nleges eljegyz\u00e9si feh\u00e9rarany gy\u0171r\u0171.&quot;}\" data-sheets-userformat=\"{&quot;2&quot;:14851,&quot;3&quot;:{&quot;1&quot;:0},&quot;4&quot;:{&quot;1&quot;:2,&quot;2&quot;:16777215},&quot;12&quot;:0,&quot;14&quot;:{&quot;1&quot;:2,&quot;2&quot;:0},&quot;15&quot;:&quot;Calibri&quot;,&quot;16&quot;:11}\">Modern, \u00e9s finoman kialak\u00edtott dupla n\u00e9gykarmos s\u00e1rga arany foglalatban tal\u00e1lhat\u00f3 egy Fancy Yellow s\u00e1rga sz\u00edn\u0171, cushion csiszol\u00e1s\u00fa gy\u00e9m\u00e1nt, melynek az oldal\u00e1ban is egy-egy gy\u00e9m\u00e1nt van foglalva. Ellen\u00e1llhatatlan, k\u00fcl\u00f6nleges eljegyz\u00e9si feh\u00e9rarany gy\u0171r\u0171.<\/span><\/p>\n","protected":false},"featured_media":239699,"comment_status":"open","ping_status":"open","template":"","meta":{"_acf_changed":false},"product_brand":[],"product_cat":[1917],"product_tag":[135,133,1389,1929,140,1310,1305,1307],"class_list":{"0":"post-248429","1":"product","2":"type-product","3":"status-publish","4":"has-post-thumbnail","6":"product_cat-gyuru","7":"product_tag-eljegyzes","8":"product_tag-noi","9":"product_tag-multicolored-gold","10":"product_tag-sarga-gyemant","11":"product_tag-meretezheto","12":"product_tag-feher-gyemant","13":"product_tag-feher-arany","14":"product_tag-sarga-arany","15":"pa_kollekcio-exkluziv-ekszerek","16":"pa_marka-royal-diamonds-by-alexandra-ronai","17":"pa_meret-304","18":"pa_otvozet-finomsaga-143","19":"pa_suly-24-gr","21":"first","22":"instock","23":"sold-individually","24":"taxable","25":"shipping-taxable","26":"purchasable","27":"product-type-simple"},"acf":[],"_links":{"self":[{"href":"https:\/\/gyemantekszer.com\/en\/wp-json\/wp\/v2\/product\/248429","targetHints":{"allow":["GET"]}}],"collection":[{"href":"https:\/\/gyemantekszer.com\/en\/wp-json\/wp\/v2\/product"}],"about":[{"href":"https:\/\/gyemantekszer.com\/en\/wp-json\/wp\/v2\/types\/product"}],"replies":[{"embeddable":true,"href":"https:\/\/gyemantekszer.com\/en\/wp-json\/wp\/v2\/comments?post=248429"}],"wp:featuredmedia":[{"embeddable":true,"href":"https:\/\/gyemantekszer.com\/en\/wp-json\/wp\/v2\/media\/239699"}],"wp:attachment":[{"href":"https:\/\/gyemantekszer.com\/en\/wp-json\/wp\/v2\/media?parent=248429"}],"wp:term":[{"taxonomy":"product_brand","embeddable":true,"href":"https:\/\/gyemantekszer.com\/en\/wp-json\/wp\/v2\/product_brand?post=248429"},{"taxonomy":"product_cat","embeddable":true,"href":"https:\/\/gyemantekszer.com\/en\/wp-json\/wp\/v2\/product_cat?post=248429"},{"taxonomy":"product_tag","embeddable":true,"href":"https:\/\/gyemantekszer.com\/en\/wp-json\/wp\/v2\/product_tag?post=248429"}],"curies":[{"name":"wp","href":"https:\/\/api.w.org\/{rel}","templated":true}]}}