{"id":248397,"date":"2022-02-28T14:29:38","date_gmt":"2022-02-28T13:29:38","guid":{"rendered":"https:\/\/gyemantekszer.com\/termek\/miett-gyemant-gyuru\/"},"modified":"2025-09-29T12:54:09","modified_gmt":"2025-09-29T10:54:09","slug":"miett-gyemant-gyuru","status":"publish","type":"product","link":"https:\/\/gyemantekszer.com\/en\/product\/miett-gyemant-gyuru\/","title":{"rendered":"Miett gy\u00e9m\u00e1nt gy\u0171r\u0171"},"content":{"rendered":"","protected":false},"excerpt":{"rendered":"<p><span data-sheets-value=\"{&quot;1&quot;:2,&quot;2&quot;:&quot;Csillog\u00f3 feh\u00e9rarany gy\u00e9m\u00e1ntgy\u0171r\u0171,nagyon sz\u00e9p eleg\u00e1ns gy\u0171r\u0171 ,minden alkalomra csod\u00e1ss\u00e1 teszi visel\u0151je kez\u00e9t&quot;}\" data-sheets-userformat=\"{&quot;2&quot;:14851,&quot;3&quot;:{&quot;1&quot;:0},&quot;4&quot;:{&quot;1&quot;:2,&quot;2&quot;:16777215},&quot;12&quot;:0,&quot;14&quot;:{&quot;1&quot;:2,&quot;2&quot;:0},&quot;15&quot;:&quot;Calibri&quot;,&quot;16&quot;:11}\">Csillog\u00f3 feh\u00e9rarany gy\u00e9m\u00e1ntgy\u0171r\u0171, nagyon sz\u00e9p, eleg\u00e1ns gy\u0171r\u0171, minden alkalomra csod\u00e1ss\u00e1 teszi visel\u0151je kez\u00e9t.<\/span><\/p>\n","protected":false},"featured_media":239547,"comment_status":"open","ping_status":"open","template":"","meta":{"_acf_changed":false},"product_brand":[],"product_cat":[1917],"product_tag":[1373,1384,1390,1383,1376,1375],"class_list":{"0":"post-248397","1":"product","2":"type-product","3":"status-publish","4":"has-post-thumbnail","6":"product_cat-gyuru","7":"product_tag-engagement","8":"product_tag-for-ladies","9":"product_tag-jewel-setts","10":"product_tag-sizeable","11":"product_tag-white-diamond","12":"product_tag-white-gold","13":"pa_kollekcio-exkluziv-ekszerek","14":"pa_marka-nardelli","15":"pa_meret-259","16":"pa_otvozet-finomsaga-143","17":"pa_suly-24-gr","19":"first","20":"onrequest","21":"sold-individually","22":"taxable","23":"shipping-taxable","24":"product-type-simple"},"acf":[],"_links":{"self":[{"href":"https:\/\/gyemantekszer.com\/en\/wp-json\/wp\/v2\/product\/248397","targetHints":{"allow":["GET"]}}],"collection":[{"href":"https:\/\/gyemantekszer.com\/en\/wp-json\/wp\/v2\/product"}],"about":[{"href":"https:\/\/gyemantekszer.com\/en\/wp-json\/wp\/v2\/types\/product"}],"replies":[{"embeddable":true,"href":"https:\/\/gyemantekszer.com\/en\/wp-json\/wp\/v2\/comments?post=248397"}],"wp:featuredmedia":[{"embeddable":true,"href":"https:\/\/gyemantekszer.com\/en\/wp-json\/wp\/v2\/media\/239547"}],"wp:attachment":[{"href":"https:\/\/gyemantekszer.com\/en\/wp-json\/wp\/v2\/media?parent=248397"}],"wp:term":[{"taxonomy":"product_brand","embeddable":true,"href":"https:\/\/gyemantekszer.com\/en\/wp-json\/wp\/v2\/product_brand?post=248397"},{"taxonomy":"product_cat","embeddable":true,"href":"https:\/\/gyemantekszer.com\/en\/wp-json\/wp\/v2\/product_cat?post=248397"},{"taxonomy":"product_tag","embeddable":true,"href":"https:\/\/gyemantekszer.com\/en\/wp-json\/wp\/v2\/product_tag?post=248397"}],"curies":[{"name":"wp","href":"https:\/\/api.w.org\/{rel}","templated":true}]}}