{"id":248395,"date":"2022-02-28T14:05:49","date_gmt":"2022-02-28T13:05:49","guid":{"rendered":"https:\/\/gyemantekszer.com\/termek\/charlott-gyemant-fulbevalo\/"},"modified":"2025-09-29T12:54:08","modified_gmt":"2025-09-29T10:54:08","slug":"charlott-gyemant-fulbevalo","status":"publish","type":"product","link":"https:\/\/gyemantekszer.com\/en\/termek\/charlott-gyemant-fulbevalo\/","title":{"rendered":"Charlott gy\u00e9m\u00e0nt f\u00fclbeval\u00f3"},"content":{"rendered":"","protected":false},"excerpt":{"rendered":"<p><span data-sheets-value=\"{&quot;1&quot;:2,&quot;2&quot;:&quot;Klasszikus, feh\u00e9rarany f\u00fclbeval\u00f3 gy\u0151ny\u0151r\u0171 feh\u00e9r gy\u00e9m\u00e1ntokkal, a h\u00e9tk\u00f6znapok vil\u00e1g\u00e1nak t\u00fcnd\u00f6kl\u00e9s\u00e9re.&quot;}\" data-sheets-userformat=\"{&quot;2&quot;:14851,&quot;3&quot;:{&quot;1&quot;:0},&quot;4&quot;:{&quot;1&quot;:2,&quot;2&quot;:16777215},&quot;12&quot;:0,&quot;14&quot;:{&quot;1&quot;:2,&quot;2&quot;:0},&quot;15&quot;:&quot;Calibri&quot;,&quot;16&quot;:11}\">Klasszikus, feh\u00e9rarany f\u00fclbeval\u00f3 gy\u0151ny\u0151r\u0171 feh\u00e9r gy\u00e9m\u00e1ntokkal, a h\u00e9tk\u00f6znapok vil\u00e1g\u00e1nak t\u00fcnd\u00f6kl\u00e9s\u00e9re.<\/span><\/p>\n","protected":false},"featured_media":239534,"comment_status":"open","ping_status":"open","template":"","meta":{"_acf_changed":false},"product_brand":[],"product_cat":[1918],"product_tag":[1316,133,1310,1305],"class_list":{"0":"post-248395","1":"product","2":"type-product","3":"status-publish","4":"has-post-thumbnail","6":"product_cat-fulbevalo","7":"product_tag-baba-gyermek","8":"product_tag-noi","9":"product_tag-feher-gyemant","10":"product_tag-feher-arany","11":"pa_kollekcio-exkluziv-ekszerek","12":"pa_marka-nardelli","13":"pa_meret-60-mm-atmero","14":"pa_otvozet-finomsaga-143","15":"pa_suly-21-gr","16":"pa_zarak-stekkeres-atszuros-zar","18":"first","19":"onrequest","20":"sold-individually","21":"taxable","22":"shipping-taxable","23":"product-type-simple"},"acf":[],"_links":{"self":[{"href":"https:\/\/gyemantekszer.com\/en\/wp-json\/wp\/v2\/product\/248395","targetHints":{"allow":["GET"]}}],"collection":[{"href":"https:\/\/gyemantekszer.com\/en\/wp-json\/wp\/v2\/product"}],"about":[{"href":"https:\/\/gyemantekszer.com\/en\/wp-json\/wp\/v2\/types\/product"}],"replies":[{"embeddable":true,"href":"https:\/\/gyemantekszer.com\/en\/wp-json\/wp\/v2\/comments?post=248395"}],"wp:featuredmedia":[{"embeddable":true,"href":"https:\/\/gyemantekszer.com\/en\/wp-json\/wp\/v2\/media\/239534"}],"wp:attachment":[{"href":"https:\/\/gyemantekszer.com\/en\/wp-json\/wp\/v2\/media?parent=248395"}],"wp:term":[{"taxonomy":"product_brand","embeddable":true,"href":"https:\/\/gyemantekszer.com\/en\/wp-json\/wp\/v2\/product_brand?post=248395"},{"taxonomy":"product_cat","embeddable":true,"href":"https:\/\/gyemantekszer.com\/en\/wp-json\/wp\/v2\/product_cat?post=248395"},{"taxonomy":"product_tag","embeddable":true,"href":"https:\/\/gyemantekszer.com\/en\/wp-json\/wp\/v2\/product_tag?post=248395"}],"curies":[{"name":"wp","href":"https:\/\/api.w.org\/{rel}","templated":true}]}}