{"id":248394,"date":"2022-02-28T13:58:05","date_gmt":"2022-02-28T12:58:05","guid":{"rendered":"https:\/\/gyemantekszer.com\/termek\/szolanzs-gyemant-fulbevalo\/"},"modified":"2025-09-29T12:54:08","modified_gmt":"2025-09-29T10:54:08","slug":"szolanzs-gyemant-fulbevalo","status":"publish","type":"product","link":"https:\/\/gyemantekszer.com\/en\/product\/szolanzs-gyemant-fulbevalo\/","title":{"rendered":"Szolanzs gy\u00e9m\u00e1nt f\u00fclbeval\u00f3"},"content":{"rendered":"","protected":false},"excerpt":{"rendered":"<p><span data-sheets-value=\"{&quot;1&quot;:2,&quot;2&quot;:&quot;Gy\u00f6ny\u00f6r\u0171 feh\u00e9rarany klasszikus gy\u00e9m\u00e1nt f\u00fclbeval\u00f3 minden alkalomra ide\u00e1lis \u00e9kszer a visel\u0151j\u00e9nek.&quot;}\" data-sheets-userformat=\"{&quot;2&quot;:14851,&quot;3&quot;:{&quot;1&quot;:0},&quot;4&quot;:{&quot;1&quot;:2,&quot;2&quot;:16777215},&quot;12&quot;:0,&quot;14&quot;:{&quot;1&quot;:2,&quot;2&quot;:0},&quot;15&quot;:&quot;Calibri&quot;,&quot;16&quot;:11}\">Gy\u0151ny\u0151r\u0171, klasszikus feh\u00e9rarany gy\u00e9m\u00e1nt f\u00fclbeval\u00f3 minden alkalomra ide\u00e1lis \u00e9kszer a visel\u0151j\u00e9nek.<\/span><\/p>\n","protected":false},"featured_media":239529,"comment_status":"open","ping_status":"open","template":"","meta":{"_acf_changed":false},"product_brand":[],"product_cat":[1918],"product_tag":[1384,1376,1375],"class_list":{"0":"post-248394","1":"product","2":"type-product","3":"status-publish","4":"has-post-thumbnail","6":"product_cat-fulbevalo","7":"product_tag-for-ladies","8":"product_tag-white-diamond","9":"product_tag-white-gold","10":"pa_kollekcio-exkluziv-ekszerek","11":"pa_marka-nardelli","12":"pa_meret-11-cm-hosszu","13":"pa_otvozet-finomsaga-143","14":"pa_suly-21-gr","15":"pa_zarak-stekkeres-atszuros-zar","17":"first","18":"onrequest","19":"sold-individually","20":"taxable","21":"shipping-taxable","22":"product-type-simple"},"acf":[],"_links":{"self":[{"href":"https:\/\/gyemantekszer.com\/en\/wp-json\/wp\/v2\/product\/248394","targetHints":{"allow":["GET"]}}],"collection":[{"href":"https:\/\/gyemantekszer.com\/en\/wp-json\/wp\/v2\/product"}],"about":[{"href":"https:\/\/gyemantekszer.com\/en\/wp-json\/wp\/v2\/types\/product"}],"replies":[{"embeddable":true,"href":"https:\/\/gyemantekszer.com\/en\/wp-json\/wp\/v2\/comments?post=248394"}],"wp:featuredmedia":[{"embeddable":true,"href":"https:\/\/gyemantekszer.com\/en\/wp-json\/wp\/v2\/media\/239529"}],"wp:attachment":[{"href":"https:\/\/gyemantekszer.com\/en\/wp-json\/wp\/v2\/media?parent=248394"}],"wp:term":[{"taxonomy":"product_brand","embeddable":true,"href":"https:\/\/gyemantekszer.com\/en\/wp-json\/wp\/v2\/product_brand?post=248394"},{"taxonomy":"product_cat","embeddable":true,"href":"https:\/\/gyemantekszer.com\/en\/wp-json\/wp\/v2\/product_cat?post=248394"},{"taxonomy":"product_tag","embeddable":true,"href":"https:\/\/gyemantekszer.com\/en\/wp-json\/wp\/v2\/product_tag?post=248394"}],"curies":[{"name":"wp","href":"https:\/\/api.w.org\/{rel}","templated":true}]}}