{"id":248391,"date":"2022-02-28T13:19:44","date_gmt":"2022-02-28T12:19:44","guid":{"rendered":"https:\/\/gyemantekszer.com\/termek\/zafira-gyemant-nyakek\/"},"modified":"2025-09-29T12:54:07","modified_gmt":"2025-09-29T10:54:07","slug":"zafira-gyemant-nyakek","status":"publish","type":"product","link":"https:\/\/gyemantekszer.com\/en\/termek\/zafira-gyemant-nyakek\/","title":{"rendered":"Zafira gy\u00e9m\u00e1nt nyak\u00e9k"},"content":{"rendered":"","protected":false},"excerpt":{"rendered":"<p class=\"\" data-start=\"363\" data-end=\"769\">Fedezze fel az elegancia \u00e9s luxus t\u00f6k\u00e9letes \u00f6sszhangj\u00e1t ezzel az exkluz\u00edv gy\u00e9m\u00e1nt nyak\u00e9kkel, mely a legfinomabb k\u00e9k zaf\u00edrokkal \u00e9s gy\u00e9m\u00e1ntokkal van d\u00edsz\u00edtve. Ez a k\u00e1pr\u00e1zatos \u00e9kszer feh\u00e9rarany foglalatba \u00f6leli a gy\u00f6ny\u00f6r\u0171 dr\u00e1gak\u00f6veket, hogy egy igazi mesterm\u0171vet hozzon l\u00e9tre.<\/p>\n<p class=\"\" data-start=\"771\" data-end=\"1044\">Ez a nyak\u00e9k nem csup\u00e1n egy \u00e9kszer \u2013 hanem egy m\u0171alkot\u00e1s, amely b\u00e1rmilyen k\u00fcl\u00f6nleges alkalmat eml\u00e9kezetess\u00e9 tesz, egyedi f\u00e9nyt \u00e9s ragyog\u00e1st ad visel\u0151j\u00e9nek.<\/p>\n<p class=\"\" data-start=\"1046\" data-end=\"1203\"><strong data-start=\"1046\" data-end=\"1203\">T\u00f6k\u00e9letes v\u00e1laszt\u00e1s mindazoknak, akik a legjobb min\u0151s\u00e9get keresik, \u00e9s szeretn\u00e9k maguknak vagy szeretteiknek egy igaz\u00e1n k\u00fcl\u00f6nleges aj\u00e1nd\u00e9kkal kedveskedni.<\/strong><\/p>\n","protected":false},"featured_media":239514,"comment_status":"open","ping_status":"open","template":"","meta":{"_acf_changed":false},"product_brand":[],"product_cat":[1923],"product_tag":[133,138,1310,1305,1928],"class_list":{"0":"post-248391","1":"product","2":"type-product","3":"status-publish","4":"has-post-thumbnail","6":"product_cat-nyakek","7":"product_tag-noi","8":"product_tag-ekszer-szett","9":"product_tag-feher-gyemant","10":"product_tag-feher-arany","11":"product_tag-zafir","12":"pa_kollekcio-exkluziv-ekszerek","13":"pa_marka-royal-diamonds-by-alexandra-ronai","14":"pa_meret-400-cm-hosszu","15":"pa_meret-60-cm-hosszu-2","16":"pa_otvozet-finomsaga-143","17":"pa_suly-55-gr","18":"pa_zarak-karabiner-zar","20":"first","21":"onrequest","22":"sold-individually","23":"taxable","24":"shipping-taxable","25":"product-type-simple"},"acf":[],"_links":{"self":[{"href":"https:\/\/gyemantekszer.com\/en\/wp-json\/wp\/v2\/product\/248391","targetHints":{"allow":["GET"]}}],"collection":[{"href":"https:\/\/gyemantekszer.com\/en\/wp-json\/wp\/v2\/product"}],"about":[{"href":"https:\/\/gyemantekszer.com\/en\/wp-json\/wp\/v2\/types\/product"}],"replies":[{"embeddable":true,"href":"https:\/\/gyemantekszer.com\/en\/wp-json\/wp\/v2\/comments?post=248391"}],"wp:featuredmedia":[{"embeddable":true,"href":"https:\/\/gyemantekszer.com\/en\/wp-json\/wp\/v2\/media\/239514"}],"wp:attachment":[{"href":"https:\/\/gyemantekszer.com\/en\/wp-json\/wp\/v2\/media?parent=248391"}],"wp:term":[{"taxonomy":"product_brand","embeddable":true,"href":"https:\/\/gyemantekszer.com\/en\/wp-json\/wp\/v2\/product_brand?post=248391"},{"taxonomy":"product_cat","embeddable":true,"href":"https:\/\/gyemantekszer.com\/en\/wp-json\/wp\/v2\/product_cat?post=248391"},{"taxonomy":"product_tag","embeddable":true,"href":"https:\/\/gyemantekszer.com\/en\/wp-json\/wp\/v2\/product_tag?post=248391"}],"curies":[{"name":"wp","href":"https:\/\/api.w.org\/{rel}","templated":true}]}}