{"id":248386,"date":"2022-01-14T11:24:12","date_gmt":"2022-01-14T10:24:12","guid":{"rendered":"https:\/\/gyemantekszer.com\/termek\/coscia-robyn-01-gray-akoya-gyongysor\/"},"modified":"2025-09-29T12:54:04","modified_gmt":"2025-09-29T10:54:04","slug":"coscia-robyn-01-gray-akoya-gyongysor","status":"publish","type":"product","link":"https:\/\/gyemantekszer.com\/en\/product\/coscia-robyn-01-gray-akoya-gyongysor\/","title":{"rendered":"COSCIA &#8211; Robyn 01 Gray AKOYA Gy\u00f6ngysor"},"content":{"rendered":"","protected":false},"excerpt":{"rendered":"<p><span data-sheets-value=\"{&quot;1&quot;:2,&quot;2&quot;:&quot;AKOYA gy\u00f6ngysor k\u00fcl\u00f6nleges \u00e9s ritka sz\u00fcrke sz\u00ednben a gy\u00f6ngy\u00f6k kedvel\u0151inek egy injencs\u00e9g.&quot;}\" data-sheets-userformat=\"{&quot;2&quot;:14851,&quot;3&quot;:{&quot;1&quot;:0},&quot;4&quot;:{&quot;1&quot;:2,&quot;2&quot;:16777215},&quot;12&quot;:0,&quot;14&quot;:{&quot;1&quot;:2,&quot;2&quot;:0},&quot;15&quot;:&quot;Calibri&quot;,&quot;16&quot;:11}\">Ez az AKOYA gy\u00f6ngysor, k\u00fcl\u00f6nleges \u00e9s ritka sz\u00fcrke sz\u00ednben a gy\u00f6ngy\u00f6k kedvel\u0151inek egy injencs\u00e9g.<\/span><\/p>\n","protected":false},"featured_media":239490,"comment_status":"open","ping_status":"open","template":"","meta":{"_acf_changed":false},"product_brand":[],"product_cat":[1978],"product_tag":[1384,1390,1375,1379],"class_list":{"0":"post-248386","1":"product","2":"type-product","3":"status-publish","4":"has-post-thumbnail","6":"product_cat-string-of-pearls","7":"product_tag-for-ladies","8":"product_tag-jewel-setts","9":"product_tag-white-gold","10":"product_tag-with-pearls","11":"pa_kollekcio-exkluziv-ekszerek","12":"pa_marka-coscia","13":"pa_meret-420-cm-hosszu","14":"pa_otvozet-finomsaga-143","15":"pa_suly-318-gr","16":"pa_zarak-karabiner-zar","18":"first","19":"onrequest","20":"sold-individually","21":"taxable","22":"shipping-taxable","23":"product-type-simple"},"acf":[],"_links":{"self":[{"href":"https:\/\/gyemantekszer.com\/en\/wp-json\/wp\/v2\/product\/248386","targetHints":{"allow":["GET"]}}],"collection":[{"href":"https:\/\/gyemantekszer.com\/en\/wp-json\/wp\/v2\/product"}],"about":[{"href":"https:\/\/gyemantekszer.com\/en\/wp-json\/wp\/v2\/types\/product"}],"replies":[{"embeddable":true,"href":"https:\/\/gyemantekszer.com\/en\/wp-json\/wp\/v2\/comments?post=248386"}],"wp:featuredmedia":[{"embeddable":true,"href":"https:\/\/gyemantekszer.com\/en\/wp-json\/wp\/v2\/media\/239490"}],"wp:attachment":[{"href":"https:\/\/gyemantekszer.com\/en\/wp-json\/wp\/v2\/media?parent=248386"}],"wp:term":[{"taxonomy":"product_brand","embeddable":true,"href":"https:\/\/gyemantekszer.com\/en\/wp-json\/wp\/v2\/product_brand?post=248386"},{"taxonomy":"product_cat","embeddable":true,"href":"https:\/\/gyemantekszer.com\/en\/wp-json\/wp\/v2\/product_cat?post=248386"},{"taxonomy":"product_tag","embeddable":true,"href":"https:\/\/gyemantekszer.com\/en\/wp-json\/wp\/v2\/product_tag?post=248386"}],"curies":[{"name":"wp","href":"https:\/\/api.w.org\/{rel}","templated":true}]}}