{"id":248378,"date":"2022-01-08T09:55:38","date_gmt":"2022-01-08T08:55:38","guid":{"rendered":"https:\/\/gyemantekszer.com\/termek\/aliya-gyemant-fulbevalo\/"},"modified":"2025-09-29T12:53:55","modified_gmt":"2025-09-29T10:53:55","slug":"aliya-gyemant-fulbevalo","status":"publish","type":"product","link":"https:\/\/gyemantekszer.com\/en\/product\/aliya-gyemant-fulbevalo\/","title":{"rendered":"Aliya Gy\u00e9m\u00e0nt f\u00fclbeval\u00f3"},"content":{"rendered":"","protected":false},"excerpt":{"rendered":"<p><span data-sheets-value=\"{&quot;1&quot;:2,&quot;2&quot;:&quot;H\u00e9tk\u00f6znapra is viselhet\u0151, modern kialak\u00edt\u00e1s\u00fa s\u00e1rga aranyb\u00f3l k\u00e9sz\u00fclt gy\u00e9m\u00e1nt nyak\u00e9k, melyet a szikr\u00e1z\u00f3 feh\u00e9r gy\u00e9m\u00e1ntok, konyak gy\u00e9m\u00e1ntok \u00e9s fekete gy\u00e9m\u00e0ntok teszik k\u00fcl\u00f6nlegess\u00e9, elragad\u00f3v\u00e1.&quot;}\" data-sheets-userformat=\"{&quot;2&quot;:14851,&quot;3&quot;:{&quot;1&quot;:0},&quot;4&quot;:{&quot;1&quot;:2,&quot;2&quot;:16777215},&quot;12&quot;:0,&quot;14&quot;:{&quot;1&quot;:2,&quot;2&quot;:0},&quot;15&quot;:&quot;Calibri&quot;,&quot;16&quot;:11}\">H\u00e9tk\u00f6znapra is viselhet\u0151, modern kialak\u00edt\u00e1s\u00fa s\u00e1rga aranyb\u00f3l k\u00e9sz\u00fclt gy\u00e9m\u00e1nt f\u00fclbeval\u00f3, melyet a szikr\u00e1z\u00f3 feh\u00e9r gy\u00e9m\u00e1ntok, konyak gy\u00e9m\u00e1ntok \u00e9s fekete gy\u00e9m\u00e0ntok teszik k\u00fcl\u00f6nlegess\u00e9, elragad\u00f3v\u00e1.<\/span><\/p>\n","protected":false},"featured_media":239447,"comment_status":"open","ping_status":"open","template":"","meta":{"_acf_changed":false},"product_brand":[],"product_cat":[1918],"product_tag":[1311,133,138,1927,1310,1307],"class_list":{"0":"post-248378","1":"product","2":"type-product","3":"status-publish","4":"has-post-thumbnail","6":"product_cat-fulbevalo","7":"product_tag-fekete-gyemant","8":"product_tag-noi","9":"product_tag-ekszer-szett","10":"product_tag-konyak-gyemant","11":"product_tag-feher-gyemant","12":"product_tag-sarga-arany","13":"pa_kollekcio-exkluziv-ekszerek","14":"pa_marka-nardelli","15":"pa_meret-35-cm-hosszu","16":"pa_otvozet-finomsaga-143","17":"pa_suly-44-gr","18":"pa_zarak-beakasztos-hagyomanyos-patent-zar","20":"first","21":"onrequest","22":"sold-individually","23":"taxable","24":"shipping-taxable","25":"product-type-simple"},"acf":[],"_links":{"self":[{"href":"https:\/\/gyemantekszer.com\/en\/wp-json\/wp\/v2\/product\/248378","targetHints":{"allow":["GET"]}}],"collection":[{"href":"https:\/\/gyemantekszer.com\/en\/wp-json\/wp\/v2\/product"}],"about":[{"href":"https:\/\/gyemantekszer.com\/en\/wp-json\/wp\/v2\/types\/product"}],"replies":[{"embeddable":true,"href":"https:\/\/gyemantekszer.com\/en\/wp-json\/wp\/v2\/comments?post=248378"}],"wp:featuredmedia":[{"embeddable":true,"href":"https:\/\/gyemantekszer.com\/en\/wp-json\/wp\/v2\/media\/239447"}],"wp:attachment":[{"href":"https:\/\/gyemantekszer.com\/en\/wp-json\/wp\/v2\/media?parent=248378"}],"wp:term":[{"taxonomy":"product_brand","embeddable":true,"href":"https:\/\/gyemantekszer.com\/en\/wp-json\/wp\/v2\/product_brand?post=248378"},{"taxonomy":"product_cat","embeddable":true,"href":"https:\/\/gyemantekszer.com\/en\/wp-json\/wp\/v2\/product_cat?post=248378"},{"taxonomy":"product_tag","embeddable":true,"href":"https:\/\/gyemantekszer.com\/en\/wp-json\/wp\/v2\/product_tag?post=248378"}],"curies":[{"name":"wp","href":"https:\/\/api.w.org\/{rel}","templated":true}]}}