{"id":248361,"date":"2021-12-14T14:23:09","date_gmt":"2021-12-14T13:23:09","guid":{"rendered":"https:\/\/gyemantekszer.com\/termek\/seoul-flouver-due-gyemant-nyakek\/"},"modified":"2025-11-05T16:42:53","modified_gmt":"2025-11-05T15:42:53","slug":"seoul-flouver-due-gyemant-nyakek","status":"publish","type":"product","link":"https:\/\/gyemantekszer.com\/en\/termek\/seoul-flouver-due-gyemant-nyakek\/","title":{"rendered":"Seoul Flouver Due Gy\u00e9m\u00e1nt Nyak\u00e8k"},"content":{"rendered":"","protected":false},"excerpt":{"rendered":"<p>A ROYAL DIAMONDS \u00c9KSZERH\u00c1Z kiz\u00e1r\u00f3lagosan forgalmazza a nemzetk\u00f6zi TIRISI m\u00e1rk\u00e1t. Ez az exkluz\u00edv vil\u00e1g m\u00e1rka t\u00f6bb kateg\u00f3ri\u00e1ban el\u00e9rhet\u0151, melyekr\u0151l b\u00e1tran elmondhat\u00f3, hogy \u00f6tv\u00f6zik a st\u00edlus \u00e9s a divat vil\u00e1g\u00e1t. Ez a k\u00fcl\u00f6nleges sz\u00e9ps\u00e9g\u0171 gy\u0171r\u0171 a TIRISI JEWELRY kollekci\u00f3 darabja. A kollekci\u00f3ra jellemz\u0151, hogy teljesen 18 kar\u00e1tos aranyb\u00f3l k\u00e9sz\u0171l.<\/p>\n<p>A nyak\u00e9k 18 kar\u00e1tos feh\u00e9rarany, a csillog\u00f3 feh\u00e9r k\u00f6vek pedig term\u00e9szetesen gy\u00e9m\u00e1ntok. Tov\u00e1bbi szebbn\u00e9l szebb kieg\u00e9sz\u00edt\u0151kkel b\u0151v\u00edthet\u0151 ez a k\u00e1pr\u00e1zatos kollekci\u00f3, gondoljuk ak\u00e1r f\u00fclbeval\u00f3kra vagy gy\u0171r\u0171kre\u2026<\/p>\n","protected":false},"featured_media":229101,"comment_status":"open","ping_status":"closed","template":"","meta":{"_acf_changed":false},"product_brand":[],"product_cat":[1923],"product_tag":[138,1305,1310,133],"class_list":{"0":"post-248361","1":"product","2":"type-product","3":"status-publish","4":"has-post-thumbnail","6":"product_cat-nyakek","7":"product_tag-ekszer-szett","8":"product_tag-feher-arany","9":"product_tag-feher-gyemant","10":"product_tag-noi","11":"pa_kollekcio-exkluziv-ekszerek","12":"pa_marka-tirisi-jewelry","13":"pa_meret-90-cm-hosszu-2","14":"pa_otvozet-finomsaga-143","15":"pa_suly-186-gr","16":"pa_zarak-karabiner-zar","18":"first","19":"outofstock","20":"sold-individually","21":"taxable","22":"shipping-taxable","23":"product-type-simple"},"acf":[],"_links":{"self":[{"href":"https:\/\/gyemantekszer.com\/en\/wp-json\/wp\/v2\/product\/248361","targetHints":{"allow":["GET"]}}],"collection":[{"href":"https:\/\/gyemantekszer.com\/en\/wp-json\/wp\/v2\/product"}],"about":[{"href":"https:\/\/gyemantekszer.com\/en\/wp-json\/wp\/v2\/types\/product"}],"replies":[{"embeddable":true,"href":"https:\/\/gyemantekszer.com\/en\/wp-json\/wp\/v2\/comments?post=248361"}],"wp:featuredmedia":[{"embeddable":true,"href":"https:\/\/gyemantekszer.com\/en\/wp-json\/wp\/v2\/media\/229101"}],"wp:attachment":[{"href":"https:\/\/gyemantekszer.com\/en\/wp-json\/wp\/v2\/media?parent=248361"}],"wp:term":[{"taxonomy":"product_brand","embeddable":true,"href":"https:\/\/gyemantekszer.com\/en\/wp-json\/wp\/v2\/product_brand?post=248361"},{"taxonomy":"product_cat","embeddable":true,"href":"https:\/\/gyemantekszer.com\/en\/wp-json\/wp\/v2\/product_cat?post=248361"},{"taxonomy":"product_tag","embeddable":true,"href":"https:\/\/gyemantekszer.com\/en\/wp-json\/wp\/v2\/product_tag?post=248361"}],"curies":[{"name":"wp","href":"https:\/\/api.w.org\/{rel}","templated":true}]}}